{"id":23,"date":"2025-01-08T00:50:26","date_gmt":"2025-01-08T00:50:26","guid":{"rendered":"https:\/\/www.puncturetest.com\/?page_id=23"},"modified":"2025-07-03T15:40:44","modified_gmt":"2025-07-03T07:40:44","slug":"penetrability-test-for-rubber-stoppers","status":"publish","type":"page","link":"https:\/\/www.puncturetest.com\/cs\/penetrability-test-for-rubber-stoppers\/","title":{"rendered":"Zkou\u0161ka pr\u016fchodnosti pro pry\u017eov\u00e9 z\u00e1tky"},"content":{"rendered":"<div data-elementor-type=\"wp-page\" data-elementor-id=\"23\" class=\"elementor elementor-23\" data-elementor-post-type=\"page\">\n\t\t\t\t<div class=\"elementor-element elementor-element-f18fd1a e-con-full e-flex e-con e-parent\" data-id=\"f18fd1a\" data-element_type=\"container\">\n\t\t<div class=\"elementor-element elementor-element-9d2e595 e-con-full e-flex e-con e-child\" data-id=\"9d2e595\" data-element_type=\"container\">\n\t\t<div class=\"elementor-element elementor-element-562d936 e-con-full e-flex e-con e-child\" data-id=\"562d936\" data-element_type=\"container\">\n\t\t<div class=\"elementor-element elementor-element-d2c9de3 e-con-full e-flex e-con e-child\" data-id=\"d2c9de3\" data-element_type=\"container\">\n\t\t\t\t<div class=\"elementor-element elementor-element-7ed2e7f elementor-widget elementor-widget-heading\" data-id=\"7ed2e7f\" data-element_type=\"widget\" data-widget_type=\"heading.default\">\n\t\t\t\t<div class=\"elementor-widget-container\">\n\t\t\t\t\t<h1 class=\"elementor-heading-title elementor-size-default\">Zkou\u0161ka pr\u016fchodnosti pro pry\u017eov\u00e9 z\u00e1tky<\/h1>\t\t\t\t<\/div>\n\t\t\t\t<\/div>\n\t\t\t\t<div class=\"elementor-element elementor-element-3d561f2 elementor-widget__width-initial elementor-widget elementor-widget-text-editor\" data-id=\"3d561f2\" data-element_type=\"widget\" data-widget_type=\"text-editor.default\">\n\t\t\t\t<div class=\"elementor-widget-container\">\n\t\t\t\t\t\t\t\t\t<p>Na\u0161e <strong>Zkou\u0161ka pr\u016fchodnosti pro pry\u017eov\u00e9 z\u00e1tky<\/strong> zaji\u0161\u0165uje, \u017ee va\u0161e v\u00fdrobky spl\u0148uj\u00ed pr\u016fmyslov\u00e9 normy pro trvanlivost, kvalitu a bezpe\u010dnost. A\u0165 u\u017e p\u016fsob\u00edte ve farmaceutick\u00e9m pr\u016fmyslu, v\u00fdrob\u011b zdravotnick\u00fdch prost\u0159edk\u016f nebo v obalov\u00e9m pr\u016fmyslu, je pro integritu v\u00fdrobku z\u00e1sadn\u00ed zajistit, aby va\u0161e pry\u017eov\u00e9 z\u00e1tky odolaly penetra\u010dn\u00edm sil\u00e1m. Tato zkou\u0161ka je nezbytn\u00e1 pro spln\u011bn\u00ed po\u017eadavk\u016f <strong>USP 381<\/strong>, <strong>USP 382<\/strong>a <strong>ISO 8871-5<\/strong> normy.<\/p><p>Zkou\u0161ky pr\u016fchodnosti jsou kl\u00ed\u010dov\u00e9 pro zaji\u0161t\u011bn\u00ed spr\u00e1vn\u00e9ho fungov\u00e1n\u00ed pry\u017eov\u00fdch z\u00e1tek v obalov\u00fdch aplikac\u00edch, zejm\u00e9na ve zdravotnictv\u00ed a farmacii. Na\u0161e nejmodern\u011bj\u0161\u00ed za\u0159\u00edzen\u00ed poskytuje p\u0159esn\u00e9 a opakovateln\u00e9 v\u00fdsledky, tak\u017ee m\u016f\u017eete zajistit, aby va\u0161e pry\u017eov\u00e9 z\u00e1tky spl\u0148ovaly v\u0161echny po\u017eadovan\u00e9 specifikace.<\/p>\t\t\t\t\t\t\t\t<\/div>\n\t\t\t\t<\/div>\n\t\t\t\t<div class=\"elementor-element elementor-element-c6cac40 elementor-button-align-stretch elementor-widget elementor-widget-form\" data-id=\"c6cac40\" data-element_type=\"widget\" data-settings=\"{&quot;button_width&quot;:&quot;25&quot;,&quot;step_next_label&quot;:&quot;Next&quot;,&quot;step_previous_label&quot;:&quot;Previous&quot;,&quot;step_type&quot;:&quot;number_text&quot;,&quot;step_icon_shape&quot;:&quot;circle&quot;}\" data-widget_type=\"form.default\">\n\t\t\t\t<div class=\"elementor-widget-container\">\n\t\t\t\t\t\t\t<form class=\"elementor-form\" method=\"post\" name=\"New Form\" action=\"\">\n\t\t\t<input type=\"hidden\" name=\"post_id\" value=\"23\"\/>\n\t\t\t<input type=\"hidden\" name=\"form_id\" value=\"c6cac40\"\/>\n\t\t\t<input type=\"hidden\" name=\"referer_title\" value=\"Puncture Test\" \/>\n\n\t\t\t\n\t\t\t<div class=\"elementor-form-fields-wrapper elementor-labels-\">\n\t\t\t\t\t\t\t\t<div class=\"elementor-field-type-text elementor-field-group elementor-column elementor-field-group-name elementor-col-100 elementor-field-required\">\n\t\t\t\t\t\t\t\t\t\t\t\t<label for=\"form-field-name\" class=\"elementor-field-label elementor-screen-only\">\n\t\t\t\t\t\t\t\tN\u00e1zev\t\t\t\t\t\t\t<\/label>\n\t\t\t\t\t\t\t\t\t\t\t\t\t\t<input size=\"1\" type=\"text\" name=\"form_fields[name]\" id=\"form-field-name\" class=\"elementor-field elementor-size-sm  elementor-field-textual\" placeholder=\"N\u00e1zev\" required=\"required\" aria-required=\"true\">\n\t\t\t\t\t\t\t\t\t\t\t<\/div>\n\t\t\t\t\t\t\t\t<div class=\"elementor-field-type-text elementor-field-group elementor-column elementor-field-group-field_26b0101 elementor-col-100\">\n\t\t\t\t\t\t\t\t\t\t\t\t<label for=\"form-field-field_26b0101\" class=\"elementor-field-label elementor-screen-only\">\n\t\t\t\t\t\t\t\tSpole\u010dnost\t\t\t\t\t\t\t<\/label>\n\t\t\t\t\t\t\t\t\t\t\t\t\t\t<input size=\"1\" type=\"text\" name=\"form_fields[field_26b0101]\" id=\"form-field-field_26b0101\" class=\"elementor-field elementor-size-sm  elementor-field-textual\" placeholder=\"Spole\u010dnost\">\n\t\t\t\t\t\t\t\t\t\t\t<\/div>\n\t\t\t\t\t\t\t\t<div class=\"elementor-field-type-email elementor-field-group elementor-column elementor-field-group-email elementor-col-100 elementor-field-required\">\n\t\t\t\t\t\t\t\t\t\t\t\t<label for=\"form-field-email\" class=\"elementor-field-label elementor-screen-only\">\n\t\t\t\t\t\t\t\tE-mail\t\t\t\t\t\t\t<\/label>\n\t\t\t\t\t\t\t\t\t\t\t\t\t\t<input size=\"1\" type=\"email\" name=\"form_fields[email]\" id=\"form-field-email\" class=\"elementor-field elementor-size-sm  elementor-field-textual\" placeholder=\"E-mail\" required=\"required\" aria-required=\"true\">\n\t\t\t\t\t\t\t\t\t\t\t<\/div>\n\t\t\t\t\t\t\t\t<div class=\"elementor-field-type-textarea elementor-field-group elementor-column elementor-field-group-message elementor-col-100\">\n\t\t\t\t\t\t\t\t\t\t\t\t<label for=\"form-field-message\" class=\"elementor-field-label elementor-screen-only\">\n\t\t\t\t\t\t\t\tZpr\u00e1va\t\t\t\t\t\t\t<\/label>\n\t\t\t\t\t\t<textarea class=\"elementor-field-textual elementor-field  elementor-size-sm\" name=\"form_fields[message]\" id=\"form-field-message\" rows=\"4\" placeholder=\"Zpr\u00e1va\"><\/textarea>\t\t\t\t<\/div>\n\t\t\t\t\t\t\t\t<div class=\"elementor-field-type-recaptcha elementor-field-group elementor-column elementor-field-group-field_50f0fd6 elementor-col-100\">\n\t\t\t\t\t<div class=\"elementor-field\" id=\"form-field-field_50f0fd6\"><div class=\"elementor-g-recaptcha\" data-sitekey=\"6LcO3HUrAAAAAKhAi3KjswdM4-_7i5zKd1s5FO2N\" data-type=\"v2_checkbox\" data-theme=\"light\" data-size=\"normal\"><\/div><\/div>\t\t\t\t<\/div>\n\t\t\t\t\t\t\t\t<div class=\"elementor-field-group elementor-column elementor-field-type-submit elementor-col-25 e-form__buttons\">\n\t\t\t\t\t<button class=\"elementor-button elementor-size-sm\" type=\"submit\">\n\t\t\t\t\t\t<span class=\"elementor-button-content-wrapper\">\n\t\t\t\t\t\t\t\t\t\t\t\t\t\t\t\t\t\t\t\t\t\t<span class=\"elementor-button-text\">Odeslat<\/span>\n\t\t\t\t\t\t\t\t\t\t\t\t\t<\/span>\n\t\t\t\t\t<\/button>\n\t\t\t\t<\/div>\n\t\t\t<\/div>\n\t\t<input type=\"hidden\" name=\"trp-form-language\" value=\"cs\"\/><\/form>\n\t\t\t\t\t\t<\/div>\n\t\t\t\t<\/div>\n\t\t\t\t<\/div>\n\t\t\t\t<\/div>\n\t\t<div class=\"elementor-element elementor-element-26eab2a e-con-full e-flex e-con e-child\" data-id=\"26eab2a\" data-element_type=\"container\" data-settings=\"{&quot;background_background&quot;:&quot;classic&quot;}\">\n\t\t\t\t<\/div>\n\t\t\t\t<\/div>\n\t\t\t\t<\/div>\n\t\t<div class=\"elementor-element elementor-element-479d18a e-flex e-con-boxed e-con e-parent\" data-id=\"479d18a\" data-element_type=\"container\">\n\t\t\t\t\t<div class=\"e-con-inner\">\n\t\t\t\t<div class=\"elementor-element elementor-element-c2e3a1f elementor-widget elementor-widget-heading\" data-id=\"c2e3a1f\" data-element_type=\"widget\" data-widget_type=\"heading.default\">\n\t\t\t\t<div class=\"elementor-widget-container\">\n\t\t\t\t\t<h2 class=\"elementor-heading-title elementor-size-default\">Co je to zkou\u0161ka pr\u016fchodnosti?<\/h2>\t\t\t\t<\/div>\n\t\t\t\t<\/div>\n\t\t\t\t<div class=\"elementor-element elementor-element-48ad507 elementor-widget elementor-widget-text-editor\" data-id=\"48ad507\" data-element_type=\"widget\" data-widget_type=\"text-editor.default\">\n\t\t\t\t<div class=\"elementor-widget-container\">\n\t\t\t\t\t\t\t\t\t<p><strong>Zkou\u0161ka pr\u016fchodnosti<\/strong> m\u011b\u0159\u00ed odolnost pry\u017eov\u00fdch z\u00e1tek proti proniknut\u00ed jehly nebo jin\u00e9ho za\u0159\u00edzen\u00ed. Tato zkou\u0161ka je obzvl\u00e1\u0161t\u011b d\u016fle\u017eit\u00e1 pro zaji\u0161t\u011bn\u00ed toho, aby pry\u017eov\u00e9 z\u00e1tky nejen spr\u00e1vn\u011b t\u011bsnily, ale tak\u00e9 odol\u00e1valy v\u0161em sil\u00e1m p\u0159i pln\u011bn\u00ed nebo uzav\u00edr\u00e1n\u00ed ve farmaceutick\u00fdch a l\u00e9ka\u0159sk\u00fdch obalech. Spolehliv\u00fd tester pr\u016fchodnosti m\u011b\u0159\u00ed, jak snadno jehla nebo podobn\u00e9 za\u0159\u00edzen\u00ed pronikne z\u00e1tkou, co\u017e je z\u00e1sadn\u00ed pro zachov\u00e1n\u00ed bezpe\u010dnosti a funk\u010dnosti v\u00fdrobku.<\/p><p>V\u00fdrobc\u016fm tato zkou\u0161ka zaru\u010duje, \u017ee z\u00e1tky z\u016fstanou neporu\u0161en\u00e9 b\u011bhem skladov\u00e1n\u00ed, manipulace a pou\u017e\u00edv\u00e1n\u00ed. Je zvl\u00e1\u0161t\u011b d\u016fle\u017eit\u00e1 pro ty, kte\u0159\u00ed pracuj\u00ed v <strong>farmaceutick\u00e9 obaly<\/strong>, <strong>zdravotnick\u00e9 prost\u0159edky<\/strong>a v jak\u00fdchkoli aplikac\u00edch, kde jsou pry\u017eov\u00e9 z\u00e1tky sou\u010d\u00e1st\u00ed t\u011bsnic\u00edho syst\u00e9mu.<\/p>\t\t\t\t\t\t\t\t<\/div>\n\t\t\t\t<\/div>\n\t\t\t\t\t<\/div>\n\t\t\t\t<\/div>\n\t\t<div class=\"elementor-element elementor-element-12d57d9 e-flex e-con-boxed e-con e-parent\" data-id=\"12d57d9\" data-element_type=\"container\">\n\t\t\t\t\t<div class=\"e-con-inner\">\n\t\t\t\t<div class=\"elementor-element elementor-element-3c75198 elementor-widget elementor-widget-heading\" data-id=\"3c75198\" data-element_type=\"widget\" data-widget_type=\"heading.default\">\n\t\t\t\t<div class=\"elementor-widget-container\">\n\t\t\t\t\t<h2 class=\"elementor-heading-title elementor-size-default\">Zkou\u0161ka penetrability pro pry\u017eov\u00e9 z\u00e1tky - kl\u00ed\u010dov\u00e9 zku\u0161ebn\u00ed normy<\/h2>\t\t\t\t<\/div>\n\t\t\t\t<\/div>\n\t\t\t\t<div class=\"elementor-element elementor-element-c592e60 elementor-widget elementor-widget-text-editor\" data-id=\"c592e60\" data-element_type=\"widget\" data-widget_type=\"text-editor.default\">\n\t\t\t\t<div class=\"elementor-widget-container\">\n\t\t\t\t\t\t\t\t\t<ul><li><p>Dodr\u017eov\u00e1n\u00ed pr\u016fmyslov\u00fdch norem je nezbytn\u00e9 pro zaji\u0161t\u011bn\u00ed toho, aby va\u0161e pry\u017eov\u00e9 z\u00e1tky byly vhodn\u00e9 pro pou\u017eit\u00ed ve farmaceutick\u00fdch a l\u00e9ka\u0159sk\u00fdch obalech. Zaji\u0161\u0165ujeme plnou shodu s n\u00e1sleduj\u00edc\u00edmi kritick\u00fdmi normami:<\/p><ol><li><strong>USP 381<\/strong><br \/>Na str\u00e1nk\u00e1ch <strong>L\u00e9kopis Spojen\u00fdch st\u00e1t\u016f americk\u00fdch (USP) 381<\/strong> norma specifikuje fyzik\u00e1ln\u00ed vlastnosti a po\u017eadavky na proveden\u00ed pry\u017eov\u00fdch z\u00e1tek pou\u017e\u00edvan\u00fdch ve farmaceutick\u00e9m pr\u016fmyslu. Shoda s USP 381 zaji\u0161\u0165uje, \u017ee z\u00e1tka spl\u0148uje pot\u0159ebn\u00e9 funk\u010dn\u00ed a bezpe\u010dnostn\u00ed normy.<ul><li><strong><u>Dal\u0161\u00ed informace o USP 381<\/u><\/strong><\/li><\/ul><\/li><li><strong>USP 382<\/strong><br \/><strong>USP 382<\/strong> poskytuje pokyny pro pry\u017eov\u00e9 z\u00e1tky pou\u017e\u00edvan\u00e9 v obalech na injek\u010dn\u00ed l\u00e9\u010diva. Zab\u00fdv\u00e1 se po\u017eadavky na chemickou stabilitu, kompatibilitu a odolnost proti pronik\u00e1n\u00ed.<ul><li><strong><u>P\u0159e\u010dt\u011bte si v\u00edce o souladu s USP 382<\/u><\/strong><\/li><\/ul><\/li><li><strong>ISO 8871-5<\/strong><br \/>Na str\u00e1nk\u00e1ch <strong>ISO 8871-5<\/strong> norma specifikuje krit\u00e9ria pro zkou\u0161en\u00ed pry\u017eov\u00fdch z\u00e1tek pou\u017e\u00edvan\u00fdch ve zdravotnick\u00fdch prost\u0159edc\u00edch. Zam\u011b\u0159uje se na materi\u00e1ly, odolnost proti pronik\u00e1n\u00ed a v\u00fdkon p\u0159i p\u016fsoben\u00ed vn\u011bj\u0161\u00edch sil.<ul><li><strong><u>Prozkoumejte normy ISO 8871-5<\/u><\/strong><\/li><\/ul><\/li><\/ol><\/li><\/ul>\t\t\t\t\t\t\t\t<\/div>\n\t\t\t\t<\/div>\n\t\t\t\t\t<\/div>\n\t\t\t\t<\/div>\n\t\t<div class=\"elementor-element elementor-element-3b029b0 e-flex e-con-boxed e-con e-parent\" data-id=\"3b029b0\" data-element_type=\"container\">\n\t\t\t\t\t<div class=\"e-con-inner\">\n\t\t\t\t<div class=\"elementor-element elementor-element-09228fb elementor-widget elementor-widget-heading\" data-id=\"09228fb\" data-element_type=\"widget\" data-widget_type=\"heading.default\">\n\t\t\t\t<div class=\"elementor-widget-container\">\n\t\t\t\t\t<h2 class=\"elementor-heading-title elementor-size-default\">Za\u0159\u00edzen\u00ed pro testov\u00e1n\u00ed pr\u016fchodnosti jehel<\/h2>\t\t\t\t<\/div>\n\t\t\t\t<\/div>\n\t\t\t\t<div class=\"elementor-element elementor-element-56d2ff5 elementor-widget elementor-widget-text-editor\" data-id=\"56d2ff5\" data-element_type=\"widget\" data-widget_type=\"text-editor.default\">\n\t\t\t\t<div class=\"elementor-widget-container\">\n\t\t\t\t\t\t\t\t\t<p>Na\u0161e <strong>Tester pronikavosti<\/strong>\u00a0jsou navr\u017eeny tak, aby poskytovaly p\u0159esn\u00e9, konzistentn\u00ed a spolehliv\u00e9 v\u00fdsledky p\u0159i testov\u00e1n\u00ed pry\u017eov\u00fdch z\u00e1tek. A\u0165 u\u017e testujete pro spln\u011bn\u00ed po\u017eadavk\u016f p\u0159edpis\u016f, nebo zaji\u0161\u0165ujete kontrolu kvality ve v\u00fdrob\u011b, na\u0161e za\u0159\u00edzen\u00ed poskytuje pot\u0159ebnou p\u0159esnost pro efektivn\u00ed vyhodnocen\u00ed odolnosti proti pr\u016fniku.<\/p><p>Kl\u00ed\u010dov\u00e9 vlastnosti na\u0161\u00ed <strong>Testery pr\u016fchodnosti<\/strong>:<\/p><ul><li>P\u0159esnost a preciznost: Na\u0161e testery poskytuj\u00ed konzistentn\u00ed v\u00fdsledky, kter\u00e9 spl\u0148uj\u00ed nejvy\u0161\u0161\u00ed pr\u016fmyslov\u00e9 standardy.<\/li><li>Dodr\u017eov\u00e1n\u00ed pr\u016fmyslov\u00fdch norem: Pln\u011b v souladu s USP 381, USP 382 a ISO 8871-5.<\/li><li>U\u017eivatelsky p\u0159\u00edv\u011btiv\u00e9 rozhran\u00ed: Snadn\u00e9 ovl\u00e1d\u00e1n\u00ed s funkcemi automatick\u00e9ho hl\u00e1\u0161en\u00ed.<\/li><li>Spolehliv\u00fd v\u00fdkon: D\u016fv\u011bra profesion\u00e1l\u016f v oboru pro p\u0159esn\u00e9 a opakovateln\u00e9 v\u00fdsledky.<\/li><li>Komplexn\u00ed podpora: Nab\u00edz\u00edme kompletn\u00ed \u0159e\u0161en\u00ed od instalace po \u0161kolen\u00ed a pr\u016fb\u011b\u017enou podporu.<\/li><\/ul>\t\t\t\t\t\t\t\t<\/div>\n\t\t\t\t<\/div>\n\t\t\t\t\t<\/div>\n\t\t\t\t<\/div>\n\t\t<div class=\"elementor-element elementor-element-4be815d e-con-full e-flex e-con e-parent\" data-id=\"4be815d\" data-element_type=\"container\">\n\t\t\t\t<div class=\"elementor-element elementor-element-a575706 elementor-cta--skin-classic elementor-animated-content elementor-bg-transform elementor-bg-transform-zoom-in elementor-widget elementor-widget-call-to-action\" data-id=\"a575706\" data-element_type=\"widget\" data-widget_type=\"call-to-action.default\">\n\t\t\t\t<div class=\"elementor-widget-container\">\n\t\t\t\t\t\t\t<div class=\"elementor-cta\">\n\t\t\t\t\t<div class=\"elementor-cta__bg-wrapper\">\n\t\t\t\t<div class=\"elementor-cta__bg elementor-bg\" style=\"background-image: url(https:\/\/www.puncturetest.com\/wp-content\/uploads\/2025\/02\/Elastomeric-Closures-Penetrability-Test-1024x256.webp);\" role=\"img\" aria-label=\"Elastomerov\u00e9 uz\u00e1v\u011bry Zkou\u0161ka prody\u0161nosti\"><\/div>\n\t\t\t\t<div class=\"elementor-cta__bg-overlay\"><\/div>\n\t\t\t<\/div>\n\t\t\t\t\t\t\t<div class=\"elementor-cta__content\">\n\t\t\t\t\n\t\t\t\t\t\t\t\t\t<h2 class=\"elementor-cta__title elementor-cta__content-item elementor-content-item\">\n\t\t\t\t\t\tProzkoumejte n\u00e1\u0161 tester penetrability - kontaktujte n\u00e1s a dozv\u00edte se v\u00edce informac\u00ed\t\t\t\t\t<\/h2>\n\t\t\t\t\n\t\t\t\t\t\t\t\t\t<div class=\"elementor-cta__description elementor-cta__content-item elementor-content-item\">\n\t\t\t\t\t\tJste p\u0159ipraveni zajistit, aby va\u0161e gumov\u00e9 z\u00e1tky spl\u0148ovaly po\u017eadovan\u00e9 normy? Z\u00edskejte p\u0159\u00edstup k podrobn\u00fdm zpr\u00e1v\u00e1m o testov\u00e1n\u00ed, vy\u017e\u00e1dejte si cenovou nab\u00eddku nebo kontaktujte n\u00e1\u0161 t\u00fdm a z\u00edskejte dal\u0161\u00ed informace o na\u0161ich slu\u017eb\u00e1ch v oblasti testov\u00e1n\u00ed pr\u016fchodnosti.\t\t\t\t\t<\/div>\n\t\t\t\t\n\t\t\t\t\t\t\t\t\t<div class=\"elementor-cta__button-wrapper elementor-cta__content-item elementor-content-item\">\n\t\t\t\t\t<a class=\"elementor-cta__button elementor-button elementor-size-\" href=\"https:\/\/www.puncturetest.com\/cs\/contact\/\">\n\t\t\t\t\t\tKontaktujte n\u00e1s\t\t\t\t\t<\/a>\n\t\t\t\t\t<\/div>\n\t\t\t\t\t\t\t<\/div>\n\t\t\t\t\t\t<\/div>\n\t\t\t\t\t\t<\/div>\n\t\t\t\t<\/div>\n\t\t\t\t<\/div>\n\t\t\t\t<\/div>","protected":false},"excerpt":{"rendered":"<p>Penetrability Test for Rubber Stoppers Our Penetrability Test for Rubber Stoppers ensures your products meet industry standards for durability, quality, and safety. Whether you\u2019re in the pharmaceutical, medical device, or packaging industries, ensuring that your rubber stoppers can withstand penetration forces is critical for product integrity. This test is essential for compliance with USP 381, [&hellip;]<\/p>","protected":false},"author":1,"featured_media":0,"parent":0,"menu_order":0,"comment_status":"closed","ping_status":"closed","template":"elementor_header_footer","meta":{"footnotes":""},"class_list":["post-23","page","type-page","status-publish","hentry"],"yoast_head":"<!-- This site is optimized with the Yoast SEO plugin v25.0 - https:\/\/yoast.com\/wordpress\/plugins\/seo\/ -->\n<title>Penetrability Test for Rubber Stoppers - Puncture Test<\/title>\n<meta name=\"description\" content=\"Penetrability test for rubber stoppers to ensure the elastomeric closure quality. Compliant with USP 381, USP 382, and ISO 8871-5.\" \/>\n<meta name=\"robots\" content=\"index, follow, max-snippet:-1, max-image-preview:large, max-video-preview:-1\" \/>\n<link rel=\"canonical\" href=\"https:\/\/www.puncturetest.com\/cs\/penetrability-test-for-rubber-stoppers\/\" \/>\n<meta property=\"og:locale\" content=\"cs_CZ\" \/>\n<meta property=\"og:type\" content=\"article\" \/>\n<meta property=\"og:title\" content=\"Penetrability Test for Rubber Stoppers - Puncture Test\" \/>\n<meta property=\"og:description\" content=\"Penetrability test for rubber stoppers to ensure the elastomeric closure quality. Compliant with USP 381, USP 382, and ISO 8871-5.\" \/>\n<meta property=\"og:url\" content=\"https:\/\/www.puncturetest.com\/cs\/penetrability-test-for-rubber-stoppers\/\" \/>\n<meta property=\"og:site_name\" content=\"Puncture Test\" \/>\n<meta property=\"article:modified_time\" content=\"2025-07-03T07:40:44+00:00\" \/>\n<meta name=\"twitter:card\" content=\"summary_large_image\" \/>\n<meta name=\"twitter:label1\" content=\"Odhadovan\u00e1 doba \u010dten\u00ed\" \/>\n\t<meta name=\"twitter:data1\" content=\"3 minuty\" \/>\n<script type=\"application\/ld+json\" class=\"yoast-schema-graph\">{\"@context\":\"https:\/\/schema.org\",\"@graph\":[{\"@type\":\"WebPage\",\"@id\":\"https:\/\/www.puncturetest.com\/penetrability-test-for-rubber-stoppers\/\",\"url\":\"https:\/\/www.puncturetest.com\/penetrability-test-for-rubber-stoppers\/\",\"name\":\"Penetrability Test for Rubber Stoppers - Puncture Test\",\"isPartOf\":{\"@id\":\"https:\/\/www.puncturetest.com\/#website\"},\"datePublished\":\"2025-01-08T00:50:26+00:00\",\"dateModified\":\"2025-07-03T07:40:44+00:00\",\"description\":\"Penetrability test for rubber stoppers to ensure the elastomeric closure quality. Compliant with USP 381, USP 382, and ISO 8871-5.\",\"breadcrumb\":{\"@id\":\"https:\/\/www.puncturetest.com\/penetrability-test-for-rubber-stoppers\/#breadcrumb\"},\"inLanguage\":\"cs\",\"potentialAction\":[{\"@type\":\"ReadAction\",\"target\":[\"https:\/\/www.puncturetest.com\/penetrability-test-for-rubber-stoppers\/\"]}]},{\"@type\":\"BreadcrumbList\",\"@id\":\"https:\/\/www.puncturetest.com\/penetrability-test-for-rubber-stoppers\/#breadcrumb\",\"itemListElement\":[{\"@type\":\"ListItem\",\"position\":1,\"name\":\"Home\",\"item\":\"https:\/\/www.puncturetest.com\/\"},{\"@type\":\"ListItem\",\"position\":2,\"name\":\"Penetrability Test for Rubber Stoppers\"}]},{\"@type\":\"WebSite\",\"@id\":\"https:\/\/www.puncturetest.com\/#website\",\"url\":\"https:\/\/www.puncturetest.com\/\",\"name\":\"Softgel Test\",\"description\":\"Puncture and Penetrabiity Test Solutions\",\"publisher\":{\"@id\":\"https:\/\/www.puncturetest.com\/#organization\"},\"potentialAction\":[{\"@type\":\"SearchAction\",\"target\":{\"@type\":\"EntryPoint\",\"urlTemplate\":\"https:\/\/www.puncturetest.com\/?s={search_term_string}\"},\"query-input\":{\"@type\":\"PropertyValueSpecification\",\"valueRequired\":true,\"valueName\":\"search_term_string\"}}],\"inLanguage\":\"cs\"},{\"@type\":\"Organization\",\"@id\":\"https:\/\/www.puncturetest.com\/#organization\",\"name\":\"Softgel Test\",\"url\":\"https:\/\/www.puncturetest.com\/\",\"logo\":{\"@type\":\"ImageObject\",\"inLanguage\":\"cs\",\"@id\":\"https:\/\/www.puncturetest.com\/#\/schema\/logo\/image\/\",\"url\":\"https:\/\/www.puncturetest.com\/wp-content\/uploads\/2025\/01\/Softgel-Test-Logo.webp\",\"contentUrl\":\"https:\/\/www.puncturetest.com\/wp-content\/uploads\/2025\/01\/Softgel-Test-Logo.webp\",\"width\":836,\"height\":238,\"caption\":\"Softgel Test\"},\"image\":{\"@id\":\"https:\/\/www.puncturetest.com\/#\/schema\/logo\/image\/\"}}]}<\/script>\n<!-- \/ Yoast SEO plugin. -->","yoast_head_json":{"title":"Zkou\u0161ka pr\u016fchodnosti gumov\u00fdch z\u00e1tek - zkou\u0161ka pr\u016frazem","description":"Zkou\u0161ka pr\u016fchodnosti pry\u017eov\u00fdch z\u00e1tek pro zaji\u0161t\u011bn\u00ed kvality elastomerov\u00e9ho uz\u00e1v\u011bru. V souladu s USP 381, USP 382 a ISO 8871-5.","robots":{"index":"index","follow":"follow","max-snippet":"max-snippet:-1","max-image-preview":"max-image-preview:large","max-video-preview":"max-video-preview:-1"},"canonical":"https:\/\/www.puncturetest.com\/cs\/penetrability-test-for-rubber-stoppers\/","og_locale":"cs_CZ","og_type":"article","og_title":"Penetrability Test for Rubber Stoppers - Puncture Test","og_description":"Penetrability test for rubber stoppers to ensure the elastomeric closure quality. Compliant with USP 381, USP 382, and ISO 8871-5.","og_url":"https:\/\/www.puncturetest.com\/cs\/penetrability-test-for-rubber-stoppers\/","og_site_name":"Puncture Test","article_modified_time":"2025-07-03T07:40:44+00:00","twitter_card":"summary_large_image","twitter_misc":{"Odhadovan\u00e1 doba \u010dten\u00ed":"3 minuty"},"schema":{"@context":"https:\/\/schema.org","@graph":[{"@type":"WebPage","@id":"https:\/\/www.puncturetest.com\/penetrability-test-for-rubber-stoppers\/","url":"https:\/\/www.puncturetest.com\/penetrability-test-for-rubber-stoppers\/","name":"Zkou\u0161ka pr\u016fchodnosti gumov\u00fdch z\u00e1tek - zkou\u0161ka pr\u016frazem","isPartOf":{"@id":"https:\/\/www.puncturetest.com\/#website"},"datePublished":"2025-01-08T00:50:26+00:00","dateModified":"2025-07-03T07:40:44+00:00","description":"Zkou\u0161ka pr\u016fchodnosti pry\u017eov\u00fdch z\u00e1tek pro zaji\u0161t\u011bn\u00ed kvality elastomerov\u00e9ho uz\u00e1v\u011bru. V souladu s USP 381, USP 382 a ISO 8871-5.","breadcrumb":{"@id":"https:\/\/www.puncturetest.com\/penetrability-test-for-rubber-stoppers\/#breadcrumb"},"inLanguage":"cs","potentialAction":[{"@type":"ReadAction","target":["https:\/\/www.puncturetest.com\/penetrability-test-for-rubber-stoppers\/"]}]},{"@type":"BreadcrumbList","@id":"https:\/\/www.puncturetest.com\/penetrability-test-for-rubber-stoppers\/#breadcrumb","itemListElement":[{"@type":"ListItem","position":1,"name":"Home","item":"https:\/\/www.puncturetest.com\/"},{"@type":"ListItem","position":2,"name":"Penetrability Test for Rubber Stoppers"}]},{"@type":"WebSite","@id":"https:\/\/www.puncturetest.com\/#website","url":"https:\/\/www.puncturetest.com\/","name":"Softgelov\u00fd test","description":"\u0158e\u0161en\u00ed test\u016f pr\u016fraznosti a penetrace","publisher":{"@id":"https:\/\/www.puncturetest.com\/#organization"},"potentialAction":[{"@type":"SearchAction","target":{"@type":"EntryPoint","urlTemplate":"https:\/\/www.puncturetest.com\/?s={search_term_string}"},"query-input":{"@type":"PropertyValueSpecification","valueRequired":true,"valueName":"search_term_string"}}],"inLanguage":"cs"},{"@type":"Organization","@id":"https:\/\/www.puncturetest.com\/#organization","name":"Softgelov\u00fd test","url":"https:\/\/www.puncturetest.com\/","logo":{"@type":"ImageObject","inLanguage":"cs","@id":"https:\/\/www.puncturetest.com\/#\/schema\/logo\/image\/","url":"https:\/\/www.puncturetest.com\/wp-content\/uploads\/2025\/01\/Softgel-Test-Logo.webp","contentUrl":"https:\/\/www.puncturetest.com\/wp-content\/uploads\/2025\/01\/Softgel-Test-Logo.webp","width":836,"height":238,"caption":"Softgel Test"},"image":{"@id":"https:\/\/www.puncturetest.com\/#\/schema\/logo\/image\/"}}]}},"_links":{"self":[{"href":"https:\/\/www.puncturetest.com\/cs\/wp-json\/wp\/v2\/pages\/23","targetHints":{"allow":["GET"]}}],"collection":[{"href":"https:\/\/www.puncturetest.com\/cs\/wp-json\/wp\/v2\/pages"}],"about":[{"href":"https:\/\/www.puncturetest.com\/cs\/wp-json\/wp\/v2\/types\/page"}],"author":[{"embeddable":true,"href":"https:\/\/www.puncturetest.com\/cs\/wp-json\/wp\/v2\/users\/1"}],"replies":[{"embeddable":true,"href":"https:\/\/www.puncturetest.com\/cs\/wp-json\/wp\/v2\/comments?post=23"}],"version-history":[{"count":5,"href":"https:\/\/www.puncturetest.com\/cs\/wp-json\/wp\/v2\/pages\/23\/revisions"}],"predecessor-version":[{"id":1265,"href":"https:\/\/www.puncturetest.com\/cs\/wp-json\/wp\/v2\/pages\/23\/revisions\/1265"}],"wp:attachment":[{"href":"https:\/\/www.puncturetest.com\/cs\/wp-json\/wp\/v2\/media?parent=23"}],"curies":[{"name":"wp","href":"https:\/\/api.w.org\/{rel}","templated":true}]}}