{"id":23,"date":"2025-01-08T00:50:26","date_gmt":"2025-01-08T00:50:26","guid":{"rendered":"https:\/\/www.puncturetest.com\/?page_id=23"},"modified":"2025-07-03T15:40:44","modified_gmt":"2025-07-03T07:40:44","slug":"penetrability-test-for-rubber-stoppers","status":"publish","type":"page","link":"https:\/\/www.puncturetest.com\/hu\/penetrability-test-for-rubber-stoppers\/","title":{"rendered":"Gumi dug\u00f3k \u00e1tereszt\u0151 k\u00e9pess\u00e9g\u00e9nek vizsg\u00e1lata"},"content":{"rendered":"<div data-elementor-type=\"wp-page\" data-elementor-id=\"23\" class=\"elementor elementor-23\" data-elementor-post-type=\"page\">\n\t\t\t\t<div class=\"elementor-element elementor-element-f18fd1a e-con-full e-flex e-con e-parent\" data-id=\"f18fd1a\" data-element_type=\"container\">\n\t\t<div class=\"elementor-element elementor-element-9d2e595 e-con-full e-flex e-con e-child\" data-id=\"9d2e595\" data-element_type=\"container\">\n\t\t<div class=\"elementor-element elementor-element-562d936 e-con-full e-flex e-con e-child\" data-id=\"562d936\" data-element_type=\"container\">\n\t\t<div class=\"elementor-element elementor-element-d2c9de3 e-con-full e-flex e-con e-child\" data-id=\"d2c9de3\" data-element_type=\"container\">\n\t\t\t\t<div class=\"elementor-element elementor-element-7ed2e7f elementor-widget elementor-widget-heading\" data-id=\"7ed2e7f\" data-element_type=\"widget\" data-widget_type=\"heading.default\">\n\t\t\t\t<div class=\"elementor-widget-container\">\n\t\t\t\t\t<h1 class=\"elementor-heading-title elementor-size-default\">Gumi dug\u00f3k \u00e1tereszt\u0151 k\u00e9pess\u00e9g\u00e9nek vizsg\u00e1lata<\/h1>\t\t\t\t<\/div>\n\t\t\t\t<\/div>\n\t\t\t\t<div class=\"elementor-element elementor-element-3d561f2 elementor-widget__width-initial elementor-widget elementor-widget-text-editor\" data-id=\"3d561f2\" data-element_type=\"widget\" data-widget_type=\"text-editor.default\">\n\t\t\t\t<div class=\"elementor-widget-container\">\n\t\t\t\t\t\t\t\t\t<p>A <strong>Gumi dug\u00f3k \u00e1tereszt\u0151 k\u00e9pess\u00e9g\u00e9nek vizsg\u00e1lata<\/strong> biztos\u00edtja, hogy term\u00e9kei megfeleljenek a tart\u00f3ss\u00e1gra, min\u0151s\u00e9gre \u00e9s biztons\u00e1gra vonatkoz\u00f3 ipari szabv\u00e1nyoknak. Ak\u00e1r a gy\u00f3gyszeriparban, ak\u00e1r az orvostechnikai eszk\u00f6z\u00f6k vagy a csomagol\u00f3iparban dolgozik, a term\u00e9k integrit\u00e1sa szempontj\u00e1b\u00f3l kritikus fontoss\u00e1g\u00fa annak biztos\u00edt\u00e1sa, hogy gumidug\u00f3i ellen\u00e1lljanak a behatol\u00e1si er\u0151knek. Ez a vizsg\u00e1lat elengedhetetlen a k\u00f6vetkez\u0151knek val\u00f3 megfelel\u00e9shez <strong>USP 381<\/strong>, <strong>USP 382<\/strong>, \u00e9s <strong>ISO 8871-5<\/strong> szabv\u00e1nyok.<\/p><p>Az \u00e1tereszt\u0151k\u00e9pess\u00e9g vizsg\u00e1lata kulcsfontoss\u00e1g\u00fa annak biztos\u00edt\u00e1s\u00e1hoz, hogy a gumidug\u00f3k megfelel\u0151en m\u0171k\u00f6djenek a csomagol\u00e1si alkalmaz\u00e1sokban, k\u00fcl\u00f6n\u00f6sen az orvosi \u00e9s gy\u00f3gyszeripari \u00e1gazatokban. Korszer\u0171 berendez\u00e9seink pontos, megism\u00e9telhet\u0151 eredm\u00e9nyeket biztos\u00edtanak, \u00edgy biztos\u00edthatja, hogy gumit\u00f6ml\u0151i megfelelnek az \u00f6sszes el\u0151\u00edrt specifik\u00e1ci\u00f3nak.<\/p>\t\t\t\t\t\t\t\t<\/div>\n\t\t\t\t<\/div>\n\t\t\t\t<div class=\"elementor-element elementor-element-c6cac40 elementor-button-align-stretch elementor-widget elementor-widget-form\" data-id=\"c6cac40\" data-element_type=\"widget\" data-settings=\"{&quot;button_width&quot;:&quot;25&quot;,&quot;step_next_label&quot;:&quot;Next&quot;,&quot;step_previous_label&quot;:&quot;Previous&quot;,&quot;step_type&quot;:&quot;number_text&quot;,&quot;step_icon_shape&quot;:&quot;circle&quot;}\" data-widget_type=\"form.default\">\n\t\t\t\t<div class=\"elementor-widget-container\">\n\t\t\t\t\t\t\t<form class=\"elementor-form\" method=\"post\" name=\"New Form\" action=\"\">\n\t\t\t<input type=\"hidden\" name=\"post_id\" value=\"23\"\/>\n\t\t\t<input type=\"hidden\" name=\"form_id\" value=\"c6cac40\"\/>\n\t\t\t<input type=\"hidden\" name=\"referer_title\" value=\"Puncture Test\" \/>\n\n\t\t\t\n\t\t\t<div class=\"elementor-form-fields-wrapper elementor-labels-\">\n\t\t\t\t\t\t\t\t<div class=\"elementor-field-type-text elementor-field-group elementor-column elementor-field-group-name elementor-col-100 elementor-field-required\">\n\t\t\t\t\t\t\t\t\t\t\t\t<label for=\"form-field-name\" class=\"elementor-field-label elementor-screen-only\">\n\t\t\t\t\t\t\t\tN\u00e9v\t\t\t\t\t\t\t<\/label>\n\t\t\t\t\t\t\t\t\t\t\t\t\t\t<input size=\"1\" type=\"text\" name=\"form_fields[name]\" id=\"form-field-name\" class=\"elementor-field elementor-size-sm  elementor-field-textual\" placeholder=\"N\u00e9v\" required=\"required\" aria-required=\"true\">\n\t\t\t\t\t\t\t\t\t\t\t<\/div>\n\t\t\t\t\t\t\t\t<div class=\"elementor-field-type-text elementor-field-group elementor-column elementor-field-group-field_26b0101 elementor-col-100\">\n\t\t\t\t\t\t\t\t\t\t\t\t<label for=\"form-field-field_26b0101\" class=\"elementor-field-label elementor-screen-only\">\n\t\t\t\t\t\t\t\tC\u00e9g\t\t\t\t\t\t\t<\/label>\n\t\t\t\t\t\t\t\t\t\t\t\t\t\t<input size=\"1\" type=\"text\" name=\"form_fields[field_26b0101]\" id=\"form-field-field_26b0101\" class=\"elementor-field elementor-size-sm  elementor-field-textual\" placeholder=\"C\u00e9g\">\n\t\t\t\t\t\t\t\t\t\t\t<\/div>\n\t\t\t\t\t\t\t\t<div class=\"elementor-field-type-email elementor-field-group elementor-column elementor-field-group-email elementor-col-100 elementor-field-required\">\n\t\t\t\t\t\t\t\t\t\t\t\t<label for=\"form-field-email\" class=\"elementor-field-label elementor-screen-only\">\n\t\t\t\t\t\t\t\tE-mail\t\t\t\t\t\t\t<\/label>\n\t\t\t\t\t\t\t\t\t\t\t\t\t\t<input size=\"1\" type=\"email\" name=\"form_fields[email]\" id=\"form-field-email\" class=\"elementor-field elementor-size-sm  elementor-field-textual\" placeholder=\"E-mail\" required=\"required\" aria-required=\"true\">\n\t\t\t\t\t\t\t\t\t\t\t<\/div>\n\t\t\t\t\t\t\t\t<div class=\"elementor-field-type-textarea elementor-field-group elementor-column elementor-field-group-message elementor-col-100\">\n\t\t\t\t\t\t\t\t\t\t\t\t<label for=\"form-field-message\" class=\"elementor-field-label elementor-screen-only\">\n\t\t\t\t\t\t\t\t\u00dczenet\t\t\t\t\t\t\t<\/label>\n\t\t\t\t\t\t<textarea class=\"elementor-field-textual elementor-field  elementor-size-sm\" name=\"form_fields[message]\" id=\"form-field-message\" rows=\"4\" placeholder=\"\u00dczenet\"><\/textarea>\t\t\t\t<\/div>\n\t\t\t\t\t\t\t\t<div class=\"elementor-field-type-recaptcha elementor-field-group elementor-column elementor-field-group-field_50f0fd6 elementor-col-100\">\n\t\t\t\t\t<div class=\"elementor-field\" id=\"form-field-field_50f0fd6\"><div class=\"elementor-g-recaptcha\" data-sitekey=\"6LcO3HUrAAAAAKhAi3KjswdM4-_7i5zKd1s5FO2N\" data-type=\"v2_checkbox\" data-theme=\"light\" data-size=\"normal\"><\/div><\/div>\t\t\t\t<\/div>\n\t\t\t\t\t\t\t\t<div class=\"elementor-field-group elementor-column elementor-field-type-submit elementor-col-25 e-form__buttons\">\n\t\t\t\t\t<button class=\"elementor-button elementor-size-sm\" type=\"submit\">\n\t\t\t\t\t\t<span class=\"elementor-button-content-wrapper\">\n\t\t\t\t\t\t\t\t\t\t\t\t\t\t\t\t\t\t\t\t\t\t<span class=\"elementor-button-text\">K\u00fcldje el a<\/span>\n\t\t\t\t\t\t\t\t\t\t\t\t\t<\/span>\n\t\t\t\t\t<\/button>\n\t\t\t\t<\/div>\n\t\t\t<\/div>\n\t\t<input type=\"hidden\" name=\"trp-form-language\" value=\"hu\"\/><\/form>\n\t\t\t\t\t\t<\/div>\n\t\t\t\t<\/div>\n\t\t\t\t<\/div>\n\t\t\t\t<\/div>\n\t\t<div class=\"elementor-element elementor-element-26eab2a e-con-full e-flex e-con e-child\" data-id=\"26eab2a\" data-element_type=\"container\" data-settings=\"{&quot;background_background&quot;:&quot;classic&quot;}\">\n\t\t\t\t<\/div>\n\t\t\t\t<\/div>\n\t\t\t\t<\/div>\n\t\t<div class=\"elementor-element elementor-element-479d18a e-flex e-con-boxed e-con e-parent\" data-id=\"479d18a\" data-element_type=\"container\">\n\t\t\t\t\t<div class=\"e-con-inner\">\n\t\t\t\t<div class=\"elementor-element elementor-element-c2e3a1f elementor-widget elementor-widget-heading\" data-id=\"c2e3a1f\" data-element_type=\"widget\" data-widget_type=\"heading.default\">\n\t\t\t\t<div class=\"elementor-widget-container\">\n\t\t\t\t\t<h2 class=\"elementor-heading-title elementor-size-default\">Mi az a penetr\u00e1ci\u00f3s teszt?<\/h2>\t\t\t\t<\/div>\n\t\t\t\t<\/div>\n\t\t\t\t<div class=\"elementor-element elementor-element-48ad507 elementor-widget elementor-widget-text-editor\" data-id=\"48ad507\" data-element_type=\"widget\" data-widget_type=\"text-editor.default\">\n\t\t\t\t<div class=\"elementor-widget-container\">\n\t\t\t\t\t\t\t\t\t<p><strong>\u00c1tereszt\u0151 k\u00e9pess\u00e9gi vizsg\u00e1lat<\/strong> a gumidug\u00f3k t\u0171vel vagy m\u00e1s eszk\u00f6zzel val\u00f3 behatol\u00e1ssal szembeni ellen\u00e1ll\u00e1s\u00e1t m\u00e9ri. Ez a vizsg\u00e1lat k\u00fcl\u00f6n\u00f6sen fontos annak biztos\u00edt\u00e1s\u00e1hoz, hogy a gumidug\u00f3k ne csak megfelel\u0151 t\u00f6m\u00edt\u00e9st biztos\u00edtsanak, hanem a gy\u00f3gyszeripari \u00e9s orvosi csomagol\u00e1si alkalmaz\u00e1sokban a t\u00f6lt\u00e9si vagy lez\u00e1r\u00e1si folyamatok sor\u00e1n fell\u00e9p\u0151 er\u0151knek is ellen\u00e1lljanak. Egy megb\u00edzhat\u00f3 \u00e1tereszt\u0151k\u00e9pess\u00e9g-vizsg\u00e1l\u00f3 k\u00e9sz\u00fcl\u00e9k azt m\u00e9ri, hogy egy t\u0171 vagy hasonl\u00f3 eszk\u00f6z milyen k\u00f6nnyen hatol \u00e1t a dug\u00f3n, ami l\u00e9tfontoss\u00e1g\u00fa a term\u00e9k biztons\u00e1g\u00e1nak \u00e9s funkcionalit\u00e1s\u00e1nak fenntart\u00e1s\u00e1hoz.<\/p><p>A gy\u00e1rt\u00f3k sz\u00e1m\u00e1ra ez a vizsg\u00e1lat biztos\u00edtja, hogy a dug\u00f3k s\u00e9rtetlenek maradnak a t\u00e1rol\u00e1s, kezel\u00e9s \u00e9s haszn\u00e1lat sor\u00e1n. K\u00fcl\u00f6n\u00f6sen fontos azok sz\u00e1m\u00e1ra, akik a k\u00f6vetkez\u0151 ter\u00fcleteken dolgoznak <strong>gy\u00f3gyszeripari csomagol\u00e1s<\/strong>, <strong>orvostechnikai eszk\u00f6z\u00f6k<\/strong>, \u00e9s minden olyan alkalmaz\u00e1s, ahol a gumidug\u00f3k a t\u00f6m\u00edt\u0151 rendszer r\u00e9sz\u00e9t k\u00e9pezik.<\/p>\t\t\t\t\t\t\t\t<\/div>\n\t\t\t\t<\/div>\n\t\t\t\t\t<\/div>\n\t\t\t\t<\/div>\n\t\t<div class=\"elementor-element elementor-element-12d57d9 e-flex e-con-boxed e-con e-parent\" data-id=\"12d57d9\" data-element_type=\"container\">\n\t\t\t\t\t<div class=\"e-con-inner\">\n\t\t\t\t<div class=\"elementor-element elementor-element-3c75198 elementor-widget elementor-widget-heading\" data-id=\"3c75198\" data-element_type=\"widget\" data-widget_type=\"heading.default\">\n\t\t\t\t<div class=\"elementor-widget-container\">\n\t\t\t\t\t<h2 class=\"elementor-heading-title elementor-size-default\">Gumi dug\u00f3 \u00e1tereszt\u0151 k\u00e9pess\u00e9g\u00e9nek vizsg\u00e1lata - legfontosabb vizsg\u00e1lati szabv\u00e1nyok<\/h2>\t\t\t\t<\/div>\n\t\t\t\t<\/div>\n\t\t\t\t<div class=\"elementor-element elementor-element-c592e60 elementor-widget elementor-widget-text-editor\" data-id=\"c592e60\" data-element_type=\"widget\" data-widget_type=\"text-editor.default\">\n\t\t\t\t<div class=\"elementor-widget-container\">\n\t\t\t\t\t\t\t\t\t<ul><li><p>Az ipari szabv\u00e1nyok betart\u00e1sa elengedhetetlen annak biztos\u00edt\u00e1s\u00e1hoz, hogy az \u00d6n gumidug\u00f3i alkalmasak legyenek a gy\u00f3gyszeripari \u00e9s orvosi csomagol\u00e1sokban val\u00f3 haszn\u00e1latra. Mi biztos\u00edtjuk a k\u00f6vetkez\u0151 kritikus szabv\u00e1nyoknak val\u00f3 teljes k\u00f6r\u0171 megfelel\u00e9st:<\/p><ol><li><strong>USP 381<\/strong><br \/>A <strong>Amerikai Gy\u00f3gyszerk\u00f6nyv (USP) 381<\/strong> A szabv\u00e1ny meghat\u00e1rozza a gy\u00f3gyszeripari alkalmaz\u00e1sokban haszn\u00e1lt gumidug\u00f3k fizikai jellemz\u0151it \u00e9s teljes\u00edtm\u00e9nyk\u00f6vetelm\u00e9nyeit. Az USP 381 szabv\u00e1nynak val\u00f3 megfelel\u00e9s biztos\u00edtja, hogy a dug\u00f3 megfeleljen a sz\u00fcks\u00e9ges funkcionalit\u00e1si \u00e9s biztons\u00e1gi el\u0151\u00edr\u00e1soknak.<ul><li><strong><u>Tov\u00e1bbi inform\u00e1ci\u00f3k az USP 381-r\u0151l<\/u><\/strong><\/li><\/ul><\/li><li><strong>USP 382<\/strong><br \/><strong>USP 382<\/strong> az injekci\u00f3s gy\u00f3gyszerek csomagol\u00e1s\u00e1ban haszn\u00e1lt gumidug\u00f3kra vonatkoz\u00f3 ir\u00e1nymutat\u00e1sokat tartalmaz. Kit\u00e9r a k\u00e9miai stabilit\u00e1s, az \u00f6sszef\u00e9rhet\u0151s\u00e9g \u00e9s a penetr\u00e1ci\u00f3val szembeni ellen\u00e1ll\u00e1s k\u00f6vetelm\u00e9nyeire.<ul><li><strong><u>Tov\u00e1bbi inform\u00e1ci\u00f3 az USP 382 megfelel\u0151s\u00e9gr\u0151l<\/u><\/strong><\/li><\/ul><\/li><li><strong>ISO 8871-5<\/strong><br \/>A <strong>ISO 8871-5<\/strong> A szabv\u00e1ny meghat\u00e1rozza az orvostechnikai eszk\u00f6z\u00f6kben haszn\u00e1lt gumidug\u00f3k vizsg\u00e1lati krit\u00e9riumait. A szabv\u00e1ny az anyagokra, a behatol\u00e1ssal szembeni ellen\u00e1ll\u00e1sra \u00e9s a k\u00fcls\u0151 er\u0151k hat\u00e1s\u00e1nak kitett teljes\u00edtm\u00e9nyre \u00f6sszpontos\u00edt.<ul><li><strong><u>Fedezze fel az ISO 8871-5 szabv\u00e1nyokat<\/u><\/strong><\/li><\/ul><\/li><\/ol><\/li><\/ul>\t\t\t\t\t\t\t\t<\/div>\n\t\t\t\t<\/div>\n\t\t\t\t\t<\/div>\n\t\t\t\t<\/div>\n\t\t<div class=\"elementor-element elementor-element-3b029b0 e-flex e-con-boxed e-con e-parent\" data-id=\"3b029b0\" data-element_type=\"container\">\n\t\t\t\t\t<div class=\"e-con-inner\">\n\t\t\t\t<div class=\"elementor-element elementor-element-09228fb elementor-widget elementor-widget-heading\" data-id=\"09228fb\" data-element_type=\"widget\" data-widget_type=\"heading.default\">\n\t\t\t\t<div class=\"elementor-widget-container\">\n\t\t\t\t\t<h2 class=\"elementor-heading-title elementor-size-default\">T\u0171 \u00e1thatolhat\u00f3s\u00e1gi vizsg\u00e1lati berendez\u00e9s<\/h2>\t\t\t\t<\/div>\n\t\t\t\t<\/div>\n\t\t\t\t<div class=\"elementor-element elementor-element-56d2ff5 elementor-widget elementor-widget-text-editor\" data-id=\"56d2ff5\" data-element_type=\"widget\" data-widget_type=\"text-editor.default\">\n\t\t\t\t<div class=\"elementor-widget-container\">\n\t\t\t\t\t\t\t\t\t<p>A <strong>\u00c1tereszt\u0151 k\u00e9pess\u00e9g tesztel\u0151<\/strong>\u00a0\u00fagy tervezt\u00e9k, hogy pontos, k\u00f6vetkezetes \u00e9s megb\u00edzhat\u00f3 eredm\u00e9nyeket adjanak a gumidug\u00f3k vizsg\u00e1lat\u00e1hoz. Ak\u00e1r a jogszab\u00e1lyi megfelel\u00e9s \u00e9rdek\u00e9ben v\u00e9gez vizsg\u00e1latokat, ak\u00e1r a gy\u00e1rt\u00e1s min\u0151s\u00e9gellen\u0151rz\u00e9s\u00e9nek biztos\u00edt\u00e1sa \u00e9rdek\u00e9ben, berendez\u00e9seink biztos\u00edtj\u00e1k a sz\u00fcks\u00e9ges pontoss\u00e1got a penetr\u00e1ci\u00f3s ellen\u00e1ll\u00e1s hat\u00e9kony \u00e9rt\u00e9kel\u00e9s\u00e9hez.<\/p><p>F\u0151 jellemz\u0151i a mi <strong>\u00c1tereszt\u0151k\u00e9pess\u00e9g-vizsg\u00e1l\u00f3k<\/strong>:<\/p><ul><li>Precizit\u00e1s \u00e9s pontoss\u00e1g: A tesztel\u0151ink k\u00f6vetkezetes eredm\u00e9nyeket biztos\u00edtanak, amelyek megfelelnek a legmagasabb ipari szabv\u00e1nyoknak.<\/li><li>Az ipari szabv\u00e1nyoknak val\u00f3 megfelel\u00e9s: USP 381, USP 382 \u00e9s ISO 8871-5 szabv\u00e1nyoknak.<\/li><li>Felhaszn\u00e1l\u00f3bar\u00e1t fel\u00fclet: K\u00f6nnyen kezelhet\u0151, automatiz\u00e1lt jelent\u00e9si funkci\u00f3kkal.<\/li><li>Megb\u00edzhat\u00f3 teljes\u00edtm\u00e9ny: Az ipar\u00e1gi szakemberek megb\u00edznak a pontos \u00e9s megism\u00e9telhet\u0151 eredm\u00e9nyekben.<\/li><li>\u00c1tfog\u00f3 t\u00e1mogat\u00e1s: A telep\u00edt\u00e9st\u0151l a k\u00e9pz\u00e9sen \u00e1t a folyamatos t\u00e1mogat\u00e1sig teljes k\u00f6r\u0171 megold\u00e1st k\u00edn\u00e1lunk.<\/li><\/ul>\t\t\t\t\t\t\t\t<\/div>\n\t\t\t\t<\/div>\n\t\t\t\t\t<\/div>\n\t\t\t\t<\/div>\n\t\t<div class=\"elementor-element elementor-element-4be815d e-con-full e-flex e-con e-parent\" data-id=\"4be815d\" data-element_type=\"container\">\n\t\t\t\t<div class=\"elementor-element elementor-element-a575706 elementor-cta--skin-classic elementor-animated-content elementor-bg-transform elementor-bg-transform-zoom-in elementor-widget elementor-widget-call-to-action\" data-id=\"a575706\" data-element_type=\"widget\" data-widget_type=\"call-to-action.default\">\n\t\t\t\t<div class=\"elementor-widget-container\">\n\t\t\t\t\t\t\t<div class=\"elementor-cta\">\n\t\t\t\t\t<div class=\"elementor-cta__bg-wrapper\">\n\t\t\t\t<div class=\"elementor-cta__bg elementor-bg\" style=\"background-image: url(https:\/\/www.puncturetest.com\/wp-content\/uploads\/2025\/02\/Elastomeric-Closures-Penetrability-Test-1024x256.webp);\" role=\"img\" aria-label=\"Elasztomer z\u00e1r\u00f3elemek \u00c1tereszt\u0151 k\u00e9pess\u00e9g vizsg\u00e1lata\"><\/div>\n\t\t\t\t<div class=\"elementor-cta__bg-overlay\"><\/div>\n\t\t\t<\/div>\n\t\t\t\t\t\t\t<div class=\"elementor-cta__content\">\n\t\t\t\t\n\t\t\t\t\t\t\t\t\t<h2 class=\"elementor-cta__title elementor-cta__content-item elementor-content-item\">\n\t\t\t\t\t\tFedezze fel az \u00e1thatolhat\u00f3s\u00e1gi tesztel\u0151nket - l\u00e9pjen kapcsolatba vel\u00fcnk, hogy t\u00f6bbet megtudjon\t\t\t\t\t<\/h2>\n\t\t\t\t\n\t\t\t\t\t\t\t\t\t<div class=\"elementor-cta__description elementor-cta__content-item elementor-content-item\">\n\t\t\t\t\t\tK\u00e9szen \u00e1ll arra, hogy gumidug\u00f3i megfeleljenek az el\u0151\u00edrt szabv\u00e1nyoknak? Tekintse meg a r\u00e9szletes vizsg\u00e1lati jelent\u00e9seket, k\u00e9rjen \u00e1raj\u00e1nlatot, vagy l\u00e9pjen kapcsolatba csapatunkkal, ha tov\u00e1bbi inform\u00e1ci\u00f3kat szeretne kapni az \u00e1thatolhat\u00f3s\u00e1gi tesztekkel kapcsolatos szolg\u00e1ltat\u00e1sainkr\u00f3l.\t\t\t\t\t<\/div>\n\t\t\t\t\n\t\t\t\t\t\t\t\t\t<div class=\"elementor-cta__button-wrapper elementor-cta__content-item elementor-content-item\">\n\t\t\t\t\t<a class=\"elementor-cta__button elementor-button elementor-size-\" href=\"https:\/\/www.puncturetest.com\/hu\/contact\/\">\n\t\t\t\t\t\tKapcsolatfelv\u00e9tel\t\t\t\t\t<\/a>\n\t\t\t\t\t<\/div>\n\t\t\t\t\t\t\t<\/div>\n\t\t\t\t\t\t<\/div>\n\t\t\t\t\t\t<\/div>\n\t\t\t\t<\/div>\n\t\t\t\t<\/div>\n\t\t\t\t<\/div>","protected":false},"excerpt":{"rendered":"<p>Penetrability Test for Rubber Stoppers Our Penetrability Test for Rubber Stoppers ensures your products meet industry standards for durability, quality, and safety. Whether you\u2019re in the pharmaceutical, medical device, or packaging industries, ensuring that your rubber stoppers can withstand penetration forces is critical for product integrity. This test is essential for compliance with USP 381, [&hellip;]<\/p>","protected":false},"author":1,"featured_media":0,"parent":0,"menu_order":0,"comment_status":"closed","ping_status":"closed","template":"elementor_header_footer","meta":{"footnotes":""},"class_list":["post-23","page","type-page","status-publish","hentry"],"yoast_head":"<!-- This site is optimized with the Yoast SEO plugin v25.0 - https:\/\/yoast.com\/wordpress\/plugins\/seo\/ -->\n<title>Penetrability Test for Rubber Stoppers - Puncture Test<\/title>\n<meta name=\"description\" content=\"Penetrability test for rubber stoppers to ensure the elastomeric closure quality. Compliant with USP 381, USP 382, and ISO 8871-5.\" \/>\n<meta name=\"robots\" content=\"index, follow, max-snippet:-1, max-image-preview:large, max-video-preview:-1\" \/>\n<link rel=\"canonical\" href=\"https:\/\/www.puncturetest.com\/hu\/penetrability-test-for-rubber-stoppers\/\" \/>\n<meta property=\"og:locale\" content=\"hu_HU\" \/>\n<meta property=\"og:type\" content=\"article\" \/>\n<meta property=\"og:title\" content=\"Penetrability Test for Rubber Stoppers - Puncture Test\" \/>\n<meta property=\"og:description\" content=\"Penetrability test for rubber stoppers to ensure the elastomeric closure quality. Compliant with USP 381, USP 382, and ISO 8871-5.\" \/>\n<meta property=\"og:url\" content=\"https:\/\/www.puncturetest.com\/hu\/penetrability-test-for-rubber-stoppers\/\" \/>\n<meta property=\"og:site_name\" content=\"Puncture Test\" \/>\n<meta property=\"article:modified_time\" content=\"2025-07-03T07:40:44+00:00\" \/>\n<meta name=\"twitter:card\" content=\"summary_large_image\" \/>\n<meta name=\"twitter:label1\" content=\"Becs\u00fclt olvas\u00e1si id\u0151\" \/>\n\t<meta name=\"twitter:data1\" content=\"3 perc\" \/>\n<script type=\"application\/ld+json\" class=\"yoast-schema-graph\">{\"@context\":\"https:\/\/schema.org\",\"@graph\":[{\"@type\":\"WebPage\",\"@id\":\"https:\/\/www.puncturetest.com\/penetrability-test-for-rubber-stoppers\/\",\"url\":\"https:\/\/www.puncturetest.com\/penetrability-test-for-rubber-stoppers\/\",\"name\":\"Penetrability Test for Rubber Stoppers - Puncture Test\",\"isPartOf\":{\"@id\":\"https:\/\/www.puncturetest.com\/#website\"},\"datePublished\":\"2025-01-08T00:50:26+00:00\",\"dateModified\":\"2025-07-03T07:40:44+00:00\",\"description\":\"Penetrability test for rubber stoppers to ensure the elastomeric closure quality. Compliant with USP 381, USP 382, and ISO 8871-5.\",\"breadcrumb\":{\"@id\":\"https:\/\/www.puncturetest.com\/penetrability-test-for-rubber-stoppers\/#breadcrumb\"},\"inLanguage\":\"hu\",\"potentialAction\":[{\"@type\":\"ReadAction\",\"target\":[\"https:\/\/www.puncturetest.com\/penetrability-test-for-rubber-stoppers\/\"]}]},{\"@type\":\"BreadcrumbList\",\"@id\":\"https:\/\/www.puncturetest.com\/penetrability-test-for-rubber-stoppers\/#breadcrumb\",\"itemListElement\":[{\"@type\":\"ListItem\",\"position\":1,\"name\":\"Home\",\"item\":\"https:\/\/www.puncturetest.com\/\"},{\"@type\":\"ListItem\",\"position\":2,\"name\":\"Penetrability Test for Rubber Stoppers\"}]},{\"@type\":\"WebSite\",\"@id\":\"https:\/\/www.puncturetest.com\/#website\",\"url\":\"https:\/\/www.puncturetest.com\/\",\"name\":\"Softgel Test\",\"description\":\"Puncture and Penetrabiity Test Solutions\",\"publisher\":{\"@id\":\"https:\/\/www.puncturetest.com\/#organization\"},\"potentialAction\":[{\"@type\":\"SearchAction\",\"target\":{\"@type\":\"EntryPoint\",\"urlTemplate\":\"https:\/\/www.puncturetest.com\/?s={search_term_string}\"},\"query-input\":{\"@type\":\"PropertyValueSpecification\",\"valueRequired\":true,\"valueName\":\"search_term_string\"}}],\"inLanguage\":\"hu\"},{\"@type\":\"Organization\",\"@id\":\"https:\/\/www.puncturetest.com\/#organization\",\"name\":\"Softgel Test\",\"url\":\"https:\/\/www.puncturetest.com\/\",\"logo\":{\"@type\":\"ImageObject\",\"inLanguage\":\"hu\",\"@id\":\"https:\/\/www.puncturetest.com\/#\/schema\/logo\/image\/\",\"url\":\"https:\/\/www.puncturetest.com\/wp-content\/uploads\/2025\/01\/Softgel-Test-Logo.webp\",\"contentUrl\":\"https:\/\/www.puncturetest.com\/wp-content\/uploads\/2025\/01\/Softgel-Test-Logo.webp\",\"width\":836,\"height\":238,\"caption\":\"Softgel Test\"},\"image\":{\"@id\":\"https:\/\/www.puncturetest.com\/#\/schema\/logo\/image\/\"}}]}<\/script>\n<!-- \/ Yoast SEO plugin. -->","yoast_head_json":{"title":"Gumi dug\u00f3k \u00e1tereszt\u0151 k\u00e9pess\u00e9g\u00e9nek vizsg\u00e1lata - Sz\u00far\u00e1svizsg\u00e1lat","description":"Gumidug\u00f3k \u00e1tereszt\u0151 k\u00e9pess\u00e9g\u00e9nek vizsg\u00e1lata az elasztomer z\u00e1r\u00f3elemek min\u0151s\u00e9g\u00e9nek biztos\u00edt\u00e1sa \u00e9rdek\u00e9ben. Megfelel az USP 381, USP 382 \u00e9s ISO 8871-5 szabv\u00e1nyoknak.","robots":{"index":"index","follow":"follow","max-snippet":"max-snippet:-1","max-image-preview":"max-image-preview:large","max-video-preview":"max-video-preview:-1"},"canonical":"https:\/\/www.puncturetest.com\/hu\/penetrability-test-for-rubber-stoppers\/","og_locale":"hu_HU","og_type":"article","og_title":"Penetrability Test for Rubber Stoppers - Puncture Test","og_description":"Penetrability test for rubber stoppers to ensure the elastomeric closure quality. Compliant with USP 381, USP 382, and ISO 8871-5.","og_url":"https:\/\/www.puncturetest.com\/hu\/penetrability-test-for-rubber-stoppers\/","og_site_name":"Puncture Test","article_modified_time":"2025-07-03T07:40:44+00:00","twitter_card":"summary_large_image","twitter_misc":{"Becs\u00fclt olvas\u00e1si id\u0151":"3 perc"},"schema":{"@context":"https:\/\/schema.org","@graph":[{"@type":"WebPage","@id":"https:\/\/www.puncturetest.com\/penetrability-test-for-rubber-stoppers\/","url":"https:\/\/www.puncturetest.com\/penetrability-test-for-rubber-stoppers\/","name":"Gumi dug\u00f3k \u00e1tereszt\u0151 k\u00e9pess\u00e9g\u00e9nek vizsg\u00e1lata - Sz\u00far\u00e1svizsg\u00e1lat","isPartOf":{"@id":"https:\/\/www.puncturetest.com\/#website"},"datePublished":"2025-01-08T00:50:26+00:00","dateModified":"2025-07-03T07:40:44+00:00","description":"Gumidug\u00f3k \u00e1tereszt\u0151 k\u00e9pess\u00e9g\u00e9nek vizsg\u00e1lata az elasztomer z\u00e1r\u00f3elemek min\u0151s\u00e9g\u00e9nek biztos\u00edt\u00e1sa \u00e9rdek\u00e9ben. Megfelel az USP 381, USP 382 \u00e9s ISO 8871-5 szabv\u00e1nyoknak.","breadcrumb":{"@id":"https:\/\/www.puncturetest.com\/penetrability-test-for-rubber-stoppers\/#breadcrumb"},"inLanguage":"hu","potentialAction":[{"@type":"ReadAction","target":["https:\/\/www.puncturetest.com\/penetrability-test-for-rubber-stoppers\/"]}]},{"@type":"BreadcrumbList","@id":"https:\/\/www.puncturetest.com\/penetrability-test-for-rubber-stoppers\/#breadcrumb","itemListElement":[{"@type":"ListItem","position":1,"name":"Home","item":"https:\/\/www.puncturetest.com\/"},{"@type":"ListItem","position":2,"name":"Penetrability Test for Rubber Stoppers"}]},{"@type":"WebSite","@id":"https:\/\/www.puncturetest.com\/#website","url":"https:\/\/www.puncturetest.com\/","name":"Softgel teszt","description":"Sz\u00far\u00e1si \u00e9s \u00e1thatol\u00e1si teszt megold\u00e1sok","publisher":{"@id":"https:\/\/www.puncturetest.com\/#organization"},"potentialAction":[{"@type":"SearchAction","target":{"@type":"EntryPoint","urlTemplate":"https:\/\/www.puncturetest.com\/?s={search_term_string}"},"query-input":{"@type":"PropertyValueSpecification","valueRequired":true,"valueName":"search_term_string"}}],"inLanguage":"hu"},{"@type":"Organization","@id":"https:\/\/www.puncturetest.com\/#organization","name":"Softgel teszt","url":"https:\/\/www.puncturetest.com\/","logo":{"@type":"ImageObject","inLanguage":"hu","@id":"https:\/\/www.puncturetest.com\/#\/schema\/logo\/image\/","url":"https:\/\/www.puncturetest.com\/wp-content\/uploads\/2025\/01\/Softgel-Test-Logo.webp","contentUrl":"https:\/\/www.puncturetest.com\/wp-content\/uploads\/2025\/01\/Softgel-Test-Logo.webp","width":836,"height":238,"caption":"Softgel Test"},"image":{"@id":"https:\/\/www.puncturetest.com\/#\/schema\/logo\/image\/"}}]}},"_links":{"self":[{"href":"https:\/\/www.puncturetest.com\/hu\/wp-json\/wp\/v2\/pages\/23","targetHints":{"allow":["GET"]}}],"collection":[{"href":"https:\/\/www.puncturetest.com\/hu\/wp-json\/wp\/v2\/pages"}],"about":[{"href":"https:\/\/www.puncturetest.com\/hu\/wp-json\/wp\/v2\/types\/page"}],"author":[{"embeddable":true,"href":"https:\/\/www.puncturetest.com\/hu\/wp-json\/wp\/v2\/users\/1"}],"replies":[{"embeddable":true,"href":"https:\/\/www.puncturetest.com\/hu\/wp-json\/wp\/v2\/comments?post=23"}],"version-history":[{"count":5,"href":"https:\/\/www.puncturetest.com\/hu\/wp-json\/wp\/v2\/pages\/23\/revisions"}],"predecessor-version":[{"id":1265,"href":"https:\/\/www.puncturetest.com\/hu\/wp-json\/wp\/v2\/pages\/23\/revisions\/1265"}],"wp:attachment":[{"href":"https:\/\/www.puncturetest.com\/hu\/wp-json\/wp\/v2\/media?parent=23"}],"curies":[{"name":"wp","href":"https:\/\/api.w.org\/{rel}","templated":true}]}}