{"id":23,"date":"2025-01-08T00:50:26","date_gmt":"2025-01-08T00:50:26","guid":{"rendered":"https:\/\/www.puncturetest.com\/?page_id=23"},"modified":"2025-07-03T15:40:44","modified_gmt":"2025-07-03T07:40:44","slug":"penetrability-test-for-rubber-stoppers","status":"publish","type":"page","link":"https:\/\/www.puncturetest.com\/pl\/penetrability-test-for-rubber-stoppers\/","title":{"rendered":"Test przenikalno\u015bci dla gumowych kork\u00f3w"},"content":{"rendered":"<div data-elementor-type=\"wp-page\" data-elementor-id=\"23\" class=\"elementor elementor-23\" data-elementor-post-type=\"page\">\n\t\t\t\t<div class=\"elementor-element elementor-element-f18fd1a e-con-full e-flex e-con e-parent\" data-id=\"f18fd1a\" data-element_type=\"container\">\n\t\t<div class=\"elementor-element elementor-element-9d2e595 e-con-full e-flex e-con e-child\" data-id=\"9d2e595\" data-element_type=\"container\">\n\t\t<div class=\"elementor-element elementor-element-562d936 e-con-full e-flex e-con e-child\" data-id=\"562d936\" data-element_type=\"container\">\n\t\t<div class=\"elementor-element elementor-element-d2c9de3 e-con-full e-flex e-con e-child\" data-id=\"d2c9de3\" data-element_type=\"container\">\n\t\t\t\t<div class=\"elementor-element elementor-element-7ed2e7f elementor-widget elementor-widget-heading\" data-id=\"7ed2e7f\" data-element_type=\"widget\" data-widget_type=\"heading.default\">\n\t\t\t\t<div class=\"elementor-widget-container\">\n\t\t\t\t\t<h1 class=\"elementor-heading-title elementor-size-default\">Test przenikalno\u015bci dla gumowych kork\u00f3w<\/h1>\t\t\t\t<\/div>\n\t\t\t\t<\/div>\n\t\t\t\t<div class=\"elementor-element elementor-element-3d561f2 elementor-widget__width-initial elementor-widget elementor-widget-text-editor\" data-id=\"3d561f2\" data-element_type=\"widget\" data-widget_type=\"text-editor.default\">\n\t\t\t\t<div class=\"elementor-widget-container\">\n\t\t\t\t\t\t\t\t\t<p>Nasz <strong>Test przenikalno\u015bci dla gumowych kork\u00f3w<\/strong> zapewnia, \u017ce produkty spe\u0142niaj\u0105 standardy bran\u017cowe w zakresie trwa\u0142o\u015bci, jako\u015bci i bezpiecze\u0144stwa. Niezale\u017cnie od tego, czy dzia\u0142asz w bran\u017cy farmaceutycznej, urz\u0105dze\u0144 medycznych czy opakowa\u0144, zapewnienie, \u017ce gumowe korki s\u0105 w stanie wytrzyma\u0107 si\u0142y penetracji, ma kluczowe znaczenie dla integralno\u015bci produktu. Test ten jest niezb\u0119dny do zapewnienia zgodno\u015bci z <strong>USP 381<\/strong>, <strong>USP 382<\/strong>oraz <strong>ISO 8871-5<\/strong> standardy.<\/p><p>Testowanie przenikalno\u015bci ma kluczowe znaczenie dla zapewnienia prawid\u0142owego dzia\u0142ania gumowych kork\u00f3w w zastosowaniach opakowaniowych, zw\u0142aszcza w sektorze medycznym i farmaceutycznym. Nasz najnowocze\u015bniejszy sprz\u0119t zapewnia dok\u0142adne, powtarzalne wyniki, dzi\u0119ki czemu mo\u017cna upewni\u0107 si\u0119, \u017ce gumowe korki spe\u0142niaj\u0105 wszystkie wymagane specyfikacje.<\/p>\t\t\t\t\t\t\t\t<\/div>\n\t\t\t\t<\/div>\n\t\t\t\t<div class=\"elementor-element elementor-element-c6cac40 elementor-button-align-stretch elementor-widget elementor-widget-form\" data-id=\"c6cac40\" data-element_type=\"widget\" data-settings=\"{&quot;button_width&quot;:&quot;25&quot;,&quot;step_next_label&quot;:&quot;Next&quot;,&quot;step_previous_label&quot;:&quot;Previous&quot;,&quot;step_type&quot;:&quot;number_text&quot;,&quot;step_icon_shape&quot;:&quot;circle&quot;}\" data-widget_type=\"form.default\">\n\t\t\t\t<div class=\"elementor-widget-container\">\n\t\t\t\t\t\t\t<form class=\"elementor-form\" method=\"post\" name=\"New Form\" action=\"\">\n\t\t\t<input type=\"hidden\" name=\"post_id\" value=\"23\"\/>\n\t\t\t<input type=\"hidden\" name=\"form_id\" value=\"c6cac40\"\/>\n\t\t\t<input type=\"hidden\" name=\"referer_title\" value=\"Puncture Test\" \/>\n\n\t\t\t\n\t\t\t<div class=\"elementor-form-fields-wrapper elementor-labels-\">\n\t\t\t\t\t\t\t\t<div class=\"elementor-field-type-text elementor-field-group elementor-column elementor-field-group-name elementor-col-100 elementor-field-required\">\n\t\t\t\t\t\t\t\t\t\t\t\t<label for=\"form-field-name\" class=\"elementor-field-label elementor-screen-only\">\n\t\t\t\t\t\t\t\tNazwa\t\t\t\t\t\t\t<\/label>\n\t\t\t\t\t\t\t\t\t\t\t\t\t\t<input size=\"1\" type=\"text\" name=\"form_fields[name]\" id=\"form-field-name\" class=\"elementor-field elementor-size-sm  elementor-field-textual\" placeholder=\"Nazwa\" required=\"required\" aria-required=\"true\">\n\t\t\t\t\t\t\t\t\t\t\t<\/div>\n\t\t\t\t\t\t\t\t<div class=\"elementor-field-type-text elementor-field-group elementor-column elementor-field-group-field_26b0101 elementor-col-100\">\n\t\t\t\t\t\t\t\t\t\t\t\t<label for=\"form-field-field_26b0101\" class=\"elementor-field-label elementor-screen-only\">\n\t\t\t\t\t\t\t\tFirma\t\t\t\t\t\t\t<\/label>\n\t\t\t\t\t\t\t\t\t\t\t\t\t\t<input size=\"1\" type=\"text\" name=\"form_fields[field_26b0101]\" id=\"form-field-field_26b0101\" class=\"elementor-field elementor-size-sm  elementor-field-textual\" placeholder=\"Firma\">\n\t\t\t\t\t\t\t\t\t\t\t<\/div>\n\t\t\t\t\t\t\t\t<div class=\"elementor-field-type-email elementor-field-group elementor-column elementor-field-group-email elementor-col-100 elementor-field-required\">\n\t\t\t\t\t\t\t\t\t\t\t\t<label for=\"form-field-email\" class=\"elementor-field-label elementor-screen-only\">\n\t\t\t\t\t\t\t\tE-mail\t\t\t\t\t\t\t<\/label>\n\t\t\t\t\t\t\t\t\t\t\t\t\t\t<input size=\"1\" type=\"email\" name=\"form_fields[email]\" id=\"form-field-email\" class=\"elementor-field elementor-size-sm  elementor-field-textual\" placeholder=\"E-mail\" required=\"required\" aria-required=\"true\">\n\t\t\t\t\t\t\t\t\t\t\t<\/div>\n\t\t\t\t\t\t\t\t<div class=\"elementor-field-type-textarea elementor-field-group elementor-column elementor-field-group-message elementor-col-100\">\n\t\t\t\t\t\t\t\t\t\t\t\t<label for=\"form-field-message\" class=\"elementor-field-label elementor-screen-only\">\n\t\t\t\t\t\t\t\tWiadomo\u015b\u0107\t\t\t\t\t\t\t<\/label>\n\t\t\t\t\t\t<textarea class=\"elementor-field-textual elementor-field  elementor-size-sm\" name=\"form_fields[message]\" id=\"form-field-message\" rows=\"4\" placeholder=\"Wiadomo\u015b\u0107\"><\/textarea>\t\t\t\t<\/div>\n\t\t\t\t\t\t\t\t<div class=\"elementor-field-type-recaptcha elementor-field-group elementor-column elementor-field-group-field_50f0fd6 elementor-col-100\">\n\t\t\t\t\t<div class=\"elementor-field\" id=\"form-field-field_50f0fd6\"><div class=\"elementor-g-recaptcha\" data-sitekey=\"6LcO3HUrAAAAAKhAi3KjswdM4-_7i5zKd1s5FO2N\" data-type=\"v2_checkbox\" data-theme=\"light\" data-size=\"normal\"><\/div><\/div>\t\t\t\t<\/div>\n\t\t\t\t\t\t\t\t<div class=\"elementor-field-group elementor-column elementor-field-type-submit elementor-col-25 e-form__buttons\">\n\t\t\t\t\t<button class=\"elementor-button elementor-size-sm\" type=\"submit\">\n\t\t\t\t\t\t<span class=\"elementor-button-content-wrapper\">\n\t\t\t\t\t\t\t\t\t\t\t\t\t\t\t\t\t\t\t\t\t\t<span class=\"elementor-button-text\">Wy\u015blij<\/span>\n\t\t\t\t\t\t\t\t\t\t\t\t\t<\/span>\n\t\t\t\t\t<\/button>\n\t\t\t\t<\/div>\n\t\t\t<\/div>\n\t\t<input type=\"hidden\" name=\"trp-form-language\" value=\"pl\"\/><\/form>\n\t\t\t\t\t\t<\/div>\n\t\t\t\t<\/div>\n\t\t\t\t<\/div>\n\t\t\t\t<\/div>\n\t\t<div class=\"elementor-element elementor-element-26eab2a e-con-full e-flex e-con e-child\" data-id=\"26eab2a\" data-element_type=\"container\" data-settings=\"{&quot;background_background&quot;:&quot;classic&quot;}\">\n\t\t\t\t<\/div>\n\t\t\t\t<\/div>\n\t\t\t\t<\/div>\n\t\t<div class=\"elementor-element elementor-element-479d18a e-flex e-con-boxed e-con e-parent\" data-id=\"479d18a\" data-element_type=\"container\">\n\t\t\t\t\t<div class=\"e-con-inner\">\n\t\t\t\t<div class=\"elementor-element elementor-element-c2e3a1f elementor-widget elementor-widget-heading\" data-id=\"c2e3a1f\" data-element_type=\"widget\" data-widget_type=\"heading.default\">\n\t\t\t\t<div class=\"elementor-widget-container\">\n\t\t\t\t\t<h2 class=\"elementor-heading-title elementor-size-default\">Co to jest test przenikalno\u015bci?<\/h2>\t\t\t\t<\/div>\n\t\t\t\t<\/div>\n\t\t\t\t<div class=\"elementor-element elementor-element-48ad507 elementor-widget elementor-widget-text-editor\" data-id=\"48ad507\" data-element_type=\"widget\" data-widget_type=\"text-editor.default\">\n\t\t\t\t<div class=\"elementor-widget-container\">\n\t\t\t\t\t\t\t\t\t<p><strong>Test przenikalno\u015bci<\/strong> mierzy odporno\u015b\u0107 gumowych kork\u00f3w na penetracj\u0119 przez ig\u0142\u0119 lub inne urz\u0105dzenie. Test ten jest szczeg\u00f3lnie wa\u017cny dla zapewnienia, \u017ce gumowe korki nie tylko zapewni\u0105 prawid\u0142owe uszczelnienie, ale tak\u017ce wytrzymaj\u0105 wszelkie si\u0142y podczas proces\u00f3w nape\u0142niania lub uszczelniania w zastosowaniach farmaceutycznych i opakowaniach medycznych. Niezawodny tester przenikalno\u015bci mierzy, jak \u0142atwo ig\u0142a lub podobne urz\u0105dzenie przenika przez korek, co ma kluczowe znaczenie dla zachowania bezpiecze\u0144stwa i funkcjonalno\u015bci produktu.<\/p><p>Dla producent\u00f3w test ten gwarantuje, \u017ce korki pozostan\u0105 nienaruszone podczas przechowywania, obs\u0142ugi i u\u017cytkowania. Jest to szczeg\u00f3lnie istotne dla os\u00f3b pracuj\u0105cych w <strong>opakowania farmaceutyczne<\/strong>, <strong>urz\u0105dzenia medyczne<\/strong>oraz we wszystkich zastosowaniach, w kt\u00f3rych gumowe korki s\u0105 cz\u0119\u015bci\u0105 systemu uszczelniaj\u0105cego.<\/p>\t\t\t\t\t\t\t\t<\/div>\n\t\t\t\t<\/div>\n\t\t\t\t\t<\/div>\n\t\t\t\t<\/div>\n\t\t<div class=\"elementor-element elementor-element-12d57d9 e-flex e-con-boxed e-con e-parent\" data-id=\"12d57d9\" data-element_type=\"container\">\n\t\t\t\t\t<div class=\"e-con-inner\">\n\t\t\t\t<div class=\"elementor-element elementor-element-3c75198 elementor-widget elementor-widget-heading\" data-id=\"3c75198\" data-element_type=\"widget\" data-widget_type=\"heading.default\">\n\t\t\t\t<div class=\"elementor-widget-container\">\n\t\t\t\t\t<h2 class=\"elementor-heading-title elementor-size-default\">Test przenikalno\u015bci gumowego korka - kluczowe standardy testowania<\/h2>\t\t\t\t<\/div>\n\t\t\t\t<\/div>\n\t\t\t\t<div class=\"elementor-element elementor-element-c592e60 elementor-widget elementor-widget-text-editor\" data-id=\"c592e60\" data-element_type=\"widget\" data-widget_type=\"text-editor.default\">\n\t\t\t\t<div class=\"elementor-widget-container\">\n\t\t\t\t\t\t\t\t\t<ul><li><p>Przestrzeganie norm bran\u017cowych ma zasadnicze znaczenie dla zapewnienia, \u017ce gumowe korki nadaj\u0105 si\u0119 do stosowania w opakowaniach farmaceutycznych i medycznych. Zapewniamy pe\u0142n\u0105 zgodno\u015b\u0107 z nast\u0119puj\u0105cymi krytycznymi normami:<\/p><ol><li><strong>USP 381<\/strong><br \/>The <strong>Farmakopea Stan\u00f3w Zjednoczonych (USP) 381<\/strong> okre\u015bla w\u0142a\u015bciwo\u015bci fizyczne i wymagania dotycz\u0105ce wydajno\u015bci gumowych kork\u00f3w u\u017cywanych w zastosowaniach farmaceutycznych. Zgodno\u015b\u0107 z USP 381 gwarantuje, \u017ce korek spe\u0142nia niezb\u0119dne standardy funkcjonalno\u015bci i bezpiecze\u0144stwa.<ul><li><strong><u>Wi\u0119cej informacji o USP 381<\/u><\/strong><\/li><\/ul><\/li><li><strong>USP 382<\/strong><br \/><strong>USP 382<\/strong> zawiera wytyczne dotycz\u0105ce gumowych kork\u00f3w stosowanych w opakowaniach lek\u00f3w do wstrzykiwa\u0144. Obejmuj\u0105 one wymagania dotycz\u0105ce stabilno\u015bci chemicznej, kompatybilno\u015bci i odporno\u015bci na przenikanie.<ul><li><strong><u>Wi\u0119cej informacji na temat zgodno\u015bci z USP 382<\/u><\/strong><\/li><\/ul><\/li><li><strong>ISO 8871-5<\/strong><br \/>The <strong>ISO 8871-5<\/strong> Norma okre\u015bla kryteria testowania gumowych zatyczek stosowanych w urz\u0105dzeniach medycznych. Koncentruje si\u0119 ona na materia\u0142ach, odporno\u015bci na penetracj\u0119 i dzia\u0142aniu pod wp\u0142ywem si\u0142 zewn\u0119trznych.<ul><li><strong><u>Poznaj normy ISO 8871-5<\/u><\/strong><\/li><\/ul><\/li><\/ol><\/li><\/ul>\t\t\t\t\t\t\t\t<\/div>\n\t\t\t\t<\/div>\n\t\t\t\t\t<\/div>\n\t\t\t\t<\/div>\n\t\t<div class=\"elementor-element elementor-element-3b029b0 e-flex e-con-boxed e-con e-parent\" data-id=\"3b029b0\" data-element_type=\"container\">\n\t\t\t\t\t<div class=\"e-con-inner\">\n\t\t\t\t<div class=\"elementor-element elementor-element-09228fb elementor-widget elementor-widget-heading\" data-id=\"09228fb\" data-element_type=\"widget\" data-widget_type=\"heading.default\">\n\t\t\t\t<div class=\"elementor-widget-container\">\n\t\t\t\t\t<h2 class=\"elementor-heading-title elementor-size-default\">Sprz\u0119t do testowania przenikalno\u015bci igie\u0142<\/h2>\t\t\t\t<\/div>\n\t\t\t\t<\/div>\n\t\t\t\t<div class=\"elementor-element elementor-element-56d2ff5 elementor-widget elementor-widget-text-editor\" data-id=\"56d2ff5\" data-element_type=\"widget\" data-widget_type=\"text-editor.default\">\n\t\t\t\t<div class=\"elementor-widget-container\">\n\t\t\t\t\t\t\t\t\t<p>Nasz <strong>Tester przenikalno\u015bci<\/strong>\u00a0zosta\u0142y zaprojektowane w celu zapewnienia dok\u0142adnych, sp\u00f3jnych i wiarygodnych wynik\u00f3w test\u00f3w gumowych kork\u00f3w. Niezale\u017cnie od tego, czy testujesz zgodno\u015b\u0107 z przepisami, czy zapewniasz kontrol\u0119 jako\u015bci w produkcji, nasz sprz\u0119t zapewnia niezb\u0119dn\u0105 precyzj\u0119 do skutecznej oceny odporno\u015bci na penetracj\u0119.<\/p><p>Kluczowe cechy naszych produkt\u00f3w <strong>Testery przenikalno\u015bci<\/strong>:<\/p><ul><li>Precyzja i dok\u0142adno\u015b\u0107: Nasze testery zapewniaj\u0105 sp\u00f3jne wyniki, kt\u00f3re spe\u0142niaj\u0105 najwy\u017csze standardy bran\u017cowe.<\/li><li>Zgodno\u015b\u0107 z normami bran\u017cowymi: Pe\u0142na zgodno\u015b\u0107 z normami USP 381, USP 382 i ISO 8871-5.<\/li><li>Przyjazny dla u\u017cytkownika interfejs: \u0141atwy w obs\u0142udze, z automatycznymi funkcjami raportowania.<\/li><li>Niezawodna wydajno\u015b\u0107: Zaufanie profesjonalist\u00f3w z bran\u017cy zapewnia dok\u0142adne i powtarzalne wyniki.<\/li><li>Kompleksowe wsparcie: Od instalacji po szkolenia i bie\u017c\u0105ce wsparcie, oferujemy kompletne rozwi\u0105zanie.<\/li><\/ul>\t\t\t\t\t\t\t\t<\/div>\n\t\t\t\t<\/div>\n\t\t\t\t\t<\/div>\n\t\t\t\t<\/div>\n\t\t<div class=\"elementor-element elementor-element-4be815d e-con-full e-flex e-con e-parent\" data-id=\"4be815d\" data-element_type=\"container\">\n\t\t\t\t<div class=\"elementor-element elementor-element-a575706 elementor-cta--skin-classic elementor-animated-content elementor-bg-transform elementor-bg-transform-zoom-in elementor-widget elementor-widget-call-to-action\" data-id=\"a575706\" data-element_type=\"widget\" data-widget_type=\"call-to-action.default\">\n\t\t\t\t<div class=\"elementor-widget-container\">\n\t\t\t\t\t\t\t<div class=\"elementor-cta\">\n\t\t\t\t\t<div class=\"elementor-cta__bg-wrapper\">\n\t\t\t\t<div class=\"elementor-cta__bg elementor-bg\" style=\"background-image: url(https:\/\/www.puncturetest.com\/wp-content\/uploads\/2025\/02\/Elastomeric-Closures-Penetrability-Test-1024x256.webp);\" role=\"img\" aria-label=\"Test przenikalno\u015bci zamkni\u0119\u0107 elastomerowych\"><\/div>\n\t\t\t\t<div class=\"elementor-cta__bg-overlay\"><\/div>\n\t\t\t<\/div>\n\t\t\t\t\t\t\t<div class=\"elementor-cta__content\">\n\t\t\t\t\n\t\t\t\t\t\t\t\t\t<h2 class=\"elementor-cta__title elementor-cta__content-item elementor-content-item\">\n\t\t\t\t\t\tPoznaj nasz tester przenikalno\u015bci - skontaktuj si\u0119 z nami, aby dowiedzie\u0107 si\u0119 wi\u0119cej\t\t\t\t\t<\/h2>\n\t\t\t\t\n\t\t\t\t\t\t\t\t\t<div class=\"elementor-cta__description elementor-cta__content-item elementor-content-item\">\n\t\t\t\t\t\tChcesz mie\u0107 pewno\u015b\u0107, \u017ce Twoje gumowe zatyczki spe\u0142niaj\u0105 wymagane standardy? Uzyskaj dost\u0119p do szczeg\u00f3\u0142owych raport\u00f3w z test\u00f3w, popro\u015b o wycen\u0119 lub skontaktuj si\u0119 z naszym zespo\u0142em, aby uzyska\u0107 wi\u0119cej informacji na temat naszych us\u0142ug w zakresie test\u00f3w przenikalno\u015bci.\t\t\t\t\t<\/div>\n\t\t\t\t\n\t\t\t\t\t\t\t\t\t<div class=\"elementor-cta__button-wrapper elementor-cta__content-item elementor-content-item\">\n\t\t\t\t\t<a class=\"elementor-cta__button elementor-button elementor-size-\" href=\"https:\/\/www.puncturetest.com\/pl\/contact\/\">\n\t\t\t\t\t\tKontakt\t\t\t\t\t<\/a>\n\t\t\t\t\t<\/div>\n\t\t\t\t\t\t\t<\/div>\n\t\t\t\t\t\t<\/div>\n\t\t\t\t\t\t<\/div>\n\t\t\t\t<\/div>\n\t\t\t\t<\/div>\n\t\t\t\t<\/div>","protected":false},"excerpt":{"rendered":"<p>Test przenikalno\u015bci gumowych zatyczek Nasz test przenikalno\u015bci gumowych zatyczek gwarantuje, \u017ce Twoje produkty spe\u0142niaj\u0105 bran\u017cowe standardy trwa\u0142o\u015bci, jako\u015bci i bezpiecze\u0144stwa. Niezale\u017cnie od tego, czy dzia\u0142asz w bran\u017cy farmaceutycznej, urz\u0105dze\u0144 medycznych czy opakowa\u0144, zapewnienie, \u017ce gumowe korki s\u0105 w stanie wytrzyma\u0107 si\u0142y penetracji, ma kluczowe znaczenie dla integralno\u015bci produktu. Test ten jest niezb\u0119dny do zapewnienia zgodno\u015bci z USP 381, [...]<\/p>","protected":false},"author":1,"featured_media":0,"parent":0,"menu_order":0,"comment_status":"closed","ping_status":"closed","template":"elementor_header_footer","meta":{"footnotes":""},"class_list":["post-23","page","type-page","status-publish","hentry"],"yoast_head":"<!-- This site is optimized with the Yoast SEO plugin v25.0 - https:\/\/yoast.com\/wordpress\/plugins\/seo\/ -->\n<title>Penetrability Test for Rubber Stoppers - Puncture Test<\/title>\n<meta name=\"description\" content=\"Penetrability test for rubber stoppers to ensure the elastomeric closure quality. Compliant with USP 381, USP 382, and ISO 8871-5.\" \/>\n<meta name=\"robots\" content=\"index, follow, max-snippet:-1, max-image-preview:large, max-video-preview:-1\" \/>\n<link rel=\"canonical\" href=\"https:\/\/www.puncturetest.com\/pl\/penetrability-test-for-rubber-stoppers\/\" \/>\n<meta property=\"og:locale\" content=\"pl_PL\" \/>\n<meta property=\"og:type\" content=\"article\" \/>\n<meta property=\"og:title\" content=\"Penetrability Test for Rubber Stoppers - Puncture Test\" \/>\n<meta property=\"og:description\" content=\"Penetrability test for rubber stoppers to ensure the elastomeric closure quality. Compliant with USP 381, USP 382, and ISO 8871-5.\" \/>\n<meta property=\"og:url\" content=\"https:\/\/www.puncturetest.com\/pl\/penetrability-test-for-rubber-stoppers\/\" \/>\n<meta property=\"og:site_name\" content=\"Puncture Test\" \/>\n<meta property=\"article:modified_time\" content=\"2025-07-03T07:40:44+00:00\" \/>\n<meta name=\"twitter:card\" content=\"summary_large_image\" \/>\n<meta name=\"twitter:label1\" content=\"Szacowany czas czytania\" \/>\n\t<meta name=\"twitter:data1\" content=\"3 minuty\" \/>\n<script type=\"application\/ld+json\" class=\"yoast-schema-graph\">{\"@context\":\"https:\/\/schema.org\",\"@graph\":[{\"@type\":\"WebPage\",\"@id\":\"https:\/\/www.puncturetest.com\/penetrability-test-for-rubber-stoppers\/\",\"url\":\"https:\/\/www.puncturetest.com\/penetrability-test-for-rubber-stoppers\/\",\"name\":\"Penetrability Test for Rubber Stoppers - Puncture Test\",\"isPartOf\":{\"@id\":\"https:\/\/www.puncturetest.com\/#website\"},\"datePublished\":\"2025-01-08T00:50:26+00:00\",\"dateModified\":\"2025-07-03T07:40:44+00:00\",\"description\":\"Penetrability test for rubber stoppers to ensure the elastomeric closure quality. Compliant with USP 381, USP 382, and ISO 8871-5.\",\"breadcrumb\":{\"@id\":\"https:\/\/www.puncturetest.com\/penetrability-test-for-rubber-stoppers\/#breadcrumb\"},\"inLanguage\":\"pl-PL\",\"potentialAction\":[{\"@type\":\"ReadAction\",\"target\":[\"https:\/\/www.puncturetest.com\/penetrability-test-for-rubber-stoppers\/\"]}]},{\"@type\":\"BreadcrumbList\",\"@id\":\"https:\/\/www.puncturetest.com\/penetrability-test-for-rubber-stoppers\/#breadcrumb\",\"itemListElement\":[{\"@type\":\"ListItem\",\"position\":1,\"name\":\"Home\",\"item\":\"https:\/\/www.puncturetest.com\/\"},{\"@type\":\"ListItem\",\"position\":2,\"name\":\"Penetrability Test for Rubber Stoppers\"}]},{\"@type\":\"WebSite\",\"@id\":\"https:\/\/www.puncturetest.com\/#website\",\"url\":\"https:\/\/www.puncturetest.com\/\",\"name\":\"Softgel Test\",\"description\":\"Puncture and Penetrabiity Test Solutions\",\"publisher\":{\"@id\":\"https:\/\/www.puncturetest.com\/#organization\"},\"potentialAction\":[{\"@type\":\"SearchAction\",\"target\":{\"@type\":\"EntryPoint\",\"urlTemplate\":\"https:\/\/www.puncturetest.com\/?s={search_term_string}\"},\"query-input\":{\"@type\":\"PropertyValueSpecification\",\"valueRequired\":true,\"valueName\":\"search_term_string\"}}],\"inLanguage\":\"pl-PL\"},{\"@type\":\"Organization\",\"@id\":\"https:\/\/www.puncturetest.com\/#organization\",\"name\":\"Softgel Test\",\"url\":\"https:\/\/www.puncturetest.com\/\",\"logo\":{\"@type\":\"ImageObject\",\"inLanguage\":\"pl-PL\",\"@id\":\"https:\/\/www.puncturetest.com\/#\/schema\/logo\/image\/\",\"url\":\"https:\/\/www.puncturetest.com\/wp-content\/uploads\/2025\/01\/Softgel-Test-Logo.webp\",\"contentUrl\":\"https:\/\/www.puncturetest.com\/wp-content\/uploads\/2025\/01\/Softgel-Test-Logo.webp\",\"width\":836,\"height\":238,\"caption\":\"Softgel Test\"},\"image\":{\"@id\":\"https:\/\/www.puncturetest.com\/#\/schema\/logo\/image\/\"}}]}<\/script>\n<!-- \/ Yoast SEO plugin. -->","yoast_head_json":{"title":"Test przenikalno\u015bci gumowych kork\u00f3w - test przebicia","description":"Test przenikalno\u015bci dla gumowych kork\u00f3w w celu zapewnienia jako\u015bci zamkni\u0119cia elastomerowego. Zgodno\u015b\u0107 z USP 381, USP 382 i ISO 8871-5.","robots":{"index":"index","follow":"follow","max-snippet":"max-snippet:-1","max-image-preview":"max-image-preview:large","max-video-preview":"max-video-preview:-1"},"canonical":"https:\/\/www.puncturetest.com\/pl\/penetrability-test-for-rubber-stoppers\/","og_locale":"pl_PL","og_type":"article","og_title":"Penetrability Test for Rubber Stoppers - Puncture Test","og_description":"Penetrability test for rubber stoppers to ensure the elastomeric closure quality. Compliant with USP 381, USP 382, and ISO 8871-5.","og_url":"https:\/\/www.puncturetest.com\/pl\/penetrability-test-for-rubber-stoppers\/","og_site_name":"Puncture Test","article_modified_time":"2025-07-03T07:40:44+00:00","twitter_card":"summary_large_image","twitter_misc":{"Szacowany czas czytania":"3 minuty"},"schema":{"@context":"https:\/\/schema.org","@graph":[{"@type":"WebPage","@id":"https:\/\/www.puncturetest.com\/penetrability-test-for-rubber-stoppers\/","url":"https:\/\/www.puncturetest.com\/penetrability-test-for-rubber-stoppers\/","name":"Test przenikalno\u015bci gumowych kork\u00f3w - test przebicia","isPartOf":{"@id":"https:\/\/www.puncturetest.com\/#website"},"datePublished":"2025-01-08T00:50:26+00:00","dateModified":"2025-07-03T07:40:44+00:00","description":"Test przenikalno\u015bci dla gumowych kork\u00f3w w celu zapewnienia jako\u015bci zamkni\u0119cia elastomerowego. Zgodno\u015b\u0107 z USP 381, USP 382 i ISO 8871-5.","breadcrumb":{"@id":"https:\/\/www.puncturetest.com\/penetrability-test-for-rubber-stoppers\/#breadcrumb"},"inLanguage":"pl-PL","potentialAction":[{"@type":"ReadAction","target":["https:\/\/www.puncturetest.com\/penetrability-test-for-rubber-stoppers\/"]}]},{"@type":"BreadcrumbList","@id":"https:\/\/www.puncturetest.com\/penetrability-test-for-rubber-stoppers\/#breadcrumb","itemListElement":[{"@type":"ListItem","position":1,"name":"Home","item":"https:\/\/www.puncturetest.com\/"},{"@type":"ListItem","position":2,"name":"Penetrability Test for Rubber Stoppers"}]},{"@type":"WebSite","@id":"https:\/\/www.puncturetest.com\/#website","url":"https:\/\/www.puncturetest.com\/","name":"Test Softgel","description":"Rozwi\u0105zania do test\u00f3w przebicia i penetracji","publisher":{"@id":"https:\/\/www.puncturetest.com\/#organization"},"potentialAction":[{"@type":"SearchAction","target":{"@type":"EntryPoint","urlTemplate":"https:\/\/www.puncturetest.com\/?s={search_term_string}"},"query-input":{"@type":"PropertyValueSpecification","valueRequired":true,"valueName":"search_term_string"}}],"inLanguage":"pl-PL"},{"@type":"Organization","@id":"https:\/\/www.puncturetest.com\/#organization","name":"Test Softgel","url":"https:\/\/www.puncturetest.com\/","logo":{"@type":"ImageObject","inLanguage":"pl-PL","@id":"https:\/\/www.puncturetest.com\/#\/schema\/logo\/image\/","url":"https:\/\/www.puncturetest.com\/wp-content\/uploads\/2025\/01\/Softgel-Test-Logo.webp","contentUrl":"https:\/\/www.puncturetest.com\/wp-content\/uploads\/2025\/01\/Softgel-Test-Logo.webp","width":836,"height":238,"caption":"Softgel Test"},"image":{"@id":"https:\/\/www.puncturetest.com\/#\/schema\/logo\/image\/"}}]}},"_links":{"self":[{"href":"https:\/\/www.puncturetest.com\/pl\/wp-json\/wp\/v2\/pages\/23","targetHints":{"allow":["GET"]}}],"collection":[{"href":"https:\/\/www.puncturetest.com\/pl\/wp-json\/wp\/v2\/pages"}],"about":[{"href":"https:\/\/www.puncturetest.com\/pl\/wp-json\/wp\/v2\/types\/page"}],"author":[{"embeddable":true,"href":"https:\/\/www.puncturetest.com\/pl\/wp-json\/wp\/v2\/users\/1"}],"replies":[{"embeddable":true,"href":"https:\/\/www.puncturetest.com\/pl\/wp-json\/wp\/v2\/comments?post=23"}],"version-history":[{"count":5,"href":"https:\/\/www.puncturetest.com\/pl\/wp-json\/wp\/v2\/pages\/23\/revisions"}],"predecessor-version":[{"id":1265,"href":"https:\/\/www.puncturetest.com\/pl\/wp-json\/wp\/v2\/pages\/23\/revisions\/1265"}],"wp:attachment":[{"href":"https:\/\/www.puncturetest.com\/pl\/wp-json\/wp\/v2\/media?parent=23"}],"curies":[{"name":"wp","href":"https:\/\/api.w.org\/{rel}","templated":true}]}}