{"id":23,"date":"2025-01-08T00:50:26","date_gmt":"2025-01-08T00:50:26","guid":{"rendered":"https:\/\/www.puncturetest.com\/?page_id=23"},"modified":"2025-07-03T15:40:44","modified_gmt":"2025-07-03T07:40:44","slug":"penetrability-test-for-rubber-stoppers","status":"publish","type":"page","link":"https:\/\/www.puncturetest.com\/pt\/penetrability-test-for-rubber-stoppers\/","title":{"rendered":"Teste de penetrabilidade para rolhas de borracha"},"content":{"rendered":"<div data-elementor-type=\"wp-page\" data-elementor-id=\"23\" class=\"elementor elementor-23\" data-elementor-post-type=\"page\">\n\t\t\t\t<div class=\"elementor-element elementor-element-f18fd1a e-con-full e-flex e-con e-parent\" data-id=\"f18fd1a\" data-element_type=\"container\">\n\t\t<div class=\"elementor-element elementor-element-9d2e595 e-con-full e-flex e-con e-child\" data-id=\"9d2e595\" data-element_type=\"container\">\n\t\t<div class=\"elementor-element elementor-element-562d936 e-con-full e-flex e-con e-child\" data-id=\"562d936\" data-element_type=\"container\">\n\t\t<div class=\"elementor-element elementor-element-d2c9de3 e-con-full e-flex e-con e-child\" data-id=\"d2c9de3\" data-element_type=\"container\">\n\t\t\t\t<div class=\"elementor-element elementor-element-7ed2e7f elementor-widget elementor-widget-heading\" data-id=\"7ed2e7f\" data-element_type=\"widget\" data-widget_type=\"heading.default\">\n\t\t\t\t<div class=\"elementor-widget-container\">\n\t\t\t\t\t<h1 class=\"elementor-heading-title elementor-size-default\">Teste de penetrabilidade para rolhas de borracha<\/h1>\t\t\t\t<\/div>\n\t\t\t\t<\/div>\n\t\t\t\t<div class=\"elementor-element elementor-element-3d561f2 elementor-widget__width-initial elementor-widget elementor-widget-text-editor\" data-id=\"3d561f2\" data-element_type=\"widget\" data-widget_type=\"text-editor.default\">\n\t\t\t\t<div class=\"elementor-widget-container\">\n\t\t\t\t\t\t\t\t\t<p>O nosso <strong>Teste de penetrabilidade para rolhas de borracha<\/strong> garante que os seus produtos cumprem as normas da ind\u00fastria em termos de durabilidade, qualidade e seguran\u00e7a. Quer esteja nas ind\u00fastrias farmac\u00eautica, de dispositivos m\u00e9dicos ou de embalagens, garantir que as suas rolhas de borracha podem suportar for\u00e7as de penetra\u00e7\u00e3o \u00e9 fundamental para a integridade do produto. Este teste \u00e9 essencial para a conformidade com <strong>USP 381<\/strong>, <strong>USP 382<\/strong>e <strong>ISO 8871-5<\/strong> normas.<\/p><p>Os testes de penetrabilidade s\u00e3o cruciais para garantir que as rolhas de borracha funcionam corretamente em aplica\u00e7\u00f5es de embalagem, especialmente nos sectores m\u00e9dico e farmac\u00eautico. O nosso equipamento de \u00faltima gera\u00e7\u00e3o fornece resultados precisos e repet\u00edveis, para que possa garantir que as suas rolhas de borracha cumprem todas as especifica\u00e7\u00f5es exigidas.<\/p>\t\t\t\t\t\t\t\t<\/div>\n\t\t\t\t<\/div>\n\t\t\t\t<div class=\"elementor-element elementor-element-c6cac40 elementor-button-align-stretch elementor-widget elementor-widget-form\" data-id=\"c6cac40\" data-element_type=\"widget\" data-settings=\"{&quot;button_width&quot;:&quot;25&quot;,&quot;step_next_label&quot;:&quot;Next&quot;,&quot;step_previous_label&quot;:&quot;Previous&quot;,&quot;step_type&quot;:&quot;number_text&quot;,&quot;step_icon_shape&quot;:&quot;circle&quot;}\" data-widget_type=\"form.default\">\n\t\t\t\t<div class=\"elementor-widget-container\">\n\t\t\t\t\t\t\t<form class=\"elementor-form\" method=\"post\" name=\"New Form\" action=\"\">\n\t\t\t<input type=\"hidden\" name=\"post_id\" value=\"23\"\/>\n\t\t\t<input type=\"hidden\" name=\"form_id\" value=\"c6cac40\"\/>\n\t\t\t<input type=\"hidden\" name=\"referer_title\" value=\"Puncture Test\" \/>\n\n\t\t\t\n\t\t\t<div class=\"elementor-form-fields-wrapper elementor-labels-\">\n\t\t\t\t\t\t\t\t<div class=\"elementor-field-type-text elementor-field-group elementor-column elementor-field-group-name elementor-col-100 elementor-field-required\">\n\t\t\t\t\t\t\t\t\t\t\t\t<label for=\"form-field-name\" class=\"elementor-field-label elementor-screen-only\">\n\t\t\t\t\t\t\t\tNome\t\t\t\t\t\t\t<\/label>\n\t\t\t\t\t\t\t\t\t\t\t\t\t\t<input size=\"1\" type=\"text\" name=\"form_fields[name]\" id=\"form-field-name\" class=\"elementor-field elementor-size-sm  elementor-field-textual\" placeholder=\"Nome\" required=\"required\" aria-required=\"true\">\n\t\t\t\t\t\t\t\t\t\t\t<\/div>\n\t\t\t\t\t\t\t\t<div class=\"elementor-field-type-text elementor-field-group elementor-column elementor-field-group-field_26b0101 elementor-col-100\">\n\t\t\t\t\t\t\t\t\t\t\t\t<label for=\"form-field-field_26b0101\" class=\"elementor-field-label elementor-screen-only\">\n\t\t\t\t\t\t\t\tEmpresa\t\t\t\t\t\t\t<\/label>\n\t\t\t\t\t\t\t\t\t\t\t\t\t\t<input size=\"1\" type=\"text\" name=\"form_fields[field_26b0101]\" id=\"form-field-field_26b0101\" class=\"elementor-field elementor-size-sm  elementor-field-textual\" placeholder=\"Empresa\">\n\t\t\t\t\t\t\t\t\t\t\t<\/div>\n\t\t\t\t\t\t\t\t<div class=\"elementor-field-type-email elementor-field-group elementor-column elementor-field-group-email elementor-col-100 elementor-field-required\">\n\t\t\t\t\t\t\t\t\t\t\t\t<label for=\"form-field-email\" class=\"elementor-field-label elementor-screen-only\">\n\t\t\t\t\t\t\t\tCorreio eletr\u00f3nico\t\t\t\t\t\t\t<\/label>\n\t\t\t\t\t\t\t\t\t\t\t\t\t\t<input size=\"1\" type=\"email\" name=\"form_fields[email]\" id=\"form-field-email\" class=\"elementor-field elementor-size-sm  elementor-field-textual\" placeholder=\"Correio eletr\u00f3nico\" required=\"required\" aria-required=\"true\">\n\t\t\t\t\t\t\t\t\t\t\t<\/div>\n\t\t\t\t\t\t\t\t<div class=\"elementor-field-type-textarea elementor-field-group elementor-column elementor-field-group-message elementor-col-100\">\n\t\t\t\t\t\t\t\t\t\t\t\t<label for=\"form-field-message\" class=\"elementor-field-label elementor-screen-only\">\n\t\t\t\t\t\t\t\tMensagem\t\t\t\t\t\t\t<\/label>\n\t\t\t\t\t\t<textarea class=\"elementor-field-textual elementor-field  elementor-size-sm\" name=\"form_fields[message]\" id=\"form-field-message\" rows=\"4\" placeholder=\"Mensagem\"><\/textarea>\t\t\t\t<\/div>\n\t\t\t\t\t\t\t\t<div class=\"elementor-field-type-recaptcha elementor-field-group elementor-column elementor-field-group-field_50f0fd6 elementor-col-100\">\n\t\t\t\t\t<div class=\"elementor-field\" id=\"form-field-field_50f0fd6\"><div class=\"elementor-g-recaptcha\" data-sitekey=\"6LcO3HUrAAAAAKhAi3KjswdM4-_7i5zKd1s5FO2N\" data-type=\"v2_checkbox\" data-theme=\"light\" data-size=\"normal\"><\/div><\/div>\t\t\t\t<\/div>\n\t\t\t\t\t\t\t\t<div class=\"elementor-field-group elementor-column elementor-field-type-submit elementor-col-25 e-form__buttons\">\n\t\t\t\t\t<button class=\"elementor-button elementor-size-sm\" type=\"submit\">\n\t\t\t\t\t\t<span class=\"elementor-button-content-wrapper\">\n\t\t\t\t\t\t\t\t\t\t\t\t\t\t\t\t\t\t\t\t\t\t<span class=\"elementor-button-text\">Enviar<\/span>\n\t\t\t\t\t\t\t\t\t\t\t\t\t<\/span>\n\t\t\t\t\t<\/button>\n\t\t\t\t<\/div>\n\t\t\t<\/div>\n\t\t<input type=\"hidden\" name=\"trp-form-language\" value=\"pt\"\/><\/form>\n\t\t\t\t\t\t<\/div>\n\t\t\t\t<\/div>\n\t\t\t\t<\/div>\n\t\t\t\t<\/div>\n\t\t<div class=\"elementor-element elementor-element-26eab2a e-con-full e-flex e-con e-child\" data-id=\"26eab2a\" data-element_type=\"container\" data-settings=\"{&quot;background_background&quot;:&quot;classic&quot;}\">\n\t\t\t\t<\/div>\n\t\t\t\t<\/div>\n\t\t\t\t<\/div>\n\t\t<div class=\"elementor-element elementor-element-479d18a e-flex e-con-boxed e-con e-parent\" data-id=\"479d18a\" data-element_type=\"container\">\n\t\t\t\t\t<div class=\"e-con-inner\">\n\t\t\t\t<div class=\"elementor-element elementor-element-c2e3a1f elementor-widget elementor-widget-heading\" data-id=\"c2e3a1f\" data-element_type=\"widget\" data-widget_type=\"heading.default\">\n\t\t\t\t<div class=\"elementor-widget-container\">\n\t\t\t\t\t<h2 class=\"elementor-heading-title elementor-size-default\">O que \u00e9 um teste de penetrabilidade?<\/h2>\t\t\t\t<\/div>\n\t\t\t\t<\/div>\n\t\t\t\t<div class=\"elementor-element elementor-element-48ad507 elementor-widget elementor-widget-text-editor\" data-id=\"48ad507\" data-element_type=\"widget\" data-widget_type=\"text-editor.default\">\n\t\t\t\t<div class=\"elementor-widget-container\">\n\t\t\t\t\t\t\t\t\t<p><strong>Teste de Penetrabilidade<\/strong> mede a resist\u00eancia das rolhas de borracha \u00e0 penetra\u00e7\u00e3o por uma agulha ou outro dispositivo. Este teste \u00e9 particularmente importante para garantir que as rolhas de borracha n\u00e3o s\u00f3 proporcionam uma veda\u00e7\u00e3o adequada, como tamb\u00e9m suportam quaisquer for\u00e7as durante os processos de enchimento ou veda\u00e7\u00e3o em aplica\u00e7\u00f5es de embalagem farmac\u00eautica e m\u00e9dica. Um aparelho de teste de penetrabilidade fi\u00e1vel mede a facilidade com que uma agulha ou dispositivo semelhante penetra na rolha, o que \u00e9 vital para manter a seguran\u00e7a e a funcionalidade do produto.<\/p><p>Para os fabricantes, este teste garante que as rolhas permanecer\u00e3o intactas durante o armazenamento, manuseamento e utiliza\u00e7\u00e3o. \u00c9 especialmente relevante para quem trabalha em <strong>embalagens farmac\u00eauticas<\/strong>, <strong>dispositivos m\u00e9dicos<\/strong>e qualquer aplica\u00e7\u00e3o em que as rolhas de borracha fa\u00e7am parte de um sistema de veda\u00e7\u00e3o.<\/p>\t\t\t\t\t\t\t\t<\/div>\n\t\t\t\t<\/div>\n\t\t\t\t\t<\/div>\n\t\t\t\t<\/div>\n\t\t<div class=\"elementor-element elementor-element-12d57d9 e-flex e-con-boxed e-con e-parent\" data-id=\"12d57d9\" data-element_type=\"container\">\n\t\t\t\t\t<div class=\"e-con-inner\">\n\t\t\t\t<div class=\"elementor-element elementor-element-3c75198 elementor-widget elementor-widget-heading\" data-id=\"3c75198\" data-element_type=\"widget\" data-widget_type=\"heading.default\">\n\t\t\t\t<div class=\"elementor-widget-container\">\n\t\t\t\t\t<h2 class=\"elementor-heading-title elementor-size-default\">Teste de penetrabilidade para rolha de borracha - Principais normas de teste<\/h2>\t\t\t\t<\/div>\n\t\t\t\t<\/div>\n\t\t\t\t<div class=\"elementor-element elementor-element-c592e60 elementor-widget elementor-widget-text-editor\" data-id=\"c592e60\" data-element_type=\"widget\" data-widget_type=\"text-editor.default\">\n\t\t\t\t<div class=\"elementor-widget-container\">\n\t\t\t\t\t\t\t\t\t<ul><li><p>O cumprimento das normas da ind\u00fastria \u00e9 essencial para garantir que as suas rolhas de borracha s\u00e3o adequadas para utiliza\u00e7\u00e3o em embalagens farmac\u00eauticas e m\u00e9dicas. Asseguramos a total conformidade com as seguintes normas cr\u00edticas:<\/p><ol><li><strong>USP 381<\/strong><br \/>O <strong>Farmacopeia dos Estados Unidos (USP) 381<\/strong> A norma USP 381 especifica as carater\u00edsticas f\u00edsicas e os requisitos de desempenho das rolhas de borracha utilizadas em aplica\u00e7\u00f5es farmac\u00eauticas. A conformidade com a USP 381 assegura que a rolha cumpre as normas de funcionalidade e seguran\u00e7a necess\u00e1rias.<ul><li><strong><u>Saiba mais sobre a USP 381<\/u><\/strong><\/li><\/ul><\/li><li><strong>USP 382<\/strong><br \/><strong>USP 382<\/strong> fornece orienta\u00e7\u00f5es para as rolhas de borracha utilizadas na embalagem de medicamentos inject\u00e1veis. Aborda os requisitos de estabilidade qu\u00edmica, compatibilidade e resist\u00eancia \u00e0 penetra\u00e7\u00e3o.<ul><li><strong><u>Leia mais sobre a conformidade com a USP 382<\/u><\/strong><\/li><\/ul><\/li><li><strong>ISO 8871-5<\/strong><br \/>O <strong>ISO 8871-5<\/strong> A norma especifica os crit\u00e9rios de ensaio para rolhas de borracha utilizadas em dispositivos m\u00e9dicos. Centra-se nos materiais, na resist\u00eancia \u00e0 penetra\u00e7\u00e3o e no desempenho quando sujeitas a for\u00e7as externas.<ul><li><strong><u>Explorar as normas ISO 8871-5<\/u><\/strong><\/li><\/ul><\/li><\/ol><\/li><\/ul>\t\t\t\t\t\t\t\t<\/div>\n\t\t\t\t<\/div>\n\t\t\t\t\t<\/div>\n\t\t\t\t<\/div>\n\t\t<div class=\"elementor-element elementor-element-3b029b0 e-flex e-con-boxed e-con e-parent\" data-id=\"3b029b0\" data-element_type=\"container\">\n\t\t\t\t\t<div class=\"e-con-inner\">\n\t\t\t\t<div class=\"elementor-element elementor-element-09228fb elementor-widget elementor-widget-heading\" data-id=\"09228fb\" data-element_type=\"widget\" data-widget_type=\"heading.default\">\n\t\t\t\t<div class=\"elementor-widget-container\">\n\t\t\t\t\t<h2 class=\"elementor-heading-title elementor-size-default\">Equipamento de ensaio de penetrabilidade de agulhas<\/h2>\t\t\t\t<\/div>\n\t\t\t\t<\/div>\n\t\t\t\t<div class=\"elementor-element elementor-element-56d2ff5 elementor-widget elementor-widget-text-editor\" data-id=\"56d2ff5\" data-element_type=\"widget\" data-widget_type=\"text-editor.default\">\n\t\t\t\t<div class=\"elementor-widget-container\">\n\t\t\t\t\t\t\t\t\t<p>O nosso <strong>Testador de Penetrabilidade<\/strong>\u00a0s\u00e3o concebidos para fornecer resultados precisos, consistentes e fi\u00e1veis para testes de rolhas de borracha. Quer esteja a testar a conformidade regulamentar ou a garantir o controlo de qualidade na produ\u00e7\u00e3o, o nosso equipamento fornece a precis\u00e3o necess\u00e1ria para avaliar eficazmente a resist\u00eancia \u00e0 penetra\u00e7\u00e3o.<\/p><p>Principais carater\u00edsticas do nosso <strong>Testes de Penetrabilidade<\/strong>:<\/p><ul><li>Precis\u00e3o e exatid\u00e3o: Os nossos aparelhos de teste fornecem resultados consistentes que cumprem os mais elevados padr\u00f5es da ind\u00fastria.<\/li><li>Conformidade com as normas do sector: Totalmente em conformidade com a USP 381, USP 382 e ISO 8871-5.<\/li><li>Interface de f\u00e1cil utiliza\u00e7\u00e3o: F\u00e1cil de utilizar, com funcionalidades de relat\u00f3rio automatizadas.<\/li><li>Desempenho fi\u00e1vel: Os profissionais do sector confiam nos resultados exactos e repet\u00edveis.<\/li><li>Suporte abrangente: Desde a instala\u00e7\u00e3o at\u00e9 \u00e0 forma\u00e7\u00e3o e apoio cont\u00ednuo, oferecemos uma solu\u00e7\u00e3o completa.<\/li><\/ul>\t\t\t\t\t\t\t\t<\/div>\n\t\t\t\t<\/div>\n\t\t\t\t\t<\/div>\n\t\t\t\t<\/div>\n\t\t<div class=\"elementor-element elementor-element-4be815d e-con-full e-flex e-con e-parent\" data-id=\"4be815d\" data-element_type=\"container\">\n\t\t\t\t<div class=\"elementor-element elementor-element-a575706 elementor-cta--skin-classic elementor-animated-content elementor-bg-transform elementor-bg-transform-zoom-in elementor-widget elementor-widget-call-to-action\" data-id=\"a575706\" data-element_type=\"widget\" data-widget_type=\"call-to-action.default\">\n\t\t\t\t<div class=\"elementor-widget-container\">\n\t\t\t\t\t\t\t<div class=\"elementor-cta\">\n\t\t\t\t\t<div class=\"elementor-cta__bg-wrapper\">\n\t\t\t\t<div class=\"elementor-cta__bg elementor-bg\" style=\"background-image: url(https:\/\/www.puncturetest.com\/wp-content\/uploads\/2025\/02\/Elastomeric-Closures-Penetrability-Test-1024x256.webp);\" role=\"img\" aria-label=\"Teste de Penetrabilidade de Tampas Elastom\u00e9ricas\"><\/div>\n\t\t\t\t<div class=\"elementor-cta__bg-overlay\"><\/div>\n\t\t\t<\/div>\n\t\t\t\t\t\t\t<div class=\"elementor-cta__content\">\n\t\t\t\t\n\t\t\t\t\t\t\t\t\t<h2 class=\"elementor-cta__title elementor-cta__content-item elementor-content-item\">\n\t\t\t\t\t\tExplore o nosso verificador de penetrabilidade - Entre em contacto para saber mais\t\t\t\t\t<\/h2>\n\t\t\t\t\n\t\t\t\t\t\t\t\t\t<div class=\"elementor-cta__description elementor-cta__content-item elementor-content-item\">\n\t\t\t\t\t\tPronto para garantir que as suas rolhas de borracha cumprem as normas exigidas? Aceda a relat\u00f3rios de teste detalhados, solicite um or\u00e7amento ou contacte a nossa equipa para obter mais informa\u00e7\u00f5es sobre os nossos servi\u00e7os de Teste de Penetrabilidade.\t\t\t\t\t<\/div>\n\t\t\t\t\n\t\t\t\t\t\t\t\t\t<div class=\"elementor-cta__button-wrapper elementor-cta__content-item elementor-content-item\">\n\t\t\t\t\t<a class=\"elementor-cta__button elementor-button elementor-size-\" href=\"https:\/\/www.puncturetest.com\/pt\/contact\/\">\n\t\t\t\t\t\tContactar-nos\t\t\t\t\t<\/a>\n\t\t\t\t\t<\/div>\n\t\t\t\t\t\t\t<\/div>\n\t\t\t\t\t\t<\/div>\n\t\t\t\t\t\t<\/div>\n\t\t\t\t<\/div>\n\t\t\t\t<\/div>\n\t\t\t\t<\/div>","protected":false},"excerpt":{"rendered":"<p>Teste de Penetrabilidade para Tampas de Borracha O nosso Teste de Penetrabilidade para Tampas de Borracha garante que os seus produtos cumprem as normas da ind\u00fastria em termos de durabilidade, qualidade e seguran\u00e7a. Quer se trate da ind\u00fastria farmac\u00eautica, de dispositivos m\u00e9dicos ou de embalagens, garantir que as suas rolhas de borracha podem suportar for\u00e7as de penetra\u00e7\u00e3o \u00e9 fundamental para a integridade do produto. Este teste \u00e9 essencial para a conformidade com a USP 381, [...]<\/p>","protected":false},"author":1,"featured_media":0,"parent":0,"menu_order":0,"comment_status":"closed","ping_status":"closed","template":"elementor_header_footer","meta":{"footnotes":""},"class_list":["post-23","page","type-page","status-publish","hentry"],"yoast_head":"<!-- This site is optimized with the Yoast SEO plugin v25.0 - https:\/\/yoast.com\/wordpress\/plugins\/seo\/ -->\n<title>Penetrability Test for Rubber Stoppers - Puncture Test<\/title>\n<meta name=\"description\" content=\"Penetrability test for rubber stoppers to ensure the elastomeric closure quality. Compliant with USP 381, USP 382, and ISO 8871-5.\" \/>\n<meta name=\"robots\" content=\"index, follow, max-snippet:-1, max-image-preview:large, max-video-preview:-1\" \/>\n<link rel=\"canonical\" href=\"https:\/\/www.puncturetest.com\/pt\/penetrability-test-for-rubber-stoppers\/\" \/>\n<meta property=\"og:locale\" content=\"pt_PT\" \/>\n<meta property=\"og:type\" content=\"article\" \/>\n<meta property=\"og:title\" content=\"Penetrability Test for Rubber Stoppers - Puncture Test\" \/>\n<meta property=\"og:description\" content=\"Penetrability test for rubber stoppers to ensure the elastomeric closure quality. Compliant with USP 381, USP 382, and ISO 8871-5.\" \/>\n<meta property=\"og:url\" content=\"https:\/\/www.puncturetest.com\/pt\/penetrability-test-for-rubber-stoppers\/\" \/>\n<meta property=\"og:site_name\" content=\"Puncture Test\" \/>\n<meta property=\"article:modified_time\" content=\"2025-07-03T07:40:44+00:00\" \/>\n<meta name=\"twitter:card\" content=\"summary_large_image\" \/>\n<meta name=\"twitter:label1\" content=\"Tempo estimado de leitura\" \/>\n\t<meta name=\"twitter:data1\" content=\"3 minutos\" \/>\n<script type=\"application\/ld+json\" class=\"yoast-schema-graph\">{\"@context\":\"https:\/\/schema.org\",\"@graph\":[{\"@type\":\"WebPage\",\"@id\":\"https:\/\/www.puncturetest.com\/penetrability-test-for-rubber-stoppers\/\",\"url\":\"https:\/\/www.puncturetest.com\/penetrability-test-for-rubber-stoppers\/\",\"name\":\"Penetrability Test for Rubber Stoppers - Puncture Test\",\"isPartOf\":{\"@id\":\"https:\/\/www.puncturetest.com\/#website\"},\"datePublished\":\"2025-01-08T00:50:26+00:00\",\"dateModified\":\"2025-07-03T07:40:44+00:00\",\"description\":\"Penetrability test for rubber stoppers to ensure the elastomeric closure quality. Compliant with USP 381, USP 382, and ISO 8871-5.\",\"breadcrumb\":{\"@id\":\"https:\/\/www.puncturetest.com\/penetrability-test-for-rubber-stoppers\/#breadcrumb\"},\"inLanguage\":\"pt-PT\",\"potentialAction\":[{\"@type\":\"ReadAction\",\"target\":[\"https:\/\/www.puncturetest.com\/penetrability-test-for-rubber-stoppers\/\"]}]},{\"@type\":\"BreadcrumbList\",\"@id\":\"https:\/\/www.puncturetest.com\/penetrability-test-for-rubber-stoppers\/#breadcrumb\",\"itemListElement\":[{\"@type\":\"ListItem\",\"position\":1,\"name\":\"Home\",\"item\":\"https:\/\/www.puncturetest.com\/\"},{\"@type\":\"ListItem\",\"position\":2,\"name\":\"Penetrability Test for Rubber Stoppers\"}]},{\"@type\":\"WebSite\",\"@id\":\"https:\/\/www.puncturetest.com\/#website\",\"url\":\"https:\/\/www.puncturetest.com\/\",\"name\":\"Softgel Test\",\"description\":\"Puncture and Penetrabiity Test Solutions\",\"publisher\":{\"@id\":\"https:\/\/www.puncturetest.com\/#organization\"},\"potentialAction\":[{\"@type\":\"SearchAction\",\"target\":{\"@type\":\"EntryPoint\",\"urlTemplate\":\"https:\/\/www.puncturetest.com\/?s={search_term_string}\"},\"query-input\":{\"@type\":\"PropertyValueSpecification\",\"valueRequired\":true,\"valueName\":\"search_term_string\"}}],\"inLanguage\":\"pt-PT\"},{\"@type\":\"Organization\",\"@id\":\"https:\/\/www.puncturetest.com\/#organization\",\"name\":\"Softgel Test\",\"url\":\"https:\/\/www.puncturetest.com\/\",\"logo\":{\"@type\":\"ImageObject\",\"inLanguage\":\"pt-PT\",\"@id\":\"https:\/\/www.puncturetest.com\/#\/schema\/logo\/image\/\",\"url\":\"https:\/\/www.puncturetest.com\/wp-content\/uploads\/2025\/01\/Softgel-Test-Logo.webp\",\"contentUrl\":\"https:\/\/www.puncturetest.com\/wp-content\/uploads\/2025\/01\/Softgel-Test-Logo.webp\",\"width\":836,\"height\":238,\"caption\":\"Softgel Test\"},\"image\":{\"@id\":\"https:\/\/www.puncturetest.com\/#\/schema\/logo\/image\/\"}}]}<\/script>\n<!-- \/ Yoast SEO plugin. -->","yoast_head_json":{"title":"Teste de Penetrabilidade para Tampas de Borracha - Teste de Pun\u00e7\u00e3o","description":"Teste de penetrabilidade para rolhas de borracha para garantir a qualidade do fecho elastom\u00e9rico. Em conformidade com as normas USP 381, USP 382 e ISO 8871-5.","robots":{"index":"index","follow":"follow","max-snippet":"max-snippet:-1","max-image-preview":"max-image-preview:large","max-video-preview":"max-video-preview:-1"},"canonical":"https:\/\/www.puncturetest.com\/pt\/penetrability-test-for-rubber-stoppers\/","og_locale":"pt_PT","og_type":"article","og_title":"Penetrability Test for Rubber Stoppers - Puncture Test","og_description":"Penetrability test for rubber stoppers to ensure the elastomeric closure quality. Compliant with USP 381, USP 382, and ISO 8871-5.","og_url":"https:\/\/www.puncturetest.com\/pt\/penetrability-test-for-rubber-stoppers\/","og_site_name":"Puncture Test","article_modified_time":"2025-07-03T07:40:44+00:00","twitter_card":"summary_large_image","twitter_misc":{"Tempo estimado de leitura":"3 minutos"},"schema":{"@context":"https:\/\/schema.org","@graph":[{"@type":"WebPage","@id":"https:\/\/www.puncturetest.com\/penetrability-test-for-rubber-stoppers\/","url":"https:\/\/www.puncturetest.com\/penetrability-test-for-rubber-stoppers\/","name":"Teste de Penetrabilidade para Tampas de Borracha - Teste de Pun\u00e7\u00e3o","isPartOf":{"@id":"https:\/\/www.puncturetest.com\/#website"},"datePublished":"2025-01-08T00:50:26+00:00","dateModified":"2025-07-03T07:40:44+00:00","description":"Teste de penetrabilidade para rolhas de borracha para garantir a qualidade do fecho elastom\u00e9rico. Em conformidade com as normas USP 381, USP 382 e ISO 8871-5.","breadcrumb":{"@id":"https:\/\/www.puncturetest.com\/penetrability-test-for-rubber-stoppers\/#breadcrumb"},"inLanguage":"pt-PT","potentialAction":[{"@type":"ReadAction","target":["https:\/\/www.puncturetest.com\/penetrability-test-for-rubber-stoppers\/"]}]},{"@type":"BreadcrumbList","@id":"https:\/\/www.puncturetest.com\/penetrability-test-for-rubber-stoppers\/#breadcrumb","itemListElement":[{"@type":"ListItem","position":1,"name":"Home","item":"https:\/\/www.puncturetest.com\/"},{"@type":"ListItem","position":2,"name":"Penetrability Test for Rubber Stoppers"}]},{"@type":"WebSite","@id":"https:\/\/www.puncturetest.com\/#website","url":"https:\/\/www.puncturetest.com\/","name":"Teste de Softgel","description":"Solu\u00e7\u00f5es para testes de pun\u00e7\u00e3o e penetrabilidade","publisher":{"@id":"https:\/\/www.puncturetest.com\/#organization"},"potentialAction":[{"@type":"SearchAction","target":{"@type":"EntryPoint","urlTemplate":"https:\/\/www.puncturetest.com\/?s={search_term_string}"},"query-input":{"@type":"PropertyValueSpecification","valueRequired":true,"valueName":"search_term_string"}}],"inLanguage":"pt-PT"},{"@type":"Organization","@id":"https:\/\/www.puncturetest.com\/#organization","name":"Teste de Softgel","url":"https:\/\/www.puncturetest.com\/","logo":{"@type":"ImageObject","inLanguage":"pt-PT","@id":"https:\/\/www.puncturetest.com\/#\/schema\/logo\/image\/","url":"https:\/\/www.puncturetest.com\/wp-content\/uploads\/2025\/01\/Softgel-Test-Logo.webp","contentUrl":"https:\/\/www.puncturetest.com\/wp-content\/uploads\/2025\/01\/Softgel-Test-Logo.webp","width":836,"height":238,"caption":"Softgel Test"},"image":{"@id":"https:\/\/www.puncturetest.com\/#\/schema\/logo\/image\/"}}]}},"_links":{"self":[{"href":"https:\/\/www.puncturetest.com\/pt\/wp-json\/wp\/v2\/pages\/23","targetHints":{"allow":["GET"]}}],"collection":[{"href":"https:\/\/www.puncturetest.com\/pt\/wp-json\/wp\/v2\/pages"}],"about":[{"href":"https:\/\/www.puncturetest.com\/pt\/wp-json\/wp\/v2\/types\/page"}],"author":[{"embeddable":true,"href":"https:\/\/www.puncturetest.com\/pt\/wp-json\/wp\/v2\/users\/1"}],"replies":[{"embeddable":true,"href":"https:\/\/www.puncturetest.com\/pt\/wp-json\/wp\/v2\/comments?post=23"}],"version-history":[{"count":5,"href":"https:\/\/www.puncturetest.com\/pt\/wp-json\/wp\/v2\/pages\/23\/revisions"}],"predecessor-version":[{"id":1265,"href":"https:\/\/www.puncturetest.com\/pt\/wp-json\/wp\/v2\/pages\/23\/revisions\/1265"}],"wp:attachment":[{"href":"https:\/\/www.puncturetest.com\/pt\/wp-json\/wp\/v2\/media?parent=23"}],"curies":[{"name":"wp","href":"https:\/\/api.w.org\/{rel}","templated":true}]}}