{"id":23,"date":"2025-01-08T00:50:26","date_gmt":"2025-01-08T00:50:26","guid":{"rendered":"https:\/\/www.puncturetest.com\/?page_id=23"},"modified":"2025-07-03T15:40:44","modified_gmt":"2025-07-03T07:40:44","slug":"penetrability-test-for-rubber-stoppers","status":"publish","type":"page","link":"https:\/\/www.puncturetest.com\/ro\/penetrability-test-for-rubber-stoppers\/","title":{"rendered":"Test de penetrabilitate pentru dopuri de cauciuc"},"content":{"rendered":"<div data-elementor-type=\"wp-page\" data-elementor-id=\"23\" class=\"elementor elementor-23\" data-elementor-post-type=\"page\">\n\t\t\t\t<div class=\"elementor-element elementor-element-f18fd1a e-con-full e-flex e-con e-parent\" data-id=\"f18fd1a\" data-element_type=\"container\">\n\t\t<div class=\"elementor-element elementor-element-9d2e595 e-con-full e-flex e-con e-child\" data-id=\"9d2e595\" data-element_type=\"container\">\n\t\t<div class=\"elementor-element elementor-element-562d936 e-con-full e-flex e-con e-child\" data-id=\"562d936\" data-element_type=\"container\">\n\t\t<div class=\"elementor-element elementor-element-d2c9de3 e-con-full e-flex e-con e-child\" data-id=\"d2c9de3\" data-element_type=\"container\">\n\t\t\t\t<div class=\"elementor-element elementor-element-7ed2e7f elementor-widget elementor-widget-heading\" data-id=\"7ed2e7f\" data-element_type=\"widget\" data-widget_type=\"heading.default\">\n\t\t\t\t<div class=\"elementor-widget-container\">\n\t\t\t\t\t<h1 class=\"elementor-heading-title elementor-size-default\">Test de penetrabilitate pentru dopuri de cauciuc<\/h1>\t\t\t\t<\/div>\n\t\t\t\t<\/div>\n\t\t\t\t<div class=\"elementor-element elementor-element-3d561f2 elementor-widget__width-initial elementor-widget elementor-widget-text-editor\" data-id=\"3d561f2\" data-element_type=\"widget\" data-widget_type=\"text-editor.default\">\n\t\t\t\t<div class=\"elementor-widget-container\">\n\t\t\t\t\t\t\t\t\t<p>noastre <strong>Test de penetrabilitate pentru dopuri de cauciuc<\/strong> asigur\u0103 c\u0103 produsele dvs. \u00eendeplinesc standardele industriale de durabilitate, calitate \u0219i siguran\u021b\u0103. Indiferent dac\u0103 sunte\u021bi \u00een industria farmaceutic\u0103, a dispozitivelor medicale sau a ambalajelor, asigurarea faptului c\u0103 dopurile dvs. de cauciuc pot rezista for\u021belor de penetrare este esen\u021bial\u0103 pentru integritatea produsului. Acest test este esen\u021bial pentru conformitatea cu <strong>USP 381<\/strong>, <strong>USP 382<\/strong>, \u0219i <strong>ISO 8871-5<\/strong> standarde.<\/p><p>Testarea penetrabilit\u0103\u021bii este esen\u021bial\u0103 pentru a se asigura c\u0103 dopurile de cauciuc func\u021bioneaz\u0103 corect \u00een aplica\u021biile de ambalare, \u00een special \u00een sectoarele medical \u0219i farmaceutic. Echipamentul nostru de ultim\u0103 genera\u021bie ofer\u0103 rezultate precise \u0219i repetabile, astfel \u00eenc\u00e2t s\u0103 v\u0103 pute\u021bi asigura c\u0103 dopurile dvs. de cauciuc \u00eendeplinesc toate specifica\u021biile necesare.<\/p>\t\t\t\t\t\t\t\t<\/div>\n\t\t\t\t<\/div>\n\t\t\t\t<div class=\"elementor-element elementor-element-c6cac40 elementor-button-align-stretch elementor-widget elementor-widget-form\" data-id=\"c6cac40\" data-element_type=\"widget\" data-settings=\"{&quot;button_width&quot;:&quot;25&quot;,&quot;step_next_label&quot;:&quot;Next&quot;,&quot;step_previous_label&quot;:&quot;Previous&quot;,&quot;step_type&quot;:&quot;number_text&quot;,&quot;step_icon_shape&quot;:&quot;circle&quot;}\" data-widget_type=\"form.default\">\n\t\t\t\t<div class=\"elementor-widget-container\">\n\t\t\t\t\t\t\t<form class=\"elementor-form\" method=\"post\" name=\"New Form\" action=\"\">\n\t\t\t<input type=\"hidden\" name=\"post_id\" value=\"23\"\/>\n\t\t\t<input type=\"hidden\" name=\"form_id\" value=\"c6cac40\"\/>\n\t\t\t<input type=\"hidden\" name=\"referer_title\" value=\"Puncture Test\" \/>\n\n\t\t\t\n\t\t\t<div class=\"elementor-form-fields-wrapper elementor-labels-\">\n\t\t\t\t\t\t\t\t<div class=\"elementor-field-type-text elementor-field-group elementor-column elementor-field-group-name elementor-col-100 elementor-field-required\">\n\t\t\t\t\t\t\t\t\t\t\t\t<label for=\"form-field-name\" class=\"elementor-field-label elementor-screen-only\">\n\t\t\t\t\t\t\t\tNume \u0219i prenume\t\t\t\t\t\t\t<\/label>\n\t\t\t\t\t\t\t\t\t\t\t\t\t\t<input size=\"1\" type=\"text\" name=\"form_fields[name]\" id=\"form-field-name\" class=\"elementor-field elementor-size-sm  elementor-field-textual\" placeholder=\"Nume \u0219i prenume\" required=\"required\" aria-required=\"true\">\n\t\t\t\t\t\t\t\t\t\t\t<\/div>\n\t\t\t\t\t\t\t\t<div class=\"elementor-field-type-text elementor-field-group elementor-column elementor-field-group-field_26b0101 elementor-col-100\">\n\t\t\t\t\t\t\t\t\t\t\t\t<label for=\"form-field-field_26b0101\" class=\"elementor-field-label elementor-screen-only\">\n\t\t\t\t\t\t\t\tCompania\t\t\t\t\t\t\t<\/label>\n\t\t\t\t\t\t\t\t\t\t\t\t\t\t<input size=\"1\" type=\"text\" name=\"form_fields[field_26b0101]\" id=\"form-field-field_26b0101\" class=\"elementor-field elementor-size-sm  elementor-field-textual\" placeholder=\"Compania\">\n\t\t\t\t\t\t\t\t\t\t\t<\/div>\n\t\t\t\t\t\t\t\t<div class=\"elementor-field-type-email elementor-field-group elementor-column elementor-field-group-email elementor-col-100 elementor-field-required\">\n\t\t\t\t\t\t\t\t\t\t\t\t<label for=\"form-field-email\" class=\"elementor-field-label elementor-screen-only\">\n\t\t\t\t\t\t\t\tE-mail\t\t\t\t\t\t\t<\/label>\n\t\t\t\t\t\t\t\t\t\t\t\t\t\t<input size=\"1\" type=\"email\" name=\"form_fields[email]\" id=\"form-field-email\" class=\"elementor-field elementor-size-sm  elementor-field-textual\" placeholder=\"E-mail\" required=\"required\" aria-required=\"true\">\n\t\t\t\t\t\t\t\t\t\t\t<\/div>\n\t\t\t\t\t\t\t\t<div class=\"elementor-field-type-textarea elementor-field-group elementor-column elementor-field-group-message elementor-col-100\">\n\t\t\t\t\t\t\t\t\t\t\t\t<label for=\"form-field-message\" class=\"elementor-field-label elementor-screen-only\">\n\t\t\t\t\t\t\t\tMesaj\t\t\t\t\t\t\t<\/label>\n\t\t\t\t\t\t<textarea class=\"elementor-field-textual elementor-field  elementor-size-sm\" name=\"form_fields[message]\" id=\"form-field-message\" rows=\"4\" placeholder=\"Mesaj\"><\/textarea>\t\t\t\t<\/div>\n\t\t\t\t\t\t\t\t<div class=\"elementor-field-type-recaptcha elementor-field-group elementor-column elementor-field-group-field_50f0fd6 elementor-col-100\">\n\t\t\t\t\t<div class=\"elementor-field\" id=\"form-field-field_50f0fd6\"><div class=\"elementor-g-recaptcha\" data-sitekey=\"6LcO3HUrAAAAAKhAi3KjswdM4-_7i5zKd1s5FO2N\" data-type=\"v2_checkbox\" data-theme=\"light\" data-size=\"normal\"><\/div><\/div>\t\t\t\t<\/div>\n\t\t\t\t\t\t\t\t<div class=\"elementor-field-group elementor-column elementor-field-type-submit elementor-col-25 e-form__buttons\">\n\t\t\t\t\t<button class=\"elementor-button elementor-size-sm\" type=\"submit\">\n\t\t\t\t\t\t<span class=\"elementor-button-content-wrapper\">\n\t\t\t\t\t\t\t\t\t\t\t\t\t\t\t\t\t\t\t\t\t\t<span class=\"elementor-button-text\">Trimite\u021bi<\/span>\n\t\t\t\t\t\t\t\t\t\t\t\t\t<\/span>\n\t\t\t\t\t<\/button>\n\t\t\t\t<\/div>\n\t\t\t<\/div>\n\t\t<input type=\"hidden\" name=\"trp-form-language\" value=\"ro\"\/><\/form>\n\t\t\t\t\t\t<\/div>\n\t\t\t\t<\/div>\n\t\t\t\t<\/div>\n\t\t\t\t<\/div>\n\t\t<div class=\"elementor-element elementor-element-26eab2a e-con-full e-flex e-con e-child\" data-id=\"26eab2a\" data-element_type=\"container\" data-settings=\"{&quot;background_background&quot;:&quot;classic&quot;}\">\n\t\t\t\t<\/div>\n\t\t\t\t<\/div>\n\t\t\t\t<\/div>\n\t\t<div class=\"elementor-element elementor-element-479d18a e-flex e-con-boxed e-con e-parent\" data-id=\"479d18a\" data-element_type=\"container\">\n\t\t\t\t\t<div class=\"e-con-inner\">\n\t\t\t\t<div class=\"elementor-element elementor-element-c2e3a1f elementor-widget elementor-widget-heading\" data-id=\"c2e3a1f\" data-element_type=\"widget\" data-widget_type=\"heading.default\">\n\t\t\t\t<div class=\"elementor-widget-container\">\n\t\t\t\t\t<h2 class=\"elementor-heading-title elementor-size-default\">Ce este un test de penetrabilitate?<\/h2>\t\t\t\t<\/div>\n\t\t\t\t<\/div>\n\t\t\t\t<div class=\"elementor-element elementor-element-48ad507 elementor-widget elementor-widget-text-editor\" data-id=\"48ad507\" data-element_type=\"widget\" data-widget_type=\"text-editor.default\">\n\t\t\t\t<div class=\"elementor-widget-container\">\n\t\t\t\t\t\t\t\t\t<p><strong>Test de penetrabilitate<\/strong> m\u0103soar\u0103 rezisten\u021ba dopurilor de cauciuc la penetrarea de c\u0103tre un ac sau alt dispozitiv. Acest test este deosebit de important pentru a se asigura c\u0103 dopurile de cauciuc nu numai c\u0103 asigur\u0103 o etan\u0219are corespunz\u0103toare, dar \u0219i c\u0103 rezist\u0103 la orice for\u021b\u0103 \u00een timpul proceselor de umplere sau de etan\u0219are \u00een aplica\u021biile de ambalare farmaceutic\u0103 \u0219i medical\u0103. Un tester fiabil de penetrabilitate m\u0103soar\u0103 c\u00e2t de u\u0219or p\u0103trunde un ac sau un dispozitiv similar \u00een dop, ceea ce este vital pentru men\u021binerea siguran\u021bei \u0219i func\u021bionalit\u0103\u021bii produsului.<\/p><p>Pentru produc\u0103tori, acest test garanteaz\u0103 c\u0103 dopurile vor r\u0103m\u00e2ne intacte \u00een timpul depozit\u0103rii, manipul\u0103rii \u0219i utiliz\u0103rii. Este deosebit de relevant pentru cei care lucreaz\u0103 \u00een <strong>ambalaje farmaceutice<\/strong>, <strong>dispozitive medicale<\/strong>\u0219i orice aplica\u021bie \u00een care dopurile de cauciuc fac parte dintr-un sistem de etan\u0219are.<\/p>\t\t\t\t\t\t\t\t<\/div>\n\t\t\t\t<\/div>\n\t\t\t\t\t<\/div>\n\t\t\t\t<\/div>\n\t\t<div class=\"elementor-element elementor-element-12d57d9 e-flex e-con-boxed e-con e-parent\" data-id=\"12d57d9\" data-element_type=\"container\">\n\t\t\t\t\t<div class=\"e-con-inner\">\n\t\t\t\t<div class=\"elementor-element elementor-element-3c75198 elementor-widget elementor-widget-heading\" data-id=\"3c75198\" data-element_type=\"widget\" data-widget_type=\"heading.default\">\n\t\t\t\t<div class=\"elementor-widget-container\">\n\t\t\t\t\t<h2 class=\"elementor-heading-title elementor-size-default\">Test de penetrabilitate pentru dopuri de cauciuc - Standarde de testare cheie<\/h2>\t\t\t\t<\/div>\n\t\t\t\t<\/div>\n\t\t\t\t<div class=\"elementor-element elementor-element-c592e60 elementor-widget elementor-widget-text-editor\" data-id=\"c592e60\" data-element_type=\"widget\" data-widget_type=\"text-editor.default\">\n\t\t\t\t<div class=\"elementor-widget-container\">\n\t\t\t\t\t\t\t\t\t<ul><li><p>Respectarea standardelor industriale este esen\u021bial\u0103 pentru a v\u0103 asigura c\u0103 dopurile dvs. de cauciuc sunt adecvate pentru utilizarea \u00een ambalaje farmaceutice \u0219i medicale. Noi asigur\u0103m conformitatea deplin\u0103 cu urm\u0103toarele standarde esen\u021biale:<\/p><ol><li><strong>USP 381<\/strong><br \/>The <strong>Farmacopeea Statelor Unite (USP) 381<\/strong> specific\u0103 caracteristicile fizice \u0219i cerin\u021bele de performan\u021b\u0103 pentru dopurile de cauciuc utilizate \u00een aplica\u021bii farmaceutice. Conformitatea cu USP 381 asigur\u0103 c\u0103 dopul \u00eendepline\u0219te standardele necesare de func\u021bionalitate \u0219i siguran\u021b\u0103.<ul><li><strong><u>Afla\u021bi mai multe despre USP 381<\/u><\/strong><\/li><\/ul><\/li><li><strong>USP 382<\/strong><br \/><strong>USP 382<\/strong> ofer\u0103 orient\u0103ri pentru dopurile de cauciuc utilizate \u00een ambalarea medicamentelor injectabile. Acesta abordeaz\u0103 cerin\u021bele privind stabilitatea chimic\u0103, compatibilitatea \u0219i rezisten\u021ba la penetrare.<ul><li><strong><u>Citi\u021bi mai multe despre conformitatea cu USP 382<\/u><\/strong><\/li><\/ul><\/li><li><strong>ISO 8871-5<\/strong><br \/>The <strong>ISO 8871-5<\/strong> specific\u0103 criteriile de testare pentru dopurile de cauciuc utilizate \u00een dispozitivele medicale. Se concentreaz\u0103 pe materiale, rezisten\u021ba la penetrare \u0219i performan\u021ba atunci c\u00e2nd sunt supuse for\u021belor externe.<ul><li><strong><u>Explora\u021bi standardele ISO 8871-5<\/u><\/strong><\/li><\/ul><\/li><\/ol><\/li><\/ul>\t\t\t\t\t\t\t\t<\/div>\n\t\t\t\t<\/div>\n\t\t\t\t\t<\/div>\n\t\t\t\t<\/div>\n\t\t<div class=\"elementor-element elementor-element-3b029b0 e-flex e-con-boxed e-con e-parent\" data-id=\"3b029b0\" data-element_type=\"container\">\n\t\t\t\t\t<div class=\"e-con-inner\">\n\t\t\t\t<div class=\"elementor-element elementor-element-09228fb elementor-widget elementor-widget-heading\" data-id=\"09228fb\" data-element_type=\"widget\" data-widget_type=\"heading.default\">\n\t\t\t\t<div class=\"elementor-widget-container\">\n\t\t\t\t\t<h2 class=\"elementor-heading-title elementor-size-default\">Echipament de testare a penetrabilit\u0103\u021bii acului<\/h2>\t\t\t\t<\/div>\n\t\t\t\t<\/div>\n\t\t\t\t<div class=\"elementor-element elementor-element-56d2ff5 elementor-widget elementor-widget-text-editor\" data-id=\"56d2ff5\" data-element_type=\"widget\" data-widget_type=\"text-editor.default\">\n\t\t\t\t<div class=\"elementor-widget-container\">\n\t\t\t\t\t\t\t\t\t<p>noastre <strong>Tester de penetrabilitate<\/strong>\u00a0sunt concepute pentru a oferi rezultate precise, consecvente \u0219i fiabile pentru testarea dopurilor de cauciuc. Fie c\u0103 testa\u021bi pentru conformitatea cu reglement\u0103rile sau pentru a asigura controlul calit\u0103\u021bii \u00een produc\u021bie, echipamentul nostru ofer\u0103 precizia necesar\u0103 pentru a evalua \u00een mod eficient rezisten\u021ba la penetrare.<\/p><p>Principalele caracteristici ale sistemului nostru <strong>Testere de penetrabilitate<\/strong>:<\/p><ul><li>Precizie \u0219i acurate\u021be: Testerele noastre ofer\u0103 rezultate consecvente care \u00eendeplinesc cele mai \u00eenalte standarde industriale.<\/li><li>Conformitate cu standardele industriei: \u00cen deplin\u0103 conformitate cu USP 381, USP 382 \u0219i ISO 8871-5.<\/li><li>Interfa\u021b\u0103 u\u0219or de utilizat: U\u0219or de utilizat, cu func\u021bii automate de raportare.<\/li><li>Performan\u021b\u0103 fiabil\u0103: De \u00eencredere de c\u0103tre profesioni\u0219tii din industrie pentru rezultate precise \u0219i repetabile.<\/li><li>Asisten\u021b\u0103 cuprinz\u0103toare: De la instalare la instruire \u0219i asisten\u021b\u0103 continu\u0103, oferim o solu\u021bie complet\u0103.<\/li><\/ul>\t\t\t\t\t\t\t\t<\/div>\n\t\t\t\t<\/div>\n\t\t\t\t\t<\/div>\n\t\t\t\t<\/div>\n\t\t<div class=\"elementor-element elementor-element-4be815d e-con-full e-flex e-con e-parent\" data-id=\"4be815d\" data-element_type=\"container\">\n\t\t\t\t<div class=\"elementor-element elementor-element-a575706 elementor-cta--skin-classic elementor-animated-content elementor-bg-transform elementor-bg-transform-zoom-in elementor-widget elementor-widget-call-to-action\" data-id=\"a575706\" data-element_type=\"widget\" data-widget_type=\"call-to-action.default\">\n\t\t\t\t<div class=\"elementor-widget-container\">\n\t\t\t\t\t\t\t<div class=\"elementor-cta\">\n\t\t\t\t\t<div class=\"elementor-cta__bg-wrapper\">\n\t\t\t\t<div class=\"elementor-cta__bg elementor-bg\" style=\"background-image: url(https:\/\/www.puncturetest.com\/wp-content\/uploads\/2025\/02\/Elastomeric-Closures-Penetrability-Test-1024x256.webp);\" role=\"img\" aria-label=\"Test de penetrabilitate a \u00eenchiderilor elastomerice\"><\/div>\n\t\t\t\t<div class=\"elementor-cta__bg-overlay\"><\/div>\n\t\t\t<\/div>\n\t\t\t\t\t\t\t<div class=\"elementor-cta__content\">\n\t\t\t\t\n\t\t\t\t\t\t\t\t\t<h2 class=\"elementor-cta__title elementor-cta__content-item elementor-content-item\">\n\t\t\t\t\t\tExplora\u021bi testerul nostru de penetrabilitate - Contacta\u021bi-ne pentru a afla mai multe\t\t\t\t\t<\/h2>\n\t\t\t\t\n\t\t\t\t\t\t\t\t\t<div class=\"elementor-cta__description elementor-cta__content-item elementor-content-item\">\n\t\t\t\t\t\tSunte\u021bi gata s\u0103 v\u0103 asigura\u021bi c\u0103 dopurile dvs. de cauciuc \u00eendeplinesc standardele necesare? Accesa\u021bi rapoarte de testare detaliate, solicita\u021bi o ofert\u0103 sau contacta\u021bi echipa noastr\u0103 pentru mai multe informa\u021bii despre serviciile noastre de testare a penetrabilit\u0103\u021bii.\t\t\t\t\t<\/div>\n\t\t\t\t\n\t\t\t\t\t\t\t\t\t<div class=\"elementor-cta__button-wrapper elementor-cta__content-item elementor-content-item\">\n\t\t\t\t\t<a class=\"elementor-cta__button elementor-button elementor-size-\" href=\"https:\/\/www.puncturetest.com\/ro\/contact\/\">\n\t\t\t\t\t\tContacta\u021bi-ne\t\t\t\t\t<\/a>\n\t\t\t\t\t<\/div>\n\t\t\t\t\t\t\t<\/div>\n\t\t\t\t\t\t<\/div>\n\t\t\t\t\t\t<\/div>\n\t\t\t\t<\/div>\n\t\t\t\t<\/div>\n\t\t\t\t<\/div>","protected":false},"excerpt":{"rendered":"<p>Penetrability Test for Rubber Stoppers Our Penetrability Test for Rubber Stoppers ensures your products meet industry standards for durability, quality, and safety. Whether you\u2019re in the pharmaceutical, medical device, or packaging industries, ensuring that your rubber stoppers can withstand penetration forces is critical for product integrity. This test is essential for compliance with USP 381, [&hellip;]<\/p>","protected":false},"author":1,"featured_media":0,"parent":0,"menu_order":0,"comment_status":"closed","ping_status":"closed","template":"elementor_header_footer","meta":{"footnotes":""},"class_list":["post-23","page","type-page","status-publish","hentry"],"yoast_head":"<!-- This site is optimized with the Yoast SEO plugin v25.0 - https:\/\/yoast.com\/wordpress\/plugins\/seo\/ -->\n<title>Penetrability Test for Rubber Stoppers - Puncture Test<\/title>\n<meta name=\"description\" content=\"Penetrability test for rubber stoppers to ensure the elastomeric closure quality. Compliant with USP 381, USP 382, and ISO 8871-5.\" \/>\n<meta name=\"robots\" content=\"index, follow, max-snippet:-1, max-image-preview:large, max-video-preview:-1\" \/>\n<link rel=\"canonical\" href=\"https:\/\/www.puncturetest.com\/ro\/penetrability-test-for-rubber-stoppers\/\" \/>\n<meta property=\"og:locale\" content=\"ro_RO\" \/>\n<meta property=\"og:type\" content=\"article\" \/>\n<meta property=\"og:title\" content=\"Penetrability Test for Rubber Stoppers - Puncture Test\" \/>\n<meta property=\"og:description\" content=\"Penetrability test for rubber stoppers to ensure the elastomeric closure quality. Compliant with USP 381, USP 382, and ISO 8871-5.\" \/>\n<meta property=\"og:url\" content=\"https:\/\/www.puncturetest.com\/ro\/penetrability-test-for-rubber-stoppers\/\" \/>\n<meta property=\"og:site_name\" content=\"Puncture Test\" \/>\n<meta property=\"article:modified_time\" content=\"2025-07-03T07:40:44+00:00\" \/>\n<meta name=\"twitter:card\" content=\"summary_large_image\" \/>\n<meta name=\"twitter:label1\" content=\"Timp estimat pentru citire\" \/>\n\t<meta name=\"twitter:data1\" content=\"3 minute\" \/>\n<script type=\"application\/ld+json\" class=\"yoast-schema-graph\">{\"@context\":\"https:\/\/schema.org\",\"@graph\":[{\"@type\":\"WebPage\",\"@id\":\"https:\/\/www.puncturetest.com\/penetrability-test-for-rubber-stoppers\/\",\"url\":\"https:\/\/www.puncturetest.com\/penetrability-test-for-rubber-stoppers\/\",\"name\":\"Penetrability Test for Rubber Stoppers - Puncture Test\",\"isPartOf\":{\"@id\":\"https:\/\/www.puncturetest.com\/#website\"},\"datePublished\":\"2025-01-08T00:50:26+00:00\",\"dateModified\":\"2025-07-03T07:40:44+00:00\",\"description\":\"Penetrability test for rubber stoppers to ensure the elastomeric closure quality. Compliant with USP 381, USP 382, and ISO 8871-5.\",\"breadcrumb\":{\"@id\":\"https:\/\/www.puncturetest.com\/penetrability-test-for-rubber-stoppers\/#breadcrumb\"},\"inLanguage\":\"ro-RO\",\"potentialAction\":[{\"@type\":\"ReadAction\",\"target\":[\"https:\/\/www.puncturetest.com\/penetrability-test-for-rubber-stoppers\/\"]}]},{\"@type\":\"BreadcrumbList\",\"@id\":\"https:\/\/www.puncturetest.com\/penetrability-test-for-rubber-stoppers\/#breadcrumb\",\"itemListElement\":[{\"@type\":\"ListItem\",\"position\":1,\"name\":\"Home\",\"item\":\"https:\/\/www.puncturetest.com\/\"},{\"@type\":\"ListItem\",\"position\":2,\"name\":\"Penetrability Test for Rubber Stoppers\"}]},{\"@type\":\"WebSite\",\"@id\":\"https:\/\/www.puncturetest.com\/#website\",\"url\":\"https:\/\/www.puncturetest.com\/\",\"name\":\"Softgel Test\",\"description\":\"Puncture and Penetrabiity Test Solutions\",\"publisher\":{\"@id\":\"https:\/\/www.puncturetest.com\/#organization\"},\"potentialAction\":[{\"@type\":\"SearchAction\",\"target\":{\"@type\":\"EntryPoint\",\"urlTemplate\":\"https:\/\/www.puncturetest.com\/?s={search_term_string}\"},\"query-input\":{\"@type\":\"PropertyValueSpecification\",\"valueRequired\":true,\"valueName\":\"search_term_string\"}}],\"inLanguage\":\"ro-RO\"},{\"@type\":\"Organization\",\"@id\":\"https:\/\/www.puncturetest.com\/#organization\",\"name\":\"Softgel Test\",\"url\":\"https:\/\/www.puncturetest.com\/\",\"logo\":{\"@type\":\"ImageObject\",\"inLanguage\":\"ro-RO\",\"@id\":\"https:\/\/www.puncturetest.com\/#\/schema\/logo\/image\/\",\"url\":\"https:\/\/www.puncturetest.com\/wp-content\/uploads\/2025\/01\/Softgel-Test-Logo.webp\",\"contentUrl\":\"https:\/\/www.puncturetest.com\/wp-content\/uploads\/2025\/01\/Softgel-Test-Logo.webp\",\"width\":836,\"height\":238,\"caption\":\"Softgel Test\"},\"image\":{\"@id\":\"https:\/\/www.puncturetest.com\/#\/schema\/logo\/image\/\"}}]}<\/script>\n<!-- \/ Yoast SEO plugin. -->","yoast_head_json":{"title":"Test de penetrabilitate pentru dopuri de cauciuc - Test de perforare","description":"Test de penetrabilitate pentru dopurile de cauciuc pentru a asigura calitatea \u00eenchiderii elastomerice. \u00cen conformitate cu USP 381, USP 382 \u0219i ISO 8871-5.","robots":{"index":"index","follow":"follow","max-snippet":"max-snippet:-1","max-image-preview":"max-image-preview:large","max-video-preview":"max-video-preview:-1"},"canonical":"https:\/\/www.puncturetest.com\/ro\/penetrability-test-for-rubber-stoppers\/","og_locale":"ro_RO","og_type":"article","og_title":"Penetrability Test for Rubber Stoppers - Puncture Test","og_description":"Penetrability test for rubber stoppers to ensure the elastomeric closure quality. Compliant with USP 381, USP 382, and ISO 8871-5.","og_url":"https:\/\/www.puncturetest.com\/ro\/penetrability-test-for-rubber-stoppers\/","og_site_name":"Puncture Test","article_modified_time":"2025-07-03T07:40:44+00:00","twitter_card":"summary_large_image","twitter_misc":{"Timp estimat pentru citire":"3 minute"},"schema":{"@context":"https:\/\/schema.org","@graph":[{"@type":"WebPage","@id":"https:\/\/www.puncturetest.com\/penetrability-test-for-rubber-stoppers\/","url":"https:\/\/www.puncturetest.com\/penetrability-test-for-rubber-stoppers\/","name":"Test de penetrabilitate pentru dopuri de cauciuc - Test de perforare","isPartOf":{"@id":"https:\/\/www.puncturetest.com\/#website"},"datePublished":"2025-01-08T00:50:26+00:00","dateModified":"2025-07-03T07:40:44+00:00","description":"Test de penetrabilitate pentru dopurile de cauciuc pentru a asigura calitatea \u00eenchiderii elastomerice. \u00cen conformitate cu USP 381, USP 382 \u0219i ISO 8871-5.","breadcrumb":{"@id":"https:\/\/www.puncturetest.com\/penetrability-test-for-rubber-stoppers\/#breadcrumb"},"inLanguage":"ro-RO","potentialAction":[{"@type":"ReadAction","target":["https:\/\/www.puncturetest.com\/penetrability-test-for-rubber-stoppers\/"]}]},{"@type":"BreadcrumbList","@id":"https:\/\/www.puncturetest.com\/penetrability-test-for-rubber-stoppers\/#breadcrumb","itemListElement":[{"@type":"ListItem","position":1,"name":"Home","item":"https:\/\/www.puncturetest.com\/"},{"@type":"ListItem","position":2,"name":"Penetrability Test for Rubber Stoppers"}]},{"@type":"WebSite","@id":"https:\/\/www.puncturetest.com\/#website","url":"https:\/\/www.puncturetest.com\/","name":"Softgel Test","description":"Solu\u021bii pentru testul de punc\u021bie \u0219i penetrabilitate","publisher":{"@id":"https:\/\/www.puncturetest.com\/#organization"},"potentialAction":[{"@type":"SearchAction","target":{"@type":"EntryPoint","urlTemplate":"https:\/\/www.puncturetest.com\/?s={search_term_string}"},"query-input":{"@type":"PropertyValueSpecification","valueRequired":true,"valueName":"search_term_string"}}],"inLanguage":"ro-RO"},{"@type":"Organization","@id":"https:\/\/www.puncturetest.com\/#organization","name":"Softgel Test","url":"https:\/\/www.puncturetest.com\/","logo":{"@type":"ImageObject","inLanguage":"ro-RO","@id":"https:\/\/www.puncturetest.com\/#\/schema\/logo\/image\/","url":"https:\/\/www.puncturetest.com\/wp-content\/uploads\/2025\/01\/Softgel-Test-Logo.webp","contentUrl":"https:\/\/www.puncturetest.com\/wp-content\/uploads\/2025\/01\/Softgel-Test-Logo.webp","width":836,"height":238,"caption":"Softgel Test"},"image":{"@id":"https:\/\/www.puncturetest.com\/#\/schema\/logo\/image\/"}}]}},"_links":{"self":[{"href":"https:\/\/www.puncturetest.com\/ro\/wp-json\/wp\/v2\/pages\/23","targetHints":{"allow":["GET"]}}],"collection":[{"href":"https:\/\/www.puncturetest.com\/ro\/wp-json\/wp\/v2\/pages"}],"about":[{"href":"https:\/\/www.puncturetest.com\/ro\/wp-json\/wp\/v2\/types\/page"}],"author":[{"embeddable":true,"href":"https:\/\/www.puncturetest.com\/ro\/wp-json\/wp\/v2\/users\/1"}],"replies":[{"embeddable":true,"href":"https:\/\/www.puncturetest.com\/ro\/wp-json\/wp\/v2\/comments?post=23"}],"version-history":[{"count":5,"href":"https:\/\/www.puncturetest.com\/ro\/wp-json\/wp\/v2\/pages\/23\/revisions"}],"predecessor-version":[{"id":1265,"href":"https:\/\/www.puncturetest.com\/ro\/wp-json\/wp\/v2\/pages\/23\/revisions\/1265"}],"wp:attachment":[{"href":"https:\/\/www.puncturetest.com\/ro\/wp-json\/wp\/v2\/media?parent=23"}],"curies":[{"name":"wp","href":"https:\/\/api.w.org\/{rel}","templated":true}]}}