{"id":23,"date":"2025-01-08T00:50:26","date_gmt":"2025-01-08T00:50:26","guid":{"rendered":"https:\/\/www.puncturetest.com\/?page_id=23"},"modified":"2025-07-03T15:40:44","modified_gmt":"2025-07-03T07:40:44","slug":"penetrability-test-for-rubber-stoppers","status":"publish","type":"page","link":"https:\/\/www.puncturetest.com\/sl\/penetrability-test-for-rubber-stoppers\/","title":{"rendered":"Preskus pronicljivosti za gumijaste zama\u0161ke"},"content":{"rendered":"<div data-elementor-type=\"wp-page\" data-elementor-id=\"23\" class=\"elementor elementor-23\" data-elementor-post-type=\"page\">\n\t\t\t\t<div class=\"elementor-element elementor-element-f18fd1a e-con-full e-flex e-con e-parent\" data-id=\"f18fd1a\" data-element_type=\"container\">\n\t\t<div class=\"elementor-element elementor-element-9d2e595 e-con-full e-flex e-con e-child\" data-id=\"9d2e595\" data-element_type=\"container\">\n\t\t<div class=\"elementor-element elementor-element-562d936 e-con-full e-flex e-con e-child\" data-id=\"562d936\" data-element_type=\"container\">\n\t\t<div class=\"elementor-element elementor-element-d2c9de3 e-con-full e-flex e-con e-child\" data-id=\"d2c9de3\" data-element_type=\"container\">\n\t\t\t\t<div class=\"elementor-element elementor-element-7ed2e7f elementor-widget elementor-widget-heading\" data-id=\"7ed2e7f\" data-element_type=\"widget\" data-widget_type=\"heading.default\">\n\t\t\t\t<div class=\"elementor-widget-container\">\n\t\t\t\t\t<h1 class=\"elementor-heading-title elementor-size-default\">Preskus pronicljivosti za gumijaste zama\u0161ke<\/h1>\t\t\t\t<\/div>\n\t\t\t\t<\/div>\n\t\t\t\t<div class=\"elementor-element elementor-element-3d561f2 elementor-widget__width-initial elementor-widget elementor-widget-text-editor\" data-id=\"3d561f2\" data-element_type=\"widget\" data-widget_type=\"text-editor.default\">\n\t\t\t\t<div class=\"elementor-widget-container\">\n\t\t\t\t\t\t\t\t\t<p>Na\u0161 <strong>Preskus pronicljivosti za gumijaste zama\u0161ke<\/strong> zagotavlja, da va\u0161i izdelki ustrezajo industrijskim standardom glede trajnosti, kakovosti in varnosti. Ne glede na to, ali ste v farmacevtski industriji, industriji medicinskih pripomo\u010dkov ali industriji pakiranja, je zagotavljanje, da gumijasti zama\u0161ki vzdr\u017eijo penetracijske sile, klju\u010dnega pomena za celovitost izdelka. Ta preskus je bistvenega pomena za skladnost z <strong>USP 381<\/strong>, <strong>USP 382<\/strong>in <strong>ISO 8871-5<\/strong> standardi.<\/p><p>Preizku\u0161anje prepustnosti je klju\u010dnega pomena za zagotavljanje pravilnega delovanja gumijastih zama\u0161kov v embala\u017ei, zlasti v medicinskem in farmacevtskem sektorju. Na\u0161a najsodobnej\u0161a oprema zagotavlja natan\u010dne in ponovljive rezultate, zato lahko zagotovite, da va\u0161i gumijasti zama\u0161ki izpolnjujejo vse zahtevane specifikacije.<\/p>\t\t\t\t\t\t\t\t<\/div>\n\t\t\t\t<\/div>\n\t\t\t\t<div class=\"elementor-element elementor-element-c6cac40 elementor-button-align-stretch elementor-widget elementor-widget-form\" data-id=\"c6cac40\" data-element_type=\"widget\" data-settings=\"{&quot;button_width&quot;:&quot;25&quot;,&quot;step_next_label&quot;:&quot;Next&quot;,&quot;step_previous_label&quot;:&quot;Previous&quot;,&quot;step_type&quot;:&quot;number_text&quot;,&quot;step_icon_shape&quot;:&quot;circle&quot;}\" data-widget_type=\"form.default\">\n\t\t\t\t<div class=\"elementor-widget-container\">\n\t\t\t\t\t\t\t<form class=\"elementor-form\" method=\"post\" name=\"New Form\" action=\"\">\n\t\t\t<input type=\"hidden\" name=\"post_id\" value=\"23\"\/>\n\t\t\t<input type=\"hidden\" name=\"form_id\" value=\"c6cac40\"\/>\n\t\t\t<input type=\"hidden\" name=\"referer_title\" value=\"Puncture Test\" \/>\n\n\t\t\t\n\t\t\t<div class=\"elementor-form-fields-wrapper elementor-labels-\">\n\t\t\t\t\t\t\t\t<div class=\"elementor-field-type-text elementor-field-group elementor-column elementor-field-group-name elementor-col-100 elementor-field-required\">\n\t\t\t\t\t\t\t\t\t\t\t\t<label for=\"form-field-name\" class=\"elementor-field-label elementor-screen-only\">\n\t\t\t\t\t\t\t\tIme\t\t\t\t\t\t\t<\/label>\n\t\t\t\t\t\t\t\t\t\t\t\t\t\t<input size=\"1\" type=\"text\" name=\"form_fields[name]\" id=\"form-field-name\" class=\"elementor-field elementor-size-sm  elementor-field-textual\" placeholder=\"Ime\" required=\"required\" aria-required=\"true\">\n\t\t\t\t\t\t\t\t\t\t\t<\/div>\n\t\t\t\t\t\t\t\t<div class=\"elementor-field-type-text elementor-field-group elementor-column elementor-field-group-field_26b0101 elementor-col-100\">\n\t\t\t\t\t\t\t\t\t\t\t\t<label for=\"form-field-field_26b0101\" class=\"elementor-field-label elementor-screen-only\">\n\t\t\t\t\t\t\t\tPodjetje\t\t\t\t\t\t\t<\/label>\n\t\t\t\t\t\t\t\t\t\t\t\t\t\t<input size=\"1\" type=\"text\" name=\"form_fields[field_26b0101]\" id=\"form-field-field_26b0101\" class=\"elementor-field elementor-size-sm  elementor-field-textual\" placeholder=\"Podjetje\">\n\t\t\t\t\t\t\t\t\t\t\t<\/div>\n\t\t\t\t\t\t\t\t<div class=\"elementor-field-type-email elementor-field-group elementor-column elementor-field-group-email elementor-col-100 elementor-field-required\">\n\t\t\t\t\t\t\t\t\t\t\t\t<label for=\"form-field-email\" class=\"elementor-field-label elementor-screen-only\">\n\t\t\t\t\t\t\t\tE-po\u0161ta\t\t\t\t\t\t\t<\/label>\n\t\t\t\t\t\t\t\t\t\t\t\t\t\t<input size=\"1\" type=\"email\" name=\"form_fields[email]\" id=\"form-field-email\" class=\"elementor-field elementor-size-sm  elementor-field-textual\" placeholder=\"E-po\u0161ta\" required=\"required\" aria-required=\"true\">\n\t\t\t\t\t\t\t\t\t\t\t<\/div>\n\t\t\t\t\t\t\t\t<div class=\"elementor-field-type-textarea elementor-field-group elementor-column elementor-field-group-message elementor-col-100\">\n\t\t\t\t\t\t\t\t\t\t\t\t<label for=\"form-field-message\" class=\"elementor-field-label elementor-screen-only\">\n\t\t\t\t\t\t\t\tSporo\u010dilo\t\t\t\t\t\t\t<\/label>\n\t\t\t\t\t\t<textarea class=\"elementor-field-textual elementor-field  elementor-size-sm\" name=\"form_fields[message]\" id=\"form-field-message\" rows=\"4\" placeholder=\"Sporo\u010dilo\"><\/textarea>\t\t\t\t<\/div>\n\t\t\t\t\t\t\t\t<div class=\"elementor-field-type-recaptcha elementor-field-group elementor-column elementor-field-group-field_50f0fd6 elementor-col-100\">\n\t\t\t\t\t<div class=\"elementor-field\" id=\"form-field-field_50f0fd6\"><div class=\"elementor-g-recaptcha\" data-sitekey=\"6LcO3HUrAAAAAKhAi3KjswdM4-_7i5zKd1s5FO2N\" data-type=\"v2_checkbox\" data-theme=\"light\" data-size=\"normal\"><\/div><\/div>\t\t\t\t<\/div>\n\t\t\t\t\t\t\t\t<div class=\"elementor-field-group elementor-column elementor-field-type-submit elementor-col-25 e-form__buttons\">\n\t\t\t\t\t<button class=\"elementor-button elementor-size-sm\" type=\"submit\">\n\t\t\t\t\t\t<span class=\"elementor-button-content-wrapper\">\n\t\t\t\t\t\t\t\t\t\t\t\t\t\t\t\t\t\t\t\t\t\t<span class=\"elementor-button-text\">Po\u0161lji<\/span>\n\t\t\t\t\t\t\t\t\t\t\t\t\t<\/span>\n\t\t\t\t\t<\/button>\n\t\t\t\t<\/div>\n\t\t\t<\/div>\n\t\t<input type=\"hidden\" name=\"trp-form-language\" value=\"sl\"\/><\/form>\n\t\t\t\t\t\t<\/div>\n\t\t\t\t<\/div>\n\t\t\t\t<\/div>\n\t\t\t\t<\/div>\n\t\t<div class=\"elementor-element elementor-element-26eab2a e-con-full e-flex e-con e-child\" data-id=\"26eab2a\" data-element_type=\"container\" data-settings=\"{&quot;background_background&quot;:&quot;classic&quot;}\">\n\t\t\t\t<\/div>\n\t\t\t\t<\/div>\n\t\t\t\t<\/div>\n\t\t<div class=\"elementor-element elementor-element-479d18a e-flex e-con-boxed e-con e-parent\" data-id=\"479d18a\" data-element_type=\"container\">\n\t\t\t\t\t<div class=\"e-con-inner\">\n\t\t\t\t<div class=\"elementor-element elementor-element-c2e3a1f elementor-widget elementor-widget-heading\" data-id=\"c2e3a1f\" data-element_type=\"widget\" data-widget_type=\"heading.default\">\n\t\t\t\t<div class=\"elementor-widget-container\">\n\t\t\t\t\t<h2 class=\"elementor-heading-title elementor-size-default\">Kaj je preskus penetrabilnosti?<\/h2>\t\t\t\t<\/div>\n\t\t\t\t<\/div>\n\t\t\t\t<div class=\"elementor-element elementor-element-48ad507 elementor-widget elementor-widget-text-editor\" data-id=\"48ad507\" data-element_type=\"widget\" data-widget_type=\"text-editor.default\">\n\t\t\t\t<div class=\"elementor-widget-container\">\n\t\t\t\t\t\t\t\t\t<p><strong>Preskus prepustnosti<\/strong> meri odpornost gumijastih zama\u0161kov proti prebadanju z iglo ali drugo napravo. Ta preskus je \u0161e posebej pomemben pri zagotavljanju, da gumijasti zama\u0161ki ne bodo le ustrezno tesnili, temve\u010d tudi vzdr\u017eali vse sile med postopki polnjenja ali zapiranja v farmacevtski in medicinski embala\u017ei. Zanesljiv tester za ugotavljanje prepustnosti meri, kako zlahka igla ali podobna naprava prodre skozi zama\u0161ek, kar je bistvenega pomena za ohranjanje varnosti in funkcionalnosti izdelka.<\/p><p>Proizvajalcem ta preskus zagotavlja, da bodo zama\u0161ki med skladi\u0161\u010denjem, ravnanjem in uporabo ostali nedotaknjeni. \u0160e posebej je pomemben za tiste, ki delajo v <strong>farmacevtska embala\u017ea<\/strong>, <strong>medicinski pripomo\u010dki<\/strong>in vse vrste uporabe, kjer so gumijasti zama\u0161ki del tesnilnega sistema.<\/p>\t\t\t\t\t\t\t\t<\/div>\n\t\t\t\t<\/div>\n\t\t\t\t\t<\/div>\n\t\t\t\t<\/div>\n\t\t<div class=\"elementor-element elementor-element-12d57d9 e-flex e-con-boxed e-con e-parent\" data-id=\"12d57d9\" data-element_type=\"container\">\n\t\t\t\t\t<div class=\"e-con-inner\">\n\t\t\t\t<div class=\"elementor-element elementor-element-3c75198 elementor-widget elementor-widget-heading\" data-id=\"3c75198\" data-element_type=\"widget\" data-widget_type=\"heading.default\">\n\t\t\t\t<div class=\"elementor-widget-container\">\n\t\t\t\t\t<h2 class=\"elementor-heading-title elementor-size-default\">Preskus penetracije za gumijasti zama\u0161ek - klju\u010dni standardi presku\u0161anja<\/h2>\t\t\t\t<\/div>\n\t\t\t\t<\/div>\n\t\t\t\t<div class=\"elementor-element elementor-element-c592e60 elementor-widget elementor-widget-text-editor\" data-id=\"c592e60\" data-element_type=\"widget\" data-widget_type=\"text-editor.default\">\n\t\t\t\t<div class=\"elementor-widget-container\">\n\t\t\t\t\t\t\t\t\t<ul><li><p>Upo\u0161tevanje industrijskih standardov je bistvenega pomena za zagotovitev, da so va\u0161i gumijasti zama\u0161ki primerni za uporabo v farmacevtski in medicinski embala\u017ei. Zagotavljamo popolno skladnost z naslednjimi kriti\u010dnimi standardi:<\/p><ol><li><strong>USP 381<\/strong><br \/>Spletna stran <strong>Farmakopeja Zdru\u017eenih dr\u017eav Amerike (USP) 381<\/strong> standard dolo\u010da fizikalne lastnosti in zahteve za delovanje gumijastih zama\u0161kov, ki se uporabljajo v farmacevtski industriji. Skladnost z USP 381 zagotavlja, da zama\u0161ek izpolnjuje potrebne funkcionalne in varnostne standarde.<ul><li><strong><u>Ve\u010d o USP 381<\/u><\/strong><\/li><\/ul><\/li><li><strong>USP 382<\/strong><br \/><strong>USP 382<\/strong> vsebuje smernice za gumijaste zama\u0161ke, ki se uporabljajo pri pakiranju zdravil za injiciranje. Obravnava zahteve glede kemijske stabilnosti, zdru\u017eljivosti in odpornosti na prodiranje.<ul><li><strong><u>Preberite ve\u010d o skladnosti z USP 382<\/u><\/strong><\/li><\/ul><\/li><li><strong>ISO 8871-5<\/strong><br \/>Spletna stran <strong>ISO 8871-5<\/strong> standard dolo\u010da merila za presku\u0161anje gumijastih zama\u0161kov, ki se uporabljajo v medicinskih pripomo\u010dkih. Osredoto\u010da se na materiale, odpornost na prodiranje in delovanje pri zunanjih silah.<ul><li><strong><u>Razi\u0161\u010dite standarde ISO 8871-5<\/u><\/strong><\/li><\/ul><\/li><\/ol><\/li><\/ul>\t\t\t\t\t\t\t\t<\/div>\n\t\t\t\t<\/div>\n\t\t\t\t\t<\/div>\n\t\t\t\t<\/div>\n\t\t<div class=\"elementor-element elementor-element-3b029b0 e-flex e-con-boxed e-con e-parent\" data-id=\"3b029b0\" data-element_type=\"container\">\n\t\t\t\t\t<div class=\"e-con-inner\">\n\t\t\t\t<div class=\"elementor-element elementor-element-09228fb elementor-widget elementor-widget-heading\" data-id=\"09228fb\" data-element_type=\"widget\" data-widget_type=\"heading.default\">\n\t\t\t\t<div class=\"elementor-widget-container\">\n\t\t\t\t\t<h2 class=\"elementor-heading-title elementor-size-default\">Oprema za presku\u0161anje prepustnosti igle<\/h2>\t\t\t\t<\/div>\n\t\t\t\t<\/div>\n\t\t\t\t<div class=\"elementor-element elementor-element-56d2ff5 elementor-widget elementor-widget-text-editor\" data-id=\"56d2ff5\" data-element_type=\"widget\" data-widget_type=\"text-editor.default\">\n\t\t\t\t<div class=\"elementor-widget-container\">\n\t\t\t\t\t\t\t\t\t<p>Na\u0161 <strong>Tester prepustnosti<\/strong>\u00a0so zasnovani tako, da zagotavljajo natan\u010dne, dosledne in zanesljive rezultate pri presku\u0161anju gumijastih zama\u0161kov. Ne glede na to, ali testirate zaradi skladnosti s predpisi ali zagotavljate nadzor kakovosti v proizvodnji, na\u0161a oprema zagotavlja potrebno natan\u010dnost za u\u010dinkovito ocenjevanje odpornosti proti prodiranju.<\/p><p>Klju\u010dne zna\u010dilnosti na\u0161ega <strong>Preizku\u0161evalci prepustnosti<\/strong>:<\/p><ul><li>Natan\u010dnost in natan\u010dnost: Na\u0161i testerji zagotavljajo dosledne rezultate, ki ustrezajo najvi\u0161jim industrijskim standardom.<\/li><li>Skladnost z industrijskimi standardi: V celoti skladen s standardi USP 381, USP 382 in ISO 8871-5.<\/li><li>Uporabniku prijazen vmesnik: Enostavno upravljanje z avtomatiziranimi funkcijami poro\u010danja.<\/li><li>Zanesljivo delovanje: Zaupanje strokovnjakov v panogi zaradi natan\u010dnih in ponovljivih rezultatov.<\/li><li>Celovita podpora: Ponujamo celovito re\u0161itev: od namestitve do usposabljanja in stalne podpore.<\/li><\/ul>\t\t\t\t\t\t\t\t<\/div>\n\t\t\t\t<\/div>\n\t\t\t\t\t<\/div>\n\t\t\t\t<\/div>\n\t\t<div class=\"elementor-element elementor-element-4be815d e-con-full e-flex e-con e-parent\" data-id=\"4be815d\" data-element_type=\"container\">\n\t\t\t\t<div class=\"elementor-element elementor-element-a575706 elementor-cta--skin-classic elementor-animated-content elementor-bg-transform elementor-bg-transform-zoom-in elementor-widget elementor-widget-call-to-action\" data-id=\"a575706\" data-element_type=\"widget\" data-widget_type=\"call-to-action.default\">\n\t\t\t\t<div class=\"elementor-widget-container\">\n\t\t\t\t\t\t\t<div class=\"elementor-cta\">\n\t\t\t\t\t<div class=\"elementor-cta__bg-wrapper\">\n\t\t\t\t<div class=\"elementor-cta__bg elementor-bg\" style=\"background-image: url(https:\/\/www.puncturetest.com\/wp-content\/uploads\/2025\/02\/Elastomeric-Closures-Penetrability-Test-1024x256.webp);\" role=\"img\" aria-label=\"Preskus penetrabilnosti elastomernih zapiral\"><\/div>\n\t\t\t\t<div class=\"elementor-cta__bg-overlay\"><\/div>\n\t\t\t<\/div>\n\t\t\t\t\t\t\t<div class=\"elementor-cta__content\">\n\t\t\t\t\n\t\t\t\t\t\t\t\t\t<h2 class=\"elementor-cta__title elementor-cta__content-item elementor-content-item\">\n\t\t\t\t\t\tRazi\u0161\u010dite na\u0161 tester penetrabilnosti - stopite v stik in izvedite ve\u010d\t\t\t\t\t<\/h2>\n\t\t\t\t\n\t\t\t\t\t\t\t\t\t<div class=\"elementor-cta__description elementor-cta__content-item elementor-content-item\">\n\t\t\t\t\t\tSte pripravljeni zagotoviti, da va\u0161i gumijasti zama\u0161ki izpolnjujejo zahtevane standarde? Dostopajte do podrobnih poro\u010dil o testiranju, zahtevajte ponudbo ali se obrnite na na\u0161o ekipo za ve\u010d informacij o na\u0161ih storitvah testiranja prepustnosti.\t\t\t\t\t<\/div>\n\t\t\t\t\n\t\t\t\t\t\t\t\t\t<div class=\"elementor-cta__button-wrapper elementor-cta__content-item elementor-content-item\">\n\t\t\t\t\t<a class=\"elementor-cta__button elementor-button elementor-size-\" href=\"https:\/\/www.puncturetest.com\/sl\/contact\/\">\n\t\t\t\t\t\tPi\u0161ite nam\t\t\t\t\t<\/a>\n\t\t\t\t\t<\/div>\n\t\t\t\t\t\t\t<\/div>\n\t\t\t\t\t\t<\/div>\n\t\t\t\t\t\t<\/div>\n\t\t\t\t<\/div>\n\t\t\t\t<\/div>\n\t\t\t\t<\/div>","protected":false},"excerpt":{"rendered":"<p>Penetrability Test for Rubber Stoppers Our Penetrability Test for Rubber Stoppers ensures your products meet industry standards for durability, quality, and safety. Whether you\u2019re in the pharmaceutical, medical device, or packaging industries, ensuring that your rubber stoppers can withstand penetration forces is critical for product integrity. This test is essential for compliance with USP 381, [&hellip;]<\/p>","protected":false},"author":1,"featured_media":0,"parent":0,"menu_order":0,"comment_status":"closed","ping_status":"closed","template":"elementor_header_footer","meta":{"footnotes":""},"class_list":["post-23","page","type-page","status-publish","hentry"],"yoast_head":"<!-- This site is optimized with the Yoast SEO plugin v25.0 - https:\/\/yoast.com\/wordpress\/plugins\/seo\/ -->\n<title>Penetrability Test for Rubber Stoppers - Puncture Test<\/title>\n<meta name=\"description\" content=\"Penetrability test for rubber stoppers to ensure the elastomeric closure quality. Compliant with USP 381, USP 382, and ISO 8871-5.\" \/>\n<meta name=\"robots\" content=\"index, follow, max-snippet:-1, max-image-preview:large, max-video-preview:-1\" \/>\n<link rel=\"canonical\" href=\"https:\/\/www.puncturetest.com\/sl\/penetrability-test-for-rubber-stoppers\/\" \/>\n<meta property=\"og:locale\" content=\"sl_SI\" \/>\n<meta property=\"og:type\" content=\"article\" \/>\n<meta property=\"og:title\" content=\"Penetrability Test for Rubber Stoppers - Puncture Test\" \/>\n<meta property=\"og:description\" content=\"Penetrability test for rubber stoppers to ensure the elastomeric closure quality. Compliant with USP 381, USP 382, and ISO 8871-5.\" \/>\n<meta property=\"og:url\" content=\"https:\/\/www.puncturetest.com\/sl\/penetrability-test-for-rubber-stoppers\/\" \/>\n<meta property=\"og:site_name\" content=\"Puncture Test\" \/>\n<meta property=\"article:modified_time\" content=\"2025-07-03T07:40:44+00:00\" \/>\n<meta name=\"twitter:card\" content=\"summary_large_image\" \/>\n<meta name=\"twitter:label1\" content=\"Est. reading time\" \/>\n\t<meta name=\"twitter:data1\" content=\"3 minute\" \/>\n<script type=\"application\/ld+json\" class=\"yoast-schema-graph\">{\"@context\":\"https:\/\/schema.org\",\"@graph\":[{\"@type\":\"WebPage\",\"@id\":\"https:\/\/www.puncturetest.com\/penetrability-test-for-rubber-stoppers\/\",\"url\":\"https:\/\/www.puncturetest.com\/penetrability-test-for-rubber-stoppers\/\",\"name\":\"Penetrability Test for Rubber Stoppers - Puncture Test\",\"isPartOf\":{\"@id\":\"https:\/\/www.puncturetest.com\/#website\"},\"datePublished\":\"2025-01-08T00:50:26+00:00\",\"dateModified\":\"2025-07-03T07:40:44+00:00\",\"description\":\"Penetrability test for rubber stoppers to ensure the elastomeric closure quality. Compliant with USP 381, USP 382, and ISO 8871-5.\",\"breadcrumb\":{\"@id\":\"https:\/\/www.puncturetest.com\/penetrability-test-for-rubber-stoppers\/#breadcrumb\"},\"inLanguage\":\"sl-SI\",\"potentialAction\":[{\"@type\":\"ReadAction\",\"target\":[\"https:\/\/www.puncturetest.com\/penetrability-test-for-rubber-stoppers\/\"]}]},{\"@type\":\"BreadcrumbList\",\"@id\":\"https:\/\/www.puncturetest.com\/penetrability-test-for-rubber-stoppers\/#breadcrumb\",\"itemListElement\":[{\"@type\":\"ListItem\",\"position\":1,\"name\":\"Home\",\"item\":\"https:\/\/www.puncturetest.com\/\"},{\"@type\":\"ListItem\",\"position\":2,\"name\":\"Penetrability Test for Rubber Stoppers\"}]},{\"@type\":\"WebSite\",\"@id\":\"https:\/\/www.puncturetest.com\/#website\",\"url\":\"https:\/\/www.puncturetest.com\/\",\"name\":\"Softgel Test\",\"description\":\"Puncture and Penetrabiity Test Solutions\",\"publisher\":{\"@id\":\"https:\/\/www.puncturetest.com\/#organization\"},\"potentialAction\":[{\"@type\":\"SearchAction\",\"target\":{\"@type\":\"EntryPoint\",\"urlTemplate\":\"https:\/\/www.puncturetest.com\/?s={search_term_string}\"},\"query-input\":{\"@type\":\"PropertyValueSpecification\",\"valueRequired\":true,\"valueName\":\"search_term_string\"}}],\"inLanguage\":\"sl-SI\"},{\"@type\":\"Organization\",\"@id\":\"https:\/\/www.puncturetest.com\/#organization\",\"name\":\"Softgel Test\",\"url\":\"https:\/\/www.puncturetest.com\/\",\"logo\":{\"@type\":\"ImageObject\",\"inLanguage\":\"sl-SI\",\"@id\":\"https:\/\/www.puncturetest.com\/#\/schema\/logo\/image\/\",\"url\":\"https:\/\/www.puncturetest.com\/wp-content\/uploads\/2025\/01\/Softgel-Test-Logo.webp\",\"contentUrl\":\"https:\/\/www.puncturetest.com\/wp-content\/uploads\/2025\/01\/Softgel-Test-Logo.webp\",\"width\":836,\"height\":238,\"caption\":\"Softgel Test\"},\"image\":{\"@id\":\"https:\/\/www.puncturetest.com\/#\/schema\/logo\/image\/\"}}]}<\/script>\n<!-- \/ Yoast SEO plugin. -->","yoast_head_json":{"title":"Preskus penetrabilnosti za gumijaste zama\u0161ke - preskus z vbodom","description":"Preskus penetracije za gumijaste zama\u0161ke, da se zagotovi kakovost elastomernega zapiranja. Skladen z USP 381, USP 382 in ISO 8871-5.","robots":{"index":"index","follow":"follow","max-snippet":"max-snippet:-1","max-image-preview":"max-image-preview:large","max-video-preview":"max-video-preview:-1"},"canonical":"https:\/\/www.puncturetest.com\/sl\/penetrability-test-for-rubber-stoppers\/","og_locale":"sl_SI","og_type":"article","og_title":"Penetrability Test for Rubber Stoppers - Puncture Test","og_description":"Penetrability test for rubber stoppers to ensure the elastomeric closure quality. Compliant with USP 381, USP 382, and ISO 8871-5.","og_url":"https:\/\/www.puncturetest.com\/sl\/penetrability-test-for-rubber-stoppers\/","og_site_name":"Puncture Test","article_modified_time":"2025-07-03T07:40:44+00:00","twitter_card":"summary_large_image","twitter_misc":{"Est. reading time":"3 minute"},"schema":{"@context":"https:\/\/schema.org","@graph":[{"@type":"WebPage","@id":"https:\/\/www.puncturetest.com\/penetrability-test-for-rubber-stoppers\/","url":"https:\/\/www.puncturetest.com\/penetrability-test-for-rubber-stoppers\/","name":"Preskus penetrabilnosti za gumijaste zama\u0161ke - preskus z vbodom","isPartOf":{"@id":"https:\/\/www.puncturetest.com\/#website"},"datePublished":"2025-01-08T00:50:26+00:00","dateModified":"2025-07-03T07:40:44+00:00","description":"Preskus penetracije za gumijaste zama\u0161ke, da se zagotovi kakovost elastomernega zapiranja. Skladen z USP 381, USP 382 in ISO 8871-5.","breadcrumb":{"@id":"https:\/\/www.puncturetest.com\/penetrability-test-for-rubber-stoppers\/#breadcrumb"},"inLanguage":"sl-SI","potentialAction":[{"@type":"ReadAction","target":["https:\/\/www.puncturetest.com\/penetrability-test-for-rubber-stoppers\/"]}]},{"@type":"BreadcrumbList","@id":"https:\/\/www.puncturetest.com\/penetrability-test-for-rubber-stoppers\/#breadcrumb","itemListElement":[{"@type":"ListItem","position":1,"name":"Home","item":"https:\/\/www.puncturetest.com\/"},{"@type":"ListItem","position":2,"name":"Penetrability Test for Rubber Stoppers"}]},{"@type":"WebSite","@id":"https:\/\/www.puncturetest.com\/#website","url":"https:\/\/www.puncturetest.com\/","name":"Test Softgel","description":"Re\u0161itve za testiranje vbodov in penetracije","publisher":{"@id":"https:\/\/www.puncturetest.com\/#organization"},"potentialAction":[{"@type":"SearchAction","target":{"@type":"EntryPoint","urlTemplate":"https:\/\/www.puncturetest.com\/?s={search_term_string}"},"query-input":{"@type":"PropertyValueSpecification","valueRequired":true,"valueName":"search_term_string"}}],"inLanguage":"sl-SI"},{"@type":"Organization","@id":"https:\/\/www.puncturetest.com\/#organization","name":"Test Softgel","url":"https:\/\/www.puncturetest.com\/","logo":{"@type":"ImageObject","inLanguage":"sl-SI","@id":"https:\/\/www.puncturetest.com\/#\/schema\/logo\/image\/","url":"https:\/\/www.puncturetest.com\/wp-content\/uploads\/2025\/01\/Softgel-Test-Logo.webp","contentUrl":"https:\/\/www.puncturetest.com\/wp-content\/uploads\/2025\/01\/Softgel-Test-Logo.webp","width":836,"height":238,"caption":"Softgel Test"},"image":{"@id":"https:\/\/www.puncturetest.com\/#\/schema\/logo\/image\/"}}]}},"_links":{"self":[{"href":"https:\/\/www.puncturetest.com\/sl\/wp-json\/wp\/v2\/pages\/23","targetHints":{"allow":["GET"]}}],"collection":[{"href":"https:\/\/www.puncturetest.com\/sl\/wp-json\/wp\/v2\/pages"}],"about":[{"href":"https:\/\/www.puncturetest.com\/sl\/wp-json\/wp\/v2\/types\/page"}],"author":[{"embeddable":true,"href":"https:\/\/www.puncturetest.com\/sl\/wp-json\/wp\/v2\/users\/1"}],"replies":[{"embeddable":true,"href":"https:\/\/www.puncturetest.com\/sl\/wp-json\/wp\/v2\/comments?post=23"}],"version-history":[{"count":5,"href":"https:\/\/www.puncturetest.com\/sl\/wp-json\/wp\/v2\/pages\/23\/revisions"}],"predecessor-version":[{"id":1265,"href":"https:\/\/www.puncturetest.com\/sl\/wp-json\/wp\/v2\/pages\/23\/revisions\/1265"}],"wp:attachment":[{"href":"https:\/\/www.puncturetest.com\/sl\/wp-json\/wp\/v2\/media?parent=23"}],"curies":[{"name":"wp","href":"https:\/\/api.w.org\/{rel}","templated":true}]}}